{"id":664,"date":"2018-08-20T14:05:45","date_gmt":"2018-08-20T12:05:45","guid":{"rendered":"https:\/\/www.sundbusserne.dk\/historie\/"},"modified":"2022-01-07T18:12:38","modified_gmt":"2022-01-07T17:12:38","slug":"historie","status":"publish","type":"page","link":"https:\/\/sundbusserne.dk\/sv\/sundsbussarna\/historie\/","title":{"rendered":"Historia"},"content":{"rendered":"[vc_row type=&#8221;full_width_background&#8221; full_screen_row_position=&#8221;middle&#8221; bg_image=&#8221;39&#8243; bg_position=&#8221;left top&#8221; bg_repeat=&#8221;no-repeat&#8221; parallax_bg=&#8221;true&#8221; parallax_bg_speed=&#8221;fast&#8221; bg_color=&#8221;#ff0059&#8243; scene_position=&#8221;center&#8221; text_color=&#8221;light&#8221; text_align=&#8221;left&#8221; top_padding=&#8221;13%&#8221; bottom_padding=&#8221;19%&#8221; enable_gradient=&#8221;true&#8221; color_overlay=&#8221;#0055a5&#8243; color_overlay_2=&#8221;#1a73e2&#8243; gradient_direction=&#8221;left_t_to_right_b&#8221; overlay_strength=&#8221;0.95&#8243; enable_shape_divider=&#8221;true&#8221; shape_divider_position=&#8221;bottom&#8221; shape_divider_height=&#8221;350&#8243; shape_type=&#8221;waves_opacity_alt&#8221;][vc_column column_padding=&#8221;no-extra-padding&#8221; column_padding_position=&#8221;all&#8221; background_color_opacity=&#8221;1&#8243; background_hover_color_opacity=&#8221;1&#8243; column_link_target=&#8221;_self&#8221; column_shadow=&#8221;none&#8221; column_border_radius=&#8221;none&#8221; top_margin=&#8221;100&#8243; width=&#8221;1\/2&#8243; tablet_width_inherit=&#8221;default&#8221; tablet_text_alignment=&#8221;default&#8221; phone_text_alignment=&#8221;default&#8221; column_border_width=&#8221;none&#8221; column_border_style=&#8221;solid&#8221;][split_line_heading]\n<h1>En traditionsrik p\u00e4rla p\u00e5 \u00d6resund sedan 1958<\/h1>\n[\/split_line_heading][vc_row_inner column_margin=&#8221;default&#8221; text_align=&#8221;left&#8221;][vc_column_inner enable_animation=&#8221;true&#8221; animation=&#8221;fade-in-from-bottom&#8221; column_padding=&#8221;no-extra-padding&#8221; column_padding_position=&#8221;all&#8221; background_color_opacity=&#8221;1&#8243; background_hover_color_opacity=&#8221;1&#8243; column_shadow=&#8221;none&#8221; column_border_radius=&#8221;none&#8221; column_link_target=&#8221;_self&#8221; width=&#8221;3\/4&#8243; tablet_width_inherit=&#8221;default&#8221; column_border_width=&#8221;none&#8221; column_border_style=&#8221;solid&#8221; delay=&#8221;200&#8243;][vc_custom_heading text=&#8221;Sundbussarna \u00e4r en institution f\u00f6r Helsing\u00f6r och Helsingborg, som har en l\u00e5ng och sp\u00e4nnande historia.&#8221; font_container=&#8221;tag:h4|font_size:20|text_align:left|color:rgba(255%2C255%2C255%2C0.7)|line_height:36px&#8221; google_fonts=&#8221;font_family:Roboto%3A100%2C100italic%2C300%2C300italic%2Cregular%2Citalic%2C500%2C500italic%2C700%2C700italic%2C900%2C900italic|font_style:500%20bold%20regular%3A500%3Anormal&#8221;][\/vc_column_inner][vc_column_inner enable_animation=&#8221;true&#8221; animation=&#8221;fade-in-from-bottom&#8221; column_padding=&#8221;no-extra-padding&#8221; column_padding_position=&#8221;all&#8221; background_color_opacity=&#8221;1&#8243; background_hover_color_opacity=&#8221;1&#8243; column_shadow=&#8221;none&#8221; column_border_radius=&#8221;none&#8221; column_link_target=&#8221;_self&#8221; width=&#8221;1\/4&#8243; tablet_width_inherit=&#8221;default&#8221; column_border_width=&#8221;none&#8221; column_border_style=&#8221;solid&#8221; delay=&#8221;300&#8243;][\/vc_column_inner][\/vc_row_inner][vc_row_inner column_margin=&#8221;default&#8221; text_align=&#8221;left&#8221;][vc_column_inner enable_animation=&#8221;true&#8221; animation=&#8221;fade-in-from-bottom&#8221; column_padding=&#8221;no-extra-padding&#8221; column_padding_position=&#8221;all&#8221; background_color_opacity=&#8221;1&#8243; background_hover_color_opacity=&#8221;1&#8243; column_shadow=&#8221;none&#8221; column_border_radius=&#8221;none&#8221; column_link_target=&#8221;_self&#8221; width=&#8221;1\/1&#8243; tablet_width_inherit=&#8221;default&#8221; column_border_width=&#8221;none&#8221; column_border_style=&#8221;solid&#8221; delay=&#8221;400&#8243;][nectar_btn size=&#8221;jumbo&#8221; button_style=&#8221;see-through-2&#8243; color_override=&#8221;#ffffff&#8221; hover_color_override=&#8221;#ffffff&#8221; hover_text_color_override=&#8221;#000000&#8243; icon_family=&#8221;none&#8221; url=&#8221;#historien&#8221; text=&#8221;L\u00e4s historien&#8221; margin_top=&#8221;30&#8243;][\/vc_column_inner][\/vc_row_inner][\/vc_column][vc_column column_padding=&#8221;no-extra-padding&#8221; column_padding_position=&#8221;all&#8221; background_color_opacity=&#8221;1&#8243; background_hover_color_opacity=&#8221;1&#8243; column_link_target=&#8221;_self&#8221; column_shadow=&#8221;none&#8221; column_border_radius=&#8221;none&#8221; width=&#8221;1\/2&#8243; tablet_width_inherit=&#8221;default&#8221; tablet_text_alignment=&#8221;default&#8221; phone_text_alignment=&#8221;default&#8221; column_border_width=&#8221;none&#8221; column_border_style=&#8221;solid&#8221;][\/vc_column][\/vc_row][vc_row type=&#8221;full_width_background&#8221; full_screen_row_position=&#8221;middle&#8221; bg_color=&#8221;#ffffff&#8221; scene_position=&#8221;center&#8221; text_color=&#8221;dark&#8221; text_align=&#8221;left&#8221; top_padding=&#8221;8%&#8221; bottom_padding=&#8221;10%&#8221; overlay_strength=&#8221;0.3&#8243; shape_divider_position=&#8221;bottom&#8221; shape_type=&#8221;&#8221;][vc_column centered_text=&#8221;true&#8221; column_padding=&#8221;no-extra-padding&#8221; column_padding_position=&#8221;all&#8221; background_color_opacity=&#8221;1&#8243; background_hover_color_opacity=&#8221;1&#8243; column_link_target=&#8221;_self&#8221; column_shadow=&#8221;none&#8221; column_border_radius=&#8221;none&#8221; width=&#8221;1\/1&#8243; tablet_width_inherit=&#8221;default&#8221; tablet_text_alignment=&#8221;default&#8221; phone_text_alignment=&#8221;default&#8221; column_border_width=&#8221;none&#8221; column_border_style=&#8221;solid&#8221;][vc_custom_heading text=&#8221;Sedan 1958 har Sundbussarna seglat passagerare mellan Helsing\u00f6r och Helsingborg, och rutten \u00e4r idag en institution f\u00f6r sig b\u00e5de f\u00f6r danska och svenskar.&#8221; font_container=&#8221;tag:h1|text_align:center|color:%230055a5&#8243; google_fonts=&#8221;font_family:Titillium%20Web%3A200%2C200italic%2C300%2C300italic%2Cregular%2Citalic%2C600%2C600italic%2C700%2C700italic%2C900|font_style:400%20regular%3A400%3Anormal&#8221;][vc_row_inner column_margin=&#8221;default&#8221; text_align=&#8221;left&#8221;][vc_column_inner column_padding=&#8221;no-extra-padding&#8221; column_padding_position=&#8221;all&#8221; background_color_opacity=&#8221;1&#8243; background_hover_color_opacity=&#8221;1&#8243; column_shadow=&#8221;none&#8221; column_border_radius=&#8221;none&#8221; column_link_target=&#8221;_self&#8221; width=&#8221;1\/1&#8243; tablet_width_inherit=&#8221;default&#8221; column_border_width=&#8221;none&#8221; column_border_style=&#8221;solid&#8221;][\/vc_column_inner][\/vc_row_inner][\/vc_column][\/vc_row][vc_row type=&#8221;full_width_content&#8221; full_screen_row_position=&#8221;middle&#8221; equal_height=&#8221;yes&#8221; content_placement=&#8221;middle&#8221; full_height=&#8221;yes&#8221; columns_placement=&#8221;stretch&#8221; scene_position=&#8221;center&#8221; text_color=&#8221;dark&#8221; text_align=&#8221;left&#8221; id=&#8221;historien&#8221; overlay_strength=&#8221;0.3&#8243; shape_divider_position=&#8221;bottom&#8221; shape_type=&#8221;&#8221;][vc_column column_padding=&#8221;no-extra-padding&#8221; column_padding_position=&#8221;bottom-right&#8221; background_color_opacity=&#8221;1&#8243; background_hover_color_opacity=&#8221;1&#8243; background_image=&#8221;415&#8243; column_link_target=&#8221;_self&#8221; column_shadow=&#8221;none&#8221; column_border_radius=&#8221;none&#8221; width=&#8221;1\/2&#8243; tablet_width_inherit=&#8221;default&#8221; tablet_text_alignment=&#8221;default&#8221; phone_text_alignment=&#8221;default&#8221; column_border_width=&#8221;none&#8221; column_border_style=&#8221;solid&#8221;][divider line_type=&#8221;No Line&#8221; custom_height=&#8221;500&#8243;][\/vc_column][vc_column column_padding=&#8221;padding-8-percent&#8221; column_padding_position=&#8221;all&#8221; background_color=&#8221;#ffffff&#8221; background_color_opacity=&#8221;1&#8243; background_hover_color_opacity=&#8221;1&#8243; column_link_target=&#8221;_self&#8221; column_shadow=&#8221;none&#8221; column_border_radius=&#8221;none&#8221; width=&#8221;1\/2&#8243; tablet_width_inherit=&#8221;default&#8221; tablet_text_alignment=&#8221;default&#8221; phone_text_alignment=&#8221;default&#8221; column_border_width=&#8221;none&#8221; column_border_style=&#8221;solid&#8221;][vc_custom_heading text=&#8221;Det b\u00f6rjade med ett beslut att utmana t\u00e5g och bilf\u00e4rjor&#8221; font_container=&#8221;tag:h2|font_size:42|text_align:left|line_height:52px&#8221; use_theme_fonts=&#8221;yes&#8221;][vc_column_text css=&#8221;.vc_custom_1641575499581{margin-top: 30px !important;margin-bottom: 30px !important;}&#8221;]<span style=\"font-weight: 400;\">Sundsbussarnas historia b\u00f6rjade 1958, n\u00e4r d\u00e5varande skeppsredare Ragnar Moltzau senior beslutat att utmana t\u00e5g och bilf\u00e4rjorna p\u00e5 rutten Helsing\u00f6r-Helsingborg.\u00a0<\/span><span style=\"font-weight: 400;\">De nya Sundsbussarna tog inte t\u00e5g, bussar, bilar eller lastbilar, utan bara g\u00e5ende passagerare. D\u00e4rf\u00f6r var de avsedda f\u00f6r m\u00e4nniskor och inte fordon.<\/span><\/p>\n<p><span style=\"font-weight: 400;\">\u200b<\/span><span style=\"font-weight: 400;\">I mars 1958 b\u00f6rjade f\u00e4rjorna Henrik och Pernille att trafikera och gick under namnet Sundbusserne. Snart kom Jeppe till med en kapacitet p\u00e5 160 passagerare, och en framg\u00e5ng var f\u00f6dd.<\/span><\/p>\n<p><span style=\"font-weight: 400;\">Vid ett tillf\u00e4lle var fyra fartyg i drift samtidigt, och p\u00e5 en enda dag seglade man 96 enkelresor och servade \u00f6ver 18000 bes\u00f6kare.<\/span><\/p>\n<p><span style=\"font-weight: 400;\">\u200b<\/span><span style=\"font-weight: 400;\">Det tog inte m\u00e5nga \u00e5r f\u00f6r Sundsbussarna att etablera sig som en permanent institution f\u00f6r b\u00e5de danskar och svenskar. Fartygen byggdes f\u00f6r folket och deras trafik. Dom som kom fj\u00e4rran ifr\u00e5n, tog bil- och t\u00e5gf\u00e4rjan, medan Sundsbussarna blev en fast f\u00f6rbindelse f\u00f6r de lokala och blev en livlina \u00f6ver \u00d6resund. <\/span><\/p>\n<p><span style=\"font-weight: 400;\">\u200b<\/span><span style=\"font-weight: 400;\">I b\u00e5de Helsing\u00f6r och Helsingborg uppfattade man d\u00e5, som i dag, rutten som sitt egen, d\u00e5 n\u00e4stan alla har upplevt n\u00e5gon viktig h\u00e4ndelse i deras liv, som har \u00e4gt rum p\u00e5 och omkring Sundbussarna.<\/span><\/p>\n<p><span style=\"font-weight: 400;\">\u200b<\/span><span style=\"font-weight: 400;\">Efter en kort uppeh\u00e5ll b\u00f6rjar Sundsbussarna \u00e5terigen att segla \u00e5r 2010, men nu med nya \u00e4gare. Och precis som f\u00f6rr i tiden kallas fartyget M\/S Pernille.\u00a0<\/span><\/p>\n<p><span style=\"font-weight: 400;\">\u200b<\/span><span style=\"font-weight: 400;\">Sedan 2010 seglade M\/S Pernille s\u00e5ledes hundratusentals glada passagerare fram och tillbaka mellan Helsing\u00f6r och Helsingborg. Ut\u00f6ver den h\u00e4rliga och speciella atmosf\u00e4ren ombord, v\u00e4rnar vi om de alltid lika goda och uppskattade danska &#8217;sm\u00f8rrebr\u00f8d&#8217; som du finner ombord. Liksom de \u00e5terkommande musikaliska evenemangen Tura Live och v\u00e5ra uppskattade andra event p\u00e5 Sundet.<\/span>[\/vc_column_text][\/vc_column][\/vc_row]\n","protected":false},"excerpt":{"rendered":"<p>[vc_row type=&#8221;full_width_background&#8221; full_screen_row_position=&#8221;middle&#8221; bg_image=&#8221;39&#8243; bg_position=&#8221;left top&#8221; bg_repeat=&#8221;no-repeat&#8221; parallax_bg=&#8221;true&#8221; parallax_bg_speed=&#8221;fast&#8221; bg_color=&#8221;#ff0059&#8243; scene_position=&#8221;center&#8221; text_color=&#8221;light&#8221; text_align=&#8221;left&#8221; top_padding=&#8221;13%&#8221; bottom_padding=&#8221;19%&#8221; enable_gradient=&#8221;true&#8221; color_overlay=&#8221;#0055a5&#8243; color_overlay_2=&#8221;#1a73e2&#8243; gradient_direction=&#8221;left_t_to_right_b&#8221; overlay_strength=&#8221;0.95&#8243; enable_shape_divider=&#8221;true&#8221; shape_divider_position=&#8221;bottom&#8221; shape_divider_height=&#8221;350&#8243; shape_type=&#8221;waves_opacity_alt&#8221;][vc_column column_padding=&#8221;no-extra-padding&#8221; column_padding_position=&#8221;all&#8221; background_color_opacity=&#8221;1&#8243; background_hover_color_opacity=&#8221;1&#8243; column_link_target=&#8221;_self&#8221; column_shadow=&#8221;none&#8221;&#8230;<\/p>\n","protected":false},"author":1,"featured_media":0,"parent":1953,"menu_order":0,"comment_status":"closed","ping_status":"closed","template":"","meta":{"_acf_changed":false,"footnotes":""},"class_list":["post-664","page","type-page","status-publish"],"acf":[],"yoast_head":"<!-- This site is optimized with the Yoast SEO plugin v23.9 - https:\/\/yoast.com\/wordpress\/plugins\/seo\/ -->\n<title>Historia - Sundbusserne<\/title>\n<meta name=\"description\" content=\"Sundsbussarna \u00e4r en institution f\u00f6r Helsing\u00f6r och Helsingborg, som har en l\u00e5ng och sp\u00e4nnande historia. Kom ombord och var med i historian.\" \/>\n<meta name=\"robots\" content=\"index, follow, max-snippet:-1, max-image-preview:large, max-video-preview:-1\" \/>\n<link rel=\"canonical\" href=\"https:\/\/sundbusserne.dk\/sv\/sundsbussarna\/historie\/\" \/>\n<meta property=\"og:locale\" content=\"sv_SE\" \/>\n<meta property=\"og:type\" content=\"article\" \/>\n<meta property=\"og:title\" content=\"Historia - Sundbusserne\" \/>\n<meta property=\"og:description\" content=\"Sundsbussarna \u00e4r en institution f\u00f6r Helsing\u00f6r och Helsingborg, som har en l\u00e5ng och sp\u00e4nnande historia. Kom ombord och var med i historian.\" \/>\n<meta property=\"og:url\" content=\"https:\/\/sundbusserne.dk\/sv\/sundsbussarna\/historie\/\" \/>\n<meta property=\"og:site_name\" content=\"Sundbusserne\" \/>\n<meta property=\"article:publisher\" content=\"https:\/\/www.facebook.com\/sundbusserne\/\" \/>\n<meta property=\"article:modified_time\" content=\"2022-01-07T17:12:38+00:00\" \/>\n<meta name=\"twitter:card\" content=\"summary_large_image\" \/>\n<meta name=\"twitter:label1\" content=\"Ber\u00e4knad l\u00e4stid\" \/>\n\t<meta name=\"twitter:data1\" content=\"6 minuter\" \/>\n<script type=\"application\/ld+json\" class=\"yoast-schema-graph\">{\"@context\":\"https:\/\/schema.org\",\"@graph\":[{\"@type\":\"WebPage\",\"@id\":\"https:\/\/sundbusserne.dk\/sv\/sundsbussarna\/historie\/\",\"url\":\"https:\/\/sundbusserne.dk\/sv\/sundsbussarna\/historie\/\",\"name\":\"Historia - Sundbusserne\",\"isPartOf\":{\"@id\":\"https:\/\/sundbusserne.dk\/sv\/#website\"},\"datePublished\":\"2018-08-20T12:05:45+00:00\",\"dateModified\":\"2022-01-07T17:12:38+00:00\",\"description\":\"Sundsbussarna \u00e4r en institution f\u00f6r Helsing\u00f6r och Helsingborg, som har en l\u00e5ng och sp\u00e4nnande historia. Kom ombord och var med i historian.\",\"breadcrumb\":{\"@id\":\"https:\/\/sundbusserne.dk\/sv\/sundsbussarna\/historie\/#breadcrumb\"},\"inLanguage\":\"sv-SE\",\"potentialAction\":[{\"@type\":\"ReadAction\",\"target\":[\"https:\/\/sundbusserne.dk\/sv\/sundsbussarna\/historie\/\"]}]},{\"@type\":\"BreadcrumbList\",\"@id\":\"https:\/\/sundbusserne.dk\/sv\/sundsbussarna\/historie\/#breadcrumb\",\"itemListElement\":[{\"@type\":\"ListItem\",\"position\":1,\"name\":\"Hjem\",\"item\":\"https:\/\/sundbusserne.dk\/sv\/\"},{\"@type\":\"ListItem\",\"position\":2,\"name\":\"Sundsbussarna\",\"item\":\"https:\/\/sundbusserne.dk\/sv\/sundsbussarna\/\"},{\"@type\":\"ListItem\",\"position\":3,\"name\":\"Historia\"}]},{\"@type\":\"WebSite\",\"@id\":\"https:\/\/sundbusserne.dk\/sv\/#website\",\"url\":\"https:\/\/sundbusserne.dk\/sv\/\",\"name\":\"Sundbusserne\",\"description\":\"Hyggeligste tur over \u00d8resund\",\"publisher\":{\"@id\":\"https:\/\/sundbusserne.dk\/sv\/#organization\"},\"potentialAction\":[{\"@type\":\"SearchAction\",\"target\":{\"@type\":\"EntryPoint\",\"urlTemplate\":\"https:\/\/sundbusserne.dk\/sv\/?s={search_term_string}\"},\"query-input\":{\"@type\":\"PropertyValueSpecification\",\"valueRequired\":true,\"valueName\":\"search_term_string\"}}],\"inLanguage\":\"sv-SE\"},{\"@type\":\"Organization\",\"@id\":\"https:\/\/sundbusserne.dk\/sv\/#organization\",\"name\":\"Sundbusserne\",\"url\":\"https:\/\/sundbusserne.dk\/sv\/\",\"logo\":{\"@type\":\"ImageObject\",\"inLanguage\":\"sv-SE\",\"@id\":\"https:\/\/sundbusserne.dk\/sv\/#\/schema\/logo\/image\/\",\"url\":\"https:\/\/sundbusserne.dk\/wp-content\/uploads\/2018\/10\/logo_mtxt.png\",\"contentUrl\":\"https:\/\/sundbusserne.dk\/wp-content\/uploads\/2018\/10\/logo_mtxt.png\",\"width\":482,\"height\":359,\"caption\":\"Sundbusserne\"},\"image\":{\"@id\":\"https:\/\/sundbusserne.dk\/sv\/#\/schema\/logo\/image\/\"},\"sameAs\":[\"https:\/\/www.facebook.com\/sundbusserne\/\"]}]}<\/script>\n<!-- \/ Yoast SEO plugin. -->","yoast_head_json":{"title":"Historia - Sundbusserne","description":"Sundsbussarna \u00e4r en institution f\u00f6r Helsing\u00f6r och Helsingborg, som har en l\u00e5ng och sp\u00e4nnande historia. Kom ombord och var med i historian.","robots":{"index":"index","follow":"follow","max-snippet":"max-snippet:-1","max-image-preview":"max-image-preview:large","max-video-preview":"max-video-preview:-1"},"canonical":"https:\/\/sundbusserne.dk\/sv\/sundsbussarna\/historie\/","og_locale":"sv_SE","og_type":"article","og_title":"Historia - Sundbusserne","og_description":"Sundsbussarna \u00e4r en institution f\u00f6r Helsing\u00f6r och Helsingborg, som har en l\u00e5ng och sp\u00e4nnande historia. Kom ombord och var med i historian.","og_url":"https:\/\/sundbusserne.dk\/sv\/sundsbussarna\/historie\/","og_site_name":"Sundbusserne","article_publisher":"https:\/\/www.facebook.com\/sundbusserne\/","article_modified_time":"2022-01-07T17:12:38+00:00","twitter_card":"summary_large_image","twitter_misc":{"Ber\u00e4knad l\u00e4stid":"6 minuter"},"schema":{"@context":"https:\/\/schema.org","@graph":[{"@type":"WebPage","@id":"https:\/\/sundbusserne.dk\/sv\/sundsbussarna\/historie\/","url":"https:\/\/sundbusserne.dk\/sv\/sundsbussarna\/historie\/","name":"Historia - Sundbusserne","isPartOf":{"@id":"https:\/\/sundbusserne.dk\/sv\/#website"},"datePublished":"2018-08-20T12:05:45+00:00","dateModified":"2022-01-07T17:12:38+00:00","description":"Sundsbussarna \u00e4r en institution f\u00f6r Helsing\u00f6r och Helsingborg, som har en l\u00e5ng och sp\u00e4nnande historia. Kom ombord och var med i historian.","breadcrumb":{"@id":"https:\/\/sundbusserne.dk\/sv\/sundsbussarna\/historie\/#breadcrumb"},"inLanguage":"sv-SE","potentialAction":[{"@type":"ReadAction","target":["https:\/\/sundbusserne.dk\/sv\/sundsbussarna\/historie\/"]}]},{"@type":"BreadcrumbList","@id":"https:\/\/sundbusserne.dk\/sv\/sundsbussarna\/historie\/#breadcrumb","itemListElement":[{"@type":"ListItem","position":1,"name":"Hjem","item":"https:\/\/sundbusserne.dk\/sv\/"},{"@type":"ListItem","position":2,"name":"Sundsbussarna","item":"https:\/\/sundbusserne.dk\/sv\/sundsbussarna\/"},{"@type":"ListItem","position":3,"name":"Historia"}]},{"@type":"WebSite","@id":"https:\/\/sundbusserne.dk\/sv\/#website","url":"https:\/\/sundbusserne.dk\/sv\/","name":"Sundbusserne","description":"Hyggeligste tur over \u00d8resund","publisher":{"@id":"https:\/\/sundbusserne.dk\/sv\/#organization"},"potentialAction":[{"@type":"SearchAction","target":{"@type":"EntryPoint","urlTemplate":"https:\/\/sundbusserne.dk\/sv\/?s={search_term_string}"},"query-input":{"@type":"PropertyValueSpecification","valueRequired":true,"valueName":"search_term_string"}}],"inLanguage":"sv-SE"},{"@type":"Organization","@id":"https:\/\/sundbusserne.dk\/sv\/#organization","name":"Sundbusserne","url":"https:\/\/sundbusserne.dk\/sv\/","logo":{"@type":"ImageObject","inLanguage":"sv-SE","@id":"https:\/\/sundbusserne.dk\/sv\/#\/schema\/logo\/image\/","url":"https:\/\/sundbusserne.dk\/wp-content\/uploads\/2018\/10\/logo_mtxt.png","contentUrl":"https:\/\/sundbusserne.dk\/wp-content\/uploads\/2018\/10\/logo_mtxt.png","width":482,"height":359,"caption":"Sundbusserne"},"image":{"@id":"https:\/\/sundbusserne.dk\/sv\/#\/schema\/logo\/image\/"},"sameAs":["https:\/\/www.facebook.com\/sundbusserne\/"]}]}},"publishpress_future_action":{"enabled":false,"date":"2026-05-07 23:33:30","action":"change-status","newStatus":"draft","terms":[],"taxonomy":"translation_priority"},"_links":{"self":[{"href":"https:\/\/sundbusserne.dk\/sv\/wp-json\/wp\/v2\/pages\/664","targetHints":{"allow":["GET"]}}],"collection":[{"href":"https:\/\/sundbusserne.dk\/sv\/wp-json\/wp\/v2\/pages"}],"about":[{"href":"https:\/\/sundbusserne.dk\/sv\/wp-json\/wp\/v2\/types\/page"}],"author":[{"embeddable":true,"href":"https:\/\/sundbusserne.dk\/sv\/wp-json\/wp\/v2\/users\/1"}],"replies":[{"embeddable":true,"href":"https:\/\/sundbusserne.dk\/sv\/wp-json\/wp\/v2\/comments?post=664"}],"version-history":[{"count":0,"href":"https:\/\/sundbusserne.dk\/sv\/wp-json\/wp\/v2\/pages\/664\/revisions"}],"up":[{"embeddable":true,"href":"https:\/\/sundbusserne.dk\/sv\/wp-json\/wp\/v2\/pages\/1953"}],"wp:attachment":[{"href":"https:\/\/sundbusserne.dk\/sv\/wp-json\/wp\/v2\/media?parent=664"}],"curies":[{"name":"wp","href":"https:\/\/api.w.org\/{rel}","templated":true}]}}