{"id":31392,"date":"2025-03-17T16:41:08","date_gmt":"2025-03-17T15:41:08","guid":{"rendered":"https:\/\/sundbusserne.dk\/?page_id=31392"},"modified":"2025-04-07T14:30:48","modified_gmt":"2025-04-07T12:30:48","slug":"lagprisbiljetter","status":"publish","type":"page","link":"https:\/\/sundbusserne.dk\/sv\/resan\/lagprisbiljetter\/","title":{"rendered":"L\u00e5gprisbiljetter"},"content":{"rendered":"[vc_row type=&#8221;full_width_background&#8221; full_screen_row_position=&#8221;middle&#8221; column_margin=&#8221;default&#8221; equal_height=&#8221;yes&#8221; content_placement=&#8221;middle&#8221; column_direction=&#8221;default&#8221; column_direction_tablet=&#8221;default&#8221; column_direction_phone=&#8221;default&#8221; bg_image=&#8221;39&#8243; bg_position=&#8221;center center&#8221; background_image_loading=&#8221;default&#8221; bg_repeat=&#8221;no-repeat&#8221; scene_position=&#8221;center&#8221; top_padding=&#8221;8%&#8221; bottom_padding=&#8221;6%&#8221; text_color=&#8221;dark&#8221; text_align=&#8221;left&#8221; row_border_radius=&#8221;none&#8221; row_border_radius_applies=&#8221;bg&#8221; overflow=&#8221;visible&#8221; color_overlay=&#8221;#0055a5&#8243; overlay_strength=&#8221;0.8&#8243; gradient_direction=&#8221;left_to_right&#8221; enable_shape_divider=&#8221;true&#8221; shape_divider_position=&#8221;bottom&#8221; bg_image_animation=&#8221;none&#8221; shape_type=&#8221;curve_opacity&#8221;][vc_column column_padding=&#8221;no-extra-padding&#8221; column_padding_tablet=&#8221;inherit&#8221; column_padding_phone=&#8221;inherit&#8221; column_padding_position=&#8221;all&#8221; column_element_direction_desktop=&#8221;default&#8221; column_element_spacing=&#8221;default&#8221; desktop_text_alignment=&#8221;default&#8221; tablet_text_alignment=&#8221;default&#8221; phone_text_alignment=&#8221;default&#8221; background_color_opacity=&#8221;1&#8243; background_hover_color_opacity=&#8221;1&#8243; column_backdrop_filter=&#8221;none&#8221; column_shadow=&#8221;none&#8221; column_border_radius=&#8221;none&#8221; column_link_target=&#8221;_self&#8221; column_position=&#8221;default&#8221; gradient_direction=&#8221;left_to_right&#8221; overlay_strength=&#8221;0.3&#8243; width=&#8221;1\/1&#8243; tablet_width_inherit=&#8221;default&#8221; animation_type=&#8221;default&#8221; bg_image_animation=&#8221;none&#8221; border_type=&#8221;simple&#8221; column_border_width=&#8221;none&#8221; column_border_style=&#8221;solid&#8221;][vc_custom_heading text=&#8221;Biljetter via app&#8221; font_container=&#8221;tag:h1|text_align:center|color:%23ffffff&#8221; use_theme_fonts=&#8221;yes&#8221;][\/vc_column][\/vc_row][vc_row type=&#8221;full_width_background&#8221; full_screen_row_position=&#8221;middle&#8221; column_margin=&#8221;default&#8221; column_direction=&#8221;default&#8221; column_direction_tablet=&#8221;default&#8221; column_direction_phone=&#8221;default&#8221; bg_color=&#8221;#ffffff&#8221; scene_position=&#8221;center&#8221; bottom_padding=&#8221;8%&#8221; text_color=&#8221;dark&#8221; text_align=&#8221;left&#8221; row_border_radius=&#8221;none&#8221; row_border_radius_applies=&#8221;bg&#8221; overflow=&#8221;visible&#8221; id=&#8221;pris-sektion&#8221; overlay_strength=&#8221;0.3&#8243; gradient_direction=&#8221;left_to_right&#8221; shape_divider_position=&#8221;bottom&#8221; bg_image_animation=&#8221;none&#8221; shape_type=&#8221;&#8221;][vc_column column_padding=&#8221;padding-3-percent&#8221; column_padding_tablet=&#8221;inherit&#8221; column_padding_phone=&#8221;inherit&#8221; column_padding_position=&#8221;top&#8221; column_element_direction_desktop=&#8221;default&#8221; column_element_spacing=&#8221;default&#8221; desktop_text_alignment=&#8221;default&#8221; tablet_text_alignment=&#8221;default&#8221; phone_text_alignment=&#8221;default&#8221; background_color_opacity=&#8221;1&#8243; background_hover_color_opacity=&#8221;1&#8243; column_backdrop_filter=&#8221;none&#8221; font_color=&#8221;#0a0a0a&#8221; column_shadow=&#8221;none&#8221; column_border_radius=&#8221;none&#8221; column_link_target=&#8221;_self&#8221; column_position=&#8221;default&#8221; gradient_direction=&#8221;left_to_right&#8221; overlay_strength=&#8221;0.3&#8243; width=&#8221;1\/1&#8243; tablet_width_inherit=&#8221;default&#8221; animation_type=&#8221;default&#8221; bg_image_animation=&#8221;none&#8221; border_type=&#8221;simple&#8221; column_border_width=&#8221;none&#8221; column_border_style=&#8221;solid&#8221;][vc_column_text text_direction=&#8221;default&#8221;]\n<h2>Sundsbussarna lanserar biljetter via app!<\/h2>\n<h2><\/h2>\n<p>Nu kan du k\u00f6pa appbiljetter online via v\u00e5r QR-kod. Skanna QR-koden och f\u00f6lj instruktionerna.[\/vc_column_text][\/vc_column][\/vc_row][vc_row type=&#8221;in_container&#8221; full_screen_row_position=&#8221;middle&#8221; column_margin=&#8221;default&#8221; column_direction=&#8221;default&#8221; column_direction_tablet=&#8221;default&#8221; column_direction_phone=&#8221;default&#8221; scene_position=&#8221;center&#8221; text_color=&#8221;dark&#8221; text_align=&#8221;left&#8221; row_border_radius=&#8221;none&#8221; row_border_radius_applies=&#8221;bg&#8221; overflow=&#8221;visible&#8221; overlay_strength=&#8221;0.3&#8243; gradient_direction=&#8221;left_to_right&#8221; shape_divider_position=&#8221;bottom&#8221; bg_image_animation=&#8221;none&#8221;][vc_column column_padding=&#8221;no-extra-padding&#8221; column_padding_tablet=&#8221;inherit&#8221; column_padding_phone=&#8221;inherit&#8221; column_padding_position=&#8221;all&#8221; column_element_direction_desktop=&#8221;default&#8221; column_element_spacing=&#8221;default&#8221; desktop_text_alignment=&#8221;default&#8221; tablet_text_alignment=&#8221;default&#8221; phone_text_alignment=&#8221;default&#8221; background_color_opacity=&#8221;1&#8243; background_hover_color_opacity=&#8221;1&#8243; column_backdrop_filter=&#8221;none&#8221; column_shadow=&#8221;none&#8221; column_border_radius=&#8221;none&#8221; column_link_target=&#8221;_self&#8221; column_position=&#8221;default&#8221; gradient_direction=&#8221;left_to_right&#8221; overlay_strength=&#8221;0.3&#8243; width=&#8221;1\/1&#8243; tablet_width_inherit=&#8221;default&#8221; animation_type=&#8221;default&#8221; bg_image_animation=&#8221;none&#8221; border_type=&#8221;simple&#8221; column_border_width=&#8221;none&#8221; column_border_style=&#8221;solid&#8221;][vc_column_text text_direction=&#8221;default&#8221;]\n<h3>Hur fungerar biljetter via app?<\/h3>\n<ul>\n<li>Scanna QR-koden p\u00e5 din smartphone<\/li>\n<li>F\u00f6lj instruktionerna, tryck p\u00e5 ikonen och klicka p\u00e5 &#8221;L\u00e4gg till p\u00e5 hemsk\u00e4rmen&#8221;<\/li>\n<li>V\u00e4lj din biljett och fyll i dina uppgifter<\/li>\n<li>Genomf\u00f6r betalningen och ha biljetten redo vid landg\u00e5ngen<\/li>\n<\/ul>\n<p><img fetchpriority=\"high\" decoding=\"async\" class=\"size-medium wp-image-31001 alignright\" src=\"https:\/\/sundbusserne.dk\/wp-content\/uploads\/2025\/01\/qr-code-300x300.jpg\" alt=\"\" width=\"300\" height=\"300\" srcset=\"https:\/\/sundbusserne.dk\/wp-content\/uploads\/2025\/01\/qr-code-300x300.jpg 300w, https:\/\/sundbusserne.dk\/wp-content\/uploads\/2025\/01\/qr-code-1024x1024.jpg 1024w, https:\/\/sundbusserne.dk\/wp-content\/uploads\/2025\/01\/qr-code-150x150.jpg 150w, https:\/\/sundbusserne.dk\/wp-content\/uploads\/2025\/01\/qr-code-768x768.jpg 768w, https:\/\/sundbusserne.dk\/wp-content\/uploads\/2025\/01\/qr-code-140x140.jpg 140w, https:\/\/sundbusserne.dk\/wp-content\/uploads\/2025\/01\/qr-code-100x100.jpg 100w, https:\/\/sundbusserne.dk\/wp-content\/uploads\/2025\/01\/qr-code-500x500.jpg 500w, https:\/\/sundbusserne.dk\/wp-content\/uploads\/2025\/01\/qr-code-350x350.jpg 350w, https:\/\/sundbusserne.dk\/wp-content\/uploads\/2025\/01\/qr-code-1000x1000.jpg 1000w, https:\/\/sundbusserne.dk\/wp-content\/uploads\/2025\/01\/qr-code-800x800.jpg 800w, https:\/\/sundbusserne.dk\/wp-content\/uploads\/2025\/01\/qr-code.jpg 1155w\" sizes=\"(max-width: 300px) 100vw, 300px\" \/>[\/vc_column_text][\/vc_column][\/vc_row]\n","protected":false},"excerpt":{"rendered":"<p>[vc_row type=&#8221;full_width_background&#8221; full_screen_row_position=&#8221;middle&#8221; column_margin=&#8221;default&#8221; equal_height=&#8221;yes&#8221; content_placement=&#8221;middle&#8221; column_direction=&#8221;default&#8221; column_direction_tablet=&#8221;default&#8221; column_direction_phone=&#8221;default&#8221; bg_image=&#8221;39&#8243; bg_position=&#8221;center center&#8221; background_image_loading=&#8221;default&#8221; bg_repeat=&#8221;no-repeat&#8221; scene_position=&#8221;center&#8221; top_padding=&#8221;8%&#8221; bottom_padding=&#8221;6%&#8221; text_color=&#8221;dark&#8221; text_align=&#8221;left&#8221; row_border_radius=&#8221;none&#8221; row_border_radius_applies=&#8221;bg&#8221; overflow=&#8221;visible&#8221; color_overlay=&#8221;#0055a5&#8243; overlay_strength=&#8221;0.8&#8243; gradient_direction=&#8221;left_to_right&#8221; enable_shape_divider=&#8221;true&#8221; shape_divider_position=&#8221;bottom&#8221; bg_image_animation=&#8221;none&#8221; shape_type=&#8221;curve_opacity&#8221;][vc_column column_padding=&#8221;no-extra-padding&#8221;&#8230;<\/p>\n","protected":false},"author":42,"featured_media":0,"parent":1047,"menu_order":0,"comment_status":"closed","ping_status":"closed","template":"","meta":{"_acf_changed":false,"footnotes":""},"class_list":["post-31392","page","type-page","status-publish"],"acf":[],"yoast_head":"<!-- This site is optimized with the Yoast SEO plugin v23.9 - https:\/\/yoast.com\/wordpress\/plugins\/seo\/ -->\n<title>L\u00e5gprisbiljetter - Sundbusserne<\/title>\n<meta name=\"description\" content=\"Alltid billiga f\u00e4rjebiljetter p\u00e5 Sundsbussarna. Med v\u00e5ra priser kan alla vara med och samtidigt f\u00e5 h\u00e4rliga upplevelser p\u00e5 sj\u00f6n och i land.\" \/>\n<meta name=\"robots\" content=\"index, follow, max-snippet:-1, max-image-preview:large, max-video-preview:-1\" \/>\n<link rel=\"canonical\" href=\"https:\/\/sundbusserne.dk\/sv\/resan\/lagprisbiljetter\/\" \/>\n<meta property=\"og:locale\" content=\"sv_SE\" \/>\n<meta property=\"og:type\" content=\"article\" \/>\n<meta property=\"og:title\" content=\"L\u00e5gprisbiljetter - Sundbusserne\" \/>\n<meta property=\"og:description\" content=\"Alltid billiga f\u00e4rjebiljetter p\u00e5 Sundsbussarna. Med v\u00e5ra priser kan alla vara med och samtidigt f\u00e5 h\u00e4rliga upplevelser p\u00e5 sj\u00f6n och i land.\" \/>\n<meta property=\"og:url\" content=\"https:\/\/sundbusserne.dk\/sv\/resan\/lagprisbiljetter\/\" \/>\n<meta property=\"og:site_name\" content=\"Sundbusserne\" \/>\n<meta property=\"article:publisher\" content=\"https:\/\/www.facebook.com\/sundbusserne\/\" \/>\n<meta property=\"article:modified_time\" content=\"2025-04-07T12:30:48+00:00\" \/>\n<meta property=\"og:image\" content=\"https:\/\/sundbusserne.dk\/wp-content\/uploads\/2025\/01\/qr-code.jpg\" \/>\n\t<meta property=\"og:image:width\" content=\"1155\" \/>\n\t<meta property=\"og:image:height\" content=\"1155\" \/>\n\t<meta property=\"og:image:type\" content=\"image\/jpeg\" \/>\n<meta name=\"twitter:card\" content=\"summary_large_image\" \/>\n<meta name=\"twitter:label1\" content=\"Ber\u00e4knad l\u00e4stid\" \/>\n\t<meta name=\"twitter:data1\" content=\"3 minuter\" \/>\n<script type=\"application\/ld+json\" class=\"yoast-schema-graph\">{\"@context\":\"https:\/\/schema.org\",\"@graph\":[{\"@type\":\"WebPage\",\"@id\":\"https:\/\/sundbusserne.dk\/sv\/resan\/lagprisbiljetter\/\",\"url\":\"https:\/\/sundbusserne.dk\/sv\/resan\/lagprisbiljetter\/\",\"name\":\"L\u00e5gprisbiljetter - Sundbusserne\",\"isPartOf\":{\"@id\":\"https:\/\/sundbusserne.dk\/sv\/#website\"},\"primaryImageOfPage\":{\"@id\":\"https:\/\/sundbusserne.dk\/sv\/resan\/lagprisbiljetter\/#primaryimage\"},\"image\":{\"@id\":\"https:\/\/sundbusserne.dk\/sv\/resan\/lagprisbiljetter\/#primaryimage\"},\"thumbnailUrl\":\"https:\/\/sundbusserne.dk\/wp-content\/uploads\/2025\/01\/qr-code-300x300.jpg\",\"datePublished\":\"2025-03-17T15:41:08+00:00\",\"dateModified\":\"2025-04-07T12:30:48+00:00\",\"description\":\"Alltid billiga f\u00e4rjebiljetter p\u00e5 Sundsbussarna. Med v\u00e5ra priser kan alla vara med och samtidigt f\u00e5 h\u00e4rliga upplevelser p\u00e5 sj\u00f6n och i land.\",\"breadcrumb\":{\"@id\":\"https:\/\/sundbusserne.dk\/sv\/resan\/lagprisbiljetter\/#breadcrumb\"},\"inLanguage\":\"sv-SE\",\"potentialAction\":[{\"@type\":\"ReadAction\",\"target\":[\"https:\/\/sundbusserne.dk\/sv\/resan\/lagprisbiljetter\/\"]}]},{\"@type\":\"ImageObject\",\"inLanguage\":\"sv-SE\",\"@id\":\"https:\/\/sundbusserne.dk\/sv\/resan\/lagprisbiljetter\/#primaryimage\",\"url\":\"https:\/\/sundbusserne.dk\/wp-content\/uploads\/2025\/01\/qr-code-300x300.jpg\",\"contentUrl\":\"https:\/\/sundbusserne.dk\/wp-content\/uploads\/2025\/01\/qr-code-300x300.jpg\"},{\"@type\":\"BreadcrumbList\",\"@id\":\"https:\/\/sundbusserne.dk\/sv\/resan\/lagprisbiljetter\/#breadcrumb\",\"itemListElement\":[{\"@type\":\"ListItem\",\"position\":1,\"name\":\"Hjem\",\"item\":\"https:\/\/sundbusserne.dk\/sv\/\"},{\"@type\":\"ListItem\",\"position\":2,\"name\":\"Resan\",\"item\":\"https:\/\/sundbusserne.dk\/sv\/resan\/\"},{\"@type\":\"ListItem\",\"position\":3,\"name\":\"L\u00e5gprisbiljetter\"}]},{\"@type\":\"WebSite\",\"@id\":\"https:\/\/sundbusserne.dk\/sv\/#website\",\"url\":\"https:\/\/sundbusserne.dk\/sv\/\",\"name\":\"Sundbusserne\",\"description\":\"Hyggeligste tur over \u00d8resund\",\"publisher\":{\"@id\":\"https:\/\/sundbusserne.dk\/sv\/#organization\"},\"potentialAction\":[{\"@type\":\"SearchAction\",\"target\":{\"@type\":\"EntryPoint\",\"urlTemplate\":\"https:\/\/sundbusserne.dk\/sv\/?s={search_term_string}\"},\"query-input\":{\"@type\":\"PropertyValueSpecification\",\"valueRequired\":true,\"valueName\":\"search_term_string\"}}],\"inLanguage\":\"sv-SE\"},{\"@type\":\"Organization\",\"@id\":\"https:\/\/sundbusserne.dk\/sv\/#organization\",\"name\":\"Sundbusserne\",\"url\":\"https:\/\/sundbusserne.dk\/sv\/\",\"logo\":{\"@type\":\"ImageObject\",\"inLanguage\":\"sv-SE\",\"@id\":\"https:\/\/sundbusserne.dk\/sv\/#\/schema\/logo\/image\/\",\"url\":\"https:\/\/sundbusserne.dk\/wp-content\/uploads\/2018\/10\/logo_mtxt.png\",\"contentUrl\":\"https:\/\/sundbusserne.dk\/wp-content\/uploads\/2018\/10\/logo_mtxt.png\",\"width\":482,\"height\":359,\"caption\":\"Sundbusserne\"},\"image\":{\"@id\":\"https:\/\/sundbusserne.dk\/sv\/#\/schema\/logo\/image\/\"},\"sameAs\":[\"https:\/\/www.facebook.com\/sundbusserne\/\"]}]}<\/script>\n<!-- \/ Yoast SEO plugin. -->","yoast_head_json":{"title":"L\u00e5gprisbiljetter - Sundbusserne","description":"Alltid billiga f\u00e4rjebiljetter p\u00e5 Sundsbussarna. Med v\u00e5ra priser kan alla vara med och samtidigt f\u00e5 h\u00e4rliga upplevelser p\u00e5 sj\u00f6n och i land.","robots":{"index":"index","follow":"follow","max-snippet":"max-snippet:-1","max-image-preview":"max-image-preview:large","max-video-preview":"max-video-preview:-1"},"canonical":"https:\/\/sundbusserne.dk\/sv\/resan\/lagprisbiljetter\/","og_locale":"sv_SE","og_type":"article","og_title":"L\u00e5gprisbiljetter - Sundbusserne","og_description":"Alltid billiga f\u00e4rjebiljetter p\u00e5 Sundsbussarna. Med v\u00e5ra priser kan alla vara med och samtidigt f\u00e5 h\u00e4rliga upplevelser p\u00e5 sj\u00f6n och i land.","og_url":"https:\/\/sundbusserne.dk\/sv\/resan\/lagprisbiljetter\/","og_site_name":"Sundbusserne","article_publisher":"https:\/\/www.facebook.com\/sundbusserne\/","article_modified_time":"2025-04-07T12:30:48+00:00","og_image":[{"width":1155,"height":1155,"url":"https:\/\/sundbusserne.dk\/wp-content\/uploads\/2025\/01\/qr-code.jpg","type":"image\/jpeg"}],"twitter_card":"summary_large_image","twitter_misc":{"Ber\u00e4knad l\u00e4stid":"3 minuter"},"schema":{"@context":"https:\/\/schema.org","@graph":[{"@type":"WebPage","@id":"https:\/\/sundbusserne.dk\/sv\/resan\/lagprisbiljetter\/","url":"https:\/\/sundbusserne.dk\/sv\/resan\/lagprisbiljetter\/","name":"L\u00e5gprisbiljetter - Sundbusserne","isPartOf":{"@id":"https:\/\/sundbusserne.dk\/sv\/#website"},"primaryImageOfPage":{"@id":"https:\/\/sundbusserne.dk\/sv\/resan\/lagprisbiljetter\/#primaryimage"},"image":{"@id":"https:\/\/sundbusserne.dk\/sv\/resan\/lagprisbiljetter\/#primaryimage"},"thumbnailUrl":"https:\/\/sundbusserne.dk\/wp-content\/uploads\/2025\/01\/qr-code-300x300.jpg","datePublished":"2025-03-17T15:41:08+00:00","dateModified":"2025-04-07T12:30:48+00:00","description":"Alltid billiga f\u00e4rjebiljetter p\u00e5 Sundsbussarna. Med v\u00e5ra priser kan alla vara med och samtidigt f\u00e5 h\u00e4rliga upplevelser p\u00e5 sj\u00f6n och i land.","breadcrumb":{"@id":"https:\/\/sundbusserne.dk\/sv\/resan\/lagprisbiljetter\/#breadcrumb"},"inLanguage":"sv-SE","potentialAction":[{"@type":"ReadAction","target":["https:\/\/sundbusserne.dk\/sv\/resan\/lagprisbiljetter\/"]}]},{"@type":"ImageObject","inLanguage":"sv-SE","@id":"https:\/\/sundbusserne.dk\/sv\/resan\/lagprisbiljetter\/#primaryimage","url":"https:\/\/sundbusserne.dk\/wp-content\/uploads\/2025\/01\/qr-code-300x300.jpg","contentUrl":"https:\/\/sundbusserne.dk\/wp-content\/uploads\/2025\/01\/qr-code-300x300.jpg"},{"@type":"BreadcrumbList","@id":"https:\/\/sundbusserne.dk\/sv\/resan\/lagprisbiljetter\/#breadcrumb","itemListElement":[{"@type":"ListItem","position":1,"name":"Hjem","item":"https:\/\/sundbusserne.dk\/sv\/"},{"@type":"ListItem","position":2,"name":"Resan","item":"https:\/\/sundbusserne.dk\/sv\/resan\/"},{"@type":"ListItem","position":3,"name":"L\u00e5gprisbiljetter"}]},{"@type":"WebSite","@id":"https:\/\/sundbusserne.dk\/sv\/#website","url":"https:\/\/sundbusserne.dk\/sv\/","name":"Sundbusserne","description":"Hyggeligste tur over \u00d8resund","publisher":{"@id":"https:\/\/sundbusserne.dk\/sv\/#organization"},"potentialAction":[{"@type":"SearchAction","target":{"@type":"EntryPoint","urlTemplate":"https:\/\/sundbusserne.dk\/sv\/?s={search_term_string}"},"query-input":{"@type":"PropertyValueSpecification","valueRequired":true,"valueName":"search_term_string"}}],"inLanguage":"sv-SE"},{"@type":"Organization","@id":"https:\/\/sundbusserne.dk\/sv\/#organization","name":"Sundbusserne","url":"https:\/\/sundbusserne.dk\/sv\/","logo":{"@type":"ImageObject","inLanguage":"sv-SE","@id":"https:\/\/sundbusserne.dk\/sv\/#\/schema\/logo\/image\/","url":"https:\/\/sundbusserne.dk\/wp-content\/uploads\/2018\/10\/logo_mtxt.png","contentUrl":"https:\/\/sundbusserne.dk\/wp-content\/uploads\/2018\/10\/logo_mtxt.png","width":482,"height":359,"caption":"Sundbusserne"},"image":{"@id":"https:\/\/sundbusserne.dk\/sv\/#\/schema\/logo\/image\/"},"sameAs":["https:\/\/www.facebook.com\/sundbusserne\/"]}]}},"publishpress_future_action":{"enabled":false,"date":"2026-04-25 14:11:23","action":"change-status","newStatus":"draft","terms":[],"taxonomy":"translation_priority"},"_links":{"self":[{"href":"https:\/\/sundbusserne.dk\/sv\/wp-json\/wp\/v2\/pages\/31392","targetHints":{"allow":["GET"]}}],"collection":[{"href":"https:\/\/sundbusserne.dk\/sv\/wp-json\/wp\/v2\/pages"}],"about":[{"href":"https:\/\/sundbusserne.dk\/sv\/wp-json\/wp\/v2\/types\/page"}],"author":[{"embeddable":true,"href":"https:\/\/sundbusserne.dk\/sv\/wp-json\/wp\/v2\/users\/42"}],"replies":[{"embeddable":true,"href":"https:\/\/sundbusserne.dk\/sv\/wp-json\/wp\/v2\/comments?post=31392"}],"version-history":[{"count":10,"href":"https:\/\/sundbusserne.dk\/sv\/wp-json\/wp\/v2\/pages\/31392\/revisions"}],"predecessor-version":[{"id":31489,"href":"https:\/\/sundbusserne.dk\/sv\/wp-json\/wp\/v2\/pages\/31392\/revisions\/31489"}],"up":[{"embeddable":true,"href":"https:\/\/sundbusserne.dk\/sv\/wp-json\/wp\/v2\/pages\/1047"}],"wp:attachment":[{"href":"https:\/\/sundbusserne.dk\/sv\/wp-json\/wp\/v2\/media?parent=31392"}],"curies":[{"name":"wp","href":"https:\/\/api.w.org\/{rel}","templated":true}]}}