{"id":30714,"date":"2024-11-11T15:36:01","date_gmt":"2024-11-11T14:36:01","guid":{"rendered":"https:\/\/sundbusserne.dk\/?page_id=30714"},"modified":"2026-03-09T12:56:01","modified_gmt":"2026-03-09T11:56:01","slug":"kopenhamnsturer","status":"publish","type":"page","link":"https:\/\/sundbusserne.dk\/sv\/handelser\/kopenhamnsturer\/","title":{"rendered":"K\u00f6penhamnsturer"},"content":{"rendered":"[vc_row type=&#8221;full_width_background&#8221; full_screen_row_position=&#8221;middle&#8221; column_margin=&#8221;default&#8221; column_direction=&#8221;default&#8221; column_direction_tablet=&#8221;default&#8221; column_direction_phone=&#8221;default&#8221; bg_color=&#8221;#0055a5&#8243; bg_image=&#8221;28697&#8243; bg_position=&#8221;center center&#8221; background_image_loading=&#8221;default&#8221; bg_repeat=&#8221;no-repeat&#8221; scene_position=&#8221;center&#8221; top_padding=&#8221;10%&#8221; bottom_padding=&#8221;8%&#8221; text_color=&#8221;dark&#8221; text_align=&#8221;left&#8221; row_border_radius=&#8221;none&#8221; row_border_radius_applies=&#8221;bg&#8221; overflow=&#8221;visible&#8221; enable_gradient=&#8221;true&#8221; color_overlay=&#8221;#0055a5&#8243; color_overlay_2=&#8221;#0055a5&#8243; overlay_strength=&#8221;0.8&#8243; gradient_direction=&#8221;left_to_right&#8221; enable_shape_divider=&#8221;true&#8221; shape_divider_position=&#8221;bottom&#8221; shape_divider_height=&#8221;150&#8243; bg_image_animation=&#8221;none&#8221; shape_type=&#8221;curve_opacity&#8221; gradient_type=&#8221;default&#8221;][vc_column column_padding=&#8221;no-extra-padding&#8221; column_padding_tablet=&#8221;inherit&#8221; column_padding_phone=&#8221;inherit&#8221; column_padding_position=&#8221;all&#8221; column_element_direction_desktop=&#8221;default&#8221; column_element_spacing=&#8221;default&#8221; desktop_text_alignment=&#8221;center&#8221; tablet_text_alignment=&#8221;default&#8221; phone_text_alignment=&#8221;default&#8221; background_color_opacity=&#8221;1&#8243; background_hover_color_opacity=&#8221;1&#8243; column_backdrop_filter=&#8221;none&#8221; column_shadow=&#8221;none&#8221; column_border_radius=&#8221;none&#8221; column_link_target=&#8221;_self&#8221; column_position=&#8221;default&#8221; gradient_direction=&#8221;left_to_right&#8221; overlay_strength=&#8221;0.3&#8243; width=&#8221;1\/1&#8243; tablet_width_inherit=&#8221;default&#8221; animation_type=&#8221;default&#8221; bg_image_animation=&#8221;none&#8221; border_type=&#8221;simple&#8221; column_border_width=&#8221;none&#8221; column_border_style=&#8221;solid&#8221; column_padding_type=&#8221;default&#8221; gradient_type=&#8221;default&#8221;][split_line_heading animation_type=&#8221;line-reveal-by-space&#8221; font_style=&#8221;h1&#8243; text_color=&#8221;#ffffff&#8221; line_reveal_by_space_text_effect=&#8221;default&#8221; content_alignment=&#8221;default&#8221; mobile_content_alignment=&#8221;inherit&#8221; link_target=&#8221;_self&#8221; text_content=&#8221;K\u00f6penhamnsturer&#8221; text_direction=&#8221;default&#8221;]\n<h1 style=\"text-align: center; color: #fff;\"><span style=\"color: #ffffff;\">K\u00f6penhamnstur<\/span><\/h1>\n<h3 style=\"text-align: center; color: #fff;\"><span style=\"color: #ffffff;\">Segla direkt till K\u00f6penhamns centrum fr\u00e5n Helsingborg<\/span><\/h3>\n[\/split_line_heading][\/vc_column][\/vc_row][vc_row type=&#8221;in_container&#8221; full_screen_row_position=&#8221;middle&#8221; column_margin=&#8221;default&#8221; column_direction=&#8221;default&#8221; column_direction_tablet=&#8221;default&#8221; column_direction_phone=&#8221;default&#8221; scene_position=&#8221;center&#8221; top_padding=&#8221;3%&#8221; text_color=&#8221;dark&#8221; text_align=&#8221;left&#8221; row_border_radius=&#8221;none&#8221; row_border_radius_applies=&#8221;bg&#8221; overflow=&#8221;visible&#8221; overlay_strength=&#8221;0.3&#8243; gradient_direction=&#8221;left_to_right&#8221; shape_divider_position=&#8221;bottom&#8221; bg_image_animation=&#8221;none&#8221; shape_type=&#8221;&#8221;][vc_column column_padding=&#8221;no-extra-padding&#8221; column_padding_tablet=&#8221;inherit&#8221; column_padding_phone=&#8221;inherit&#8221; column_padding_position=&#8221;all&#8221; column_element_direction_desktop=&#8221;default&#8221; column_element_spacing=&#8221;default&#8221; desktop_text_alignment=&#8221;default&#8221; tablet_text_alignment=&#8221;default&#8221; phone_text_alignment=&#8221;default&#8221; background_color_opacity=&#8221;1&#8243; background_hover_color_opacity=&#8221;1&#8243; column_backdrop_filter=&#8221;none&#8221; column_shadow=&#8221;none&#8221; column_border_radius=&#8221;none&#8221; column_link_target=&#8221;_self&#8221; column_position=&#8221;default&#8221; gradient_direction=&#8221;left_to_right&#8221; overlay_strength=&#8221;0.3&#8243; width=&#8221;1\/1&#8243; tablet_width_inherit=&#8221;default&#8221; animation_type=&#8221;default&#8221; bg_image_animation=&#8221;none&#8221; border_type=&#8221;simple&#8221; column_border_width=&#8221;none&#8221; column_border_style=&#8221;solid&#8221;][vc_column_text text_direction=&#8221;default&#8221;]\n<h2><span style=\"color: #0055a5;\">K\u00f6penhamnstur med \u00d6resundsexpressen fr\u00e5n Helsingborg T\/R<\/span><\/h2>\n[\/vc_column_text][\/vc_column][\/vc_row][vc_row type=&#8221;in_container&#8221; full_screen_row_position=&#8221;middle&#8221; column_margin=&#8221;default&#8221; column_direction=&#8221;default&#8221; column_direction_tablet=&#8221;default&#8221; column_direction_phone=&#8221;default&#8221; scene_position=&#8221;center&#8221; text_color=&#8221;dark&#8221; text_align=&#8221;left&#8221; row_border_radius=&#8221;none&#8221; row_border_radius_applies=&#8221;bg&#8221; overflow=&#8221;visible&#8221; overlay_strength=&#8221;0.3&#8243; gradient_direction=&#8221;left_to_right&#8221; shape_divider_position=&#8221;bottom&#8221; bg_image_animation=&#8221;none&#8221;][vc_column column_padding=&#8221;no-extra-padding&#8221; column_padding_tablet=&#8221;inherit&#8221; column_padding_phone=&#8221;inherit&#8221; column_padding_position=&#8221;all&#8221; column_element_direction_desktop=&#8221;default&#8221; column_element_spacing=&#8221;default&#8221; desktop_text_alignment=&#8221;default&#8221; tablet_text_alignment=&#8221;default&#8221; phone_text_alignment=&#8221;default&#8221; background_color_opacity=&#8221;1&#8243; background_hover_color_opacity=&#8221;1&#8243; column_backdrop_filter=&#8221;none&#8221; column_shadow=&#8221;none&#8221; column_border_radius=&#8221;none&#8221; column_link_target=&#8221;_self&#8221; column_position=&#8221;default&#8221; gradient_direction=&#8221;left_to_right&#8221; overlay_strength=&#8221;0.3&#8243; width=&#8221;1\/1&#8243; tablet_width_inherit=&#8221;default&#8221; animation_type=&#8221;default&#8221; bg_image_animation=&#8221;none&#8221; border_type=&#8221;simple&#8221; column_border_width=&#8221;none&#8221; column_border_style=&#8221;solid&#8221;][vc_row_inner column_margin=&#8221;default&#8221; column_direction=&#8221;default&#8221; column_direction_tablet=&#8221;default&#8221; column_direction_phone=&#8221;default&#8221; text_align=&#8221;left&#8221; row_position=&#8221;default&#8221; row_position_tablet=&#8221;inherit&#8221; row_position_phone=&#8221;inherit&#8221; overflow=&#8221;visible&#8221; pointer_events=&#8221;all&#8221;][vc_column_inner column_padding=&#8221;no-extra-padding&#8221; column_padding_tablet=&#8221;inherit&#8221; column_padding_phone=&#8221;inherit&#8221; column_padding_position=&#8221;all&#8221; column_element_direction_desktop=&#8221;default&#8221; column_element_spacing=&#8221;default&#8221; desktop_text_alignment=&#8221;default&#8221; tablet_text_alignment=&#8221;default&#8221; phone_text_alignment=&#8221;default&#8221; background_color_opacity=&#8221;1&#8243; background_hover_color_opacity=&#8221;1&#8243; column_backdrop_filter=&#8221;none&#8221; column_shadow=&#8221;none&#8221; column_border_radius=&#8221;none&#8221; column_link_target=&#8221;_self&#8221; overflow=&#8221;visible&#8221; gradient_direction=&#8221;left_to_right&#8221; overlay_strength=&#8221;0.3&#8243; width=&#8221;1\/2&#8243; tablet_width_inherit=&#8221;default&#8221; animation_type=&#8221;default&#8221; bg_image_animation=&#8221;none&#8221; border_type=&#8221;simple&#8221; column_border_width=&#8221;none&#8221; column_border_style=&#8221;solid&#8221;][vc_column_text css=&#8221;.vc_custom_1766478218845{margin-top: 30px !important;}&#8221; text_direction=&#8221;default&#8221;]\u00c4ntligen \u00e4r vi tillbaka med \u00d6resundsexpressen! Vi segler med v\u00e5r h\u00e4rliga katamaran <strong>Lea Elizabeth<\/strong>.<\/p>\n<p>Svenska resen\u00e4rer startar sin resa med M\/S Pernille kl. <strong>10:00 fr\u00e5n Helsingborg<\/strong> och byter till Lea Elizabeth i Helsing\u00f6r f\u00f6r avf\u00e4rd kl. 10:20 l\u00e4ngs kusten mot K\u00f6penhamn (biljetten f\u00f6r Pernille ing\u00e5r i priset).<\/p>\n<p>P\u00e5 v\u00e4gen kan du starta dagen med v\u00e5r l\u00e4ckra frukostplatta som inneh\u00e5ller fralla, ost, skinka, wienerbr\u00f6d samt kaffe\/te. Har du redan \u00e4tit frukost? D\u00e5 kan du njuta av en kopp kaffe med ett wienerbr\u00f6d. Om det \u00e4r lunchdags, kan du v\u00e4lja v\u00e5r ber\u00f6mda 3 ospec. sm\u00f8rrebr\u00f8d eller lyxiga r\u00e4kmacka med handskalade r\u00e4kor.<\/p>\n<p>Efter en h\u00e4rlig f\u00e4rd l\u00e4ngs kusten anl\u00e4nder vi till K\u00f6penhamn vid &#8221;Toldboden&#8221; kl. 11:50. H\u00e4r f\u00e5r du <strong>5 timmar att utforska staden<\/strong>.<\/p>\n<p>Vi seglar tillbaka<strong> fr\u00e5n K\u00f6penhamn kl. 17:00<\/strong>. Turen startar med en vacker seglats genom staden f\u00f6rbi Amalienborg, och vi v\u00e4nder vid skuespilhuset och Nyhavn. D\u00e4refter passerar vi n\u00e4ra Operan och den popul\u00e4ra matmarknaden &#8221;Reffen&#8221;.<\/p>\n<p>P\u00e5 hemresan mot Helsing\u00f8r kan du best\u00e4lla v\u00e5r fantastiska Sommarplatte med det b\u00e4sta fr\u00e5n Sverige och Danmark.<\/p>\n<p>Precis som p\u00e5 utresan kan du \u00e4ven best\u00e4lla v\u00e5r ber\u00f6mda 3 ospec. sm\u00f8rrebr\u00f8d eller lyxiga r\u00e4kmacka med handskalade r\u00e4kor. F\u00f6rbest\u00e4ll maten s\u00e5 ser vi till att den serveras direkt n\u00e4r du g\u00e5r ombord. Vi har ett stort utbud av drycker och ser till att inget tar slut under resan.<\/p>\n<p>Vi ankommer tillbaka till Helsing\u00f8r ca kl. 18:40, d\u00e4r svenska resen\u00e4rer byter till Jeppe f\u00f6r hemf\u00e4rd till <strong>Helsingborg kl. 19:00<\/strong> (biljetten f\u00f6r Jeppe ing\u00e5r i priset).<\/p>\n<p>Platserna g\u00e5r \u00e5t fort, s\u00e5 skynda dig att boka biljetter och mat till v\u00e5ra popul\u00e4ra K\u00f6penhamnsturer![\/vc_column_text][vc_column_text text_direction=&#8221;default&#8221;]\n<h3><strong>Priser:<\/strong><\/h3>\n<p><em>Biljetterna \u00e4r tur &amp; retur<\/em><\/p>\n<p>Vuxen, t\/r: <strong>DKK 260<\/strong><br \/>\nBarn 0-12 \u00e5r t\/r: <strong>DKK 150<\/strong><br \/>\nFrukostplatta: <strong>DKK 98<br \/>\n<\/strong>S\u00e4songsplatta: <strong>DKK 225<\/strong><br \/>\n3 x ospec. Sm\u00f8rrebr\u00f8d: <strong>DKK 95\u00a0<\/strong><br \/>\nLyxr\u00e4kmacka: <strong>DKK 95<br \/>\n<\/strong>Kaffe &amp; Wienerbr\u00f8d: <strong>DKK 55<br \/>\n<\/strong>1 \u00f6l och 3 cl &#8221;lille en&#8221;:<strong> DKK 85<br \/>\n<\/strong>1 flaska bubbel:<strong> DKK 195<\/strong><\/p>\n<p>Baren \u00e4r \u00f6ppen hela resan.<\/p>\n<p><em>(K\u00f6pt biljett och mat kan inte \u00e5terbetalas eller bokas till annat datum)<\/em>[\/vc_column_text][nectar_btn size=&#8221;large&#8221; open_new_tab=&#8221;true&#8221; button_style=&#8221;regular&#8221; button_color_2=&#8221;Extra-Color-1&#8243; icon_family=&#8221;none&#8221; text=&#8221;Boka biljett och mat h\u00e4r&#8221; url=&#8221;https:\/\/minicruisedenmark.com\/sv\/product\/kobenhavnertur-med-sundbussernes-oresundsexspressen&#8221;][\/vc_column_inner][\/vc_row_inner][\/vc_column][\/vc_row][vc_row type=&#8221;in_container&#8221; full_screen_row_position=&#8221;middle&#8221; column_margin=&#8221;default&#8221; equal_height=&#8221;yes&#8221; content_placement=&#8221;top&#8221; column_direction=&#8221;default&#8221; column_direction_tablet=&#8221;default&#8221; column_direction_phone=&#8221;default&#8221; scene_position=&#8221;center&#8221; text_color=&#8221;dark&#8221; text_align=&#8221;left&#8221; row_border_radius=&#8221;none&#8221; row_border_radius_applies=&#8221;bg&#8221; overflow=&#8221;visible&#8221; overlay_strength=&#8221;0.3&#8243; gradient_direction=&#8221;left_to_right&#8221; shape_divider_position=&#8221;bottom&#8221; bg_image_animation=&#8221;none&#8221; shape_type=&#8221;&#8221;][vc_column column_padding=&#8221;no-extra-padding&#8221; column_padding_tablet=&#8221;inherit&#8221; column_padding_phone=&#8221;inherit&#8221; column_padding_position=&#8221;all&#8221; column_element_direction_desktop=&#8221;default&#8221; column_element_spacing=&#8221;default&#8221; desktop_text_alignment=&#8221;default&#8221; tablet_text_alignment=&#8221;default&#8221; phone_text_alignment=&#8221;default&#8221; background_color_opacity=&#8221;1&#8243; background_hover_color_opacity=&#8221;1&#8243; column_backdrop_filter=&#8221;none&#8221; column_shadow=&#8221;none&#8221; column_border_radius=&#8221;none&#8221; column_link_target=&#8221;_self&#8221; column_position=&#8221;default&#8221; gradient_direction=&#8221;left_to_right&#8221; overlay_strength=&#8221;0.3&#8243; width=&#8221;1\/1&#8243; tablet_width_inherit=&#8221;default&#8221; animation_type=&#8221;default&#8221; bg_image_animation=&#8221;none&#8221; border_type=&#8221;simple&#8221; column_border_width=&#8221;none&#8221; column_border_style=&#8221;solid&#8221;][\/vc_column][\/vc_row]\n","protected":false},"excerpt":{"rendered":"<p>[vc_row type=&#8221;full_width_background&#8221; full_screen_row_position=&#8221;middle&#8221; column_margin=&#8221;default&#8221; column_direction=&#8221;default&#8221; column_direction_tablet=&#8221;default&#8221; column_direction_phone=&#8221;default&#8221; bg_color=&#8221;#0055a5&#8243; bg_image=&#8221;28697&#8243; bg_position=&#8221;center center&#8221; background_image_loading=&#8221;default&#8221; bg_repeat=&#8221;no-repeat&#8221; scene_position=&#8221;center&#8221; top_padding=&#8221;10%&#8221; bottom_padding=&#8221;8%&#8221; text_color=&#8221;dark&#8221; text_align=&#8221;left&#8221; row_border_radius=&#8221;none&#8221; row_border_radius_applies=&#8221;bg&#8221; overflow=&#8221;visible&#8221; enable_gradient=&#8221;true&#8221; color_overlay=&#8221;#0055a5&#8243; color_overlay_2=&#8221;#0055a5&#8243; overlay_strength=&#8221;0.8&#8243; gradient_direction=&#8221;left_to_right&#8221; enable_shape_divider=&#8221;true&#8221; shape_divider_position=&#8221;bottom&#8221; shape_divider_height=&#8221;150&#8243; bg_image_animation=&#8221;none&#8221;&#8230;<\/p>\n","protected":false},"author":42,"featured_media":0,"parent":1896,"menu_order":0,"comment_status":"closed","ping_status":"closed","template":"","meta":{"_acf_changed":false,"footnotes":""},"class_list":["post-30714","page","type-page","status-publish"],"acf":[],"yoast_head":"<!-- This site is optimized with the Yoast SEO plugin v27.5 - https:\/\/yoast.com\/product\/yoast-seo-wordpress\/ -->\n<title>K\u00f6penhamnsturer<\/title>\n<meta name=\"description\" content=\"K\u00f6penhamnsturer med \u00d6resundsexpressen l\u00e4ngs den vackra \u00d6resundskusten till K\u00f6penhamns centrum.\" \/>\n<meta name=\"robots\" content=\"index, follow, max-snippet:-1, max-image-preview:large, max-video-preview:-1\" \/>\n<link rel=\"canonical\" href=\"https:\/\/sundbusserne.dk\/sv\/handelser\/kopenhamnsturer\/\" \/>\n<meta property=\"og:locale\" content=\"sv_SE\" \/>\n<meta property=\"og:type\" content=\"article\" \/>\n<meta property=\"og:title\" content=\"K\u00f6penhamnsturer\" \/>\n<meta property=\"og:description\" content=\"K\u00f6penhamnsturer med \u00d6resundsexpressen l\u00e4ngs den vackra \u00d6resundskusten till K\u00f6penhamns centrum.\" \/>\n<meta property=\"og:url\" content=\"https:\/\/sundbusserne.dk\/sv\/handelser\/kopenhamnsturer\/\" \/>\n<meta property=\"og:site_name\" content=\"Sundbusserne\" \/>\n<meta property=\"article:publisher\" content=\"https:\/\/www.facebook.com\/sundbusserne\/\" \/>\n<meta property=\"article:modified_time\" content=\"2026-03-09T11:56:01+00:00\" \/>\n<meta property=\"og:image\" content=\"https:\/\/sundbusserne.dk\/wp-content\/uploads\/2019\/09\/Kom.jpg\" \/>\n\t<meta property=\"og:image:width\" content=\"1438\" \/>\n\t<meta property=\"og:image:height\" content=\"801\" \/>\n\t<meta property=\"og:image:type\" content=\"image\/jpeg\" \/>\n<meta name=\"twitter:card\" content=\"summary_large_image\" \/>\n<meta name=\"twitter:label1\" content=\"Ber\u00e4knad l\u00e4stid\" \/>\n\t<meta name=\"twitter:data1\" content=\"4 minuter\" \/>\n<script type=\"application\/ld+json\" class=\"yoast-schema-graph\">{\"@context\":\"https:\\\/\\\/schema.org\",\"@graph\":[{\"@type\":\"WebPage\",\"@id\":\"https:\\\/\\\/sundbusserne.dk\\\/sv\\\/handelser\\\/kopenhamnsturer\\\/\",\"url\":\"https:\\\/\\\/sundbusserne.dk\\\/sv\\\/handelser\\\/kopenhamnsturer\\\/\",\"name\":\"K\u00f6penhamnsturer\",\"isPartOf\":{\"@id\":\"https:\\\/\\\/sundbusserne.dk\\\/sv\\\/#website\"},\"datePublished\":\"2024-11-11T14:36:01+00:00\",\"dateModified\":\"2026-03-09T11:56:01+00:00\",\"description\":\"K\u00f6penhamnsturer med \u00d6resundsexpressen l\u00e4ngs den vackra \u00d6resundskusten till K\u00f6penhamns centrum.\",\"breadcrumb\":{\"@id\":\"https:\\\/\\\/sundbusserne.dk\\\/sv\\\/handelser\\\/kopenhamnsturer\\\/#breadcrumb\"},\"inLanguage\":\"sv-SE\",\"potentialAction\":[{\"@type\":\"ReadAction\",\"target\":[\"https:\\\/\\\/sundbusserne.dk\\\/sv\\\/handelser\\\/kopenhamnsturer\\\/\"]}]},{\"@type\":\"BreadcrumbList\",\"@id\":\"https:\\\/\\\/sundbusserne.dk\\\/sv\\\/handelser\\\/kopenhamnsturer\\\/#breadcrumb\",\"itemListElement\":[{\"@type\":\"ListItem\",\"position\":1,\"name\":\"Hjem\",\"item\":\"https:\\\/\\\/sundbusserne.dk\\\/sv\\\/\"},{\"@type\":\"ListItem\",\"position\":2,\"name\":\"H\u00e4ndelser\",\"item\":\"https:\\\/\\\/sundbusserne.dk\\\/sv\\\/handelser\\\/\"},{\"@type\":\"ListItem\",\"position\":3,\"name\":\"K\u00f6penhamnsturer\"}]},{\"@type\":\"WebSite\",\"@id\":\"https:\\\/\\\/sundbusserne.dk\\\/sv\\\/#website\",\"url\":\"https:\\\/\\\/sundbusserne.dk\\\/sv\\\/\",\"name\":\"Sundbusserne\",\"description\":\"Hyggeligste tur over \u00d8resund\",\"publisher\":{\"@id\":\"https:\\\/\\\/sundbusserne.dk\\\/sv\\\/#organization\"},\"potentialAction\":[{\"@type\":\"SearchAction\",\"target\":{\"@type\":\"EntryPoint\",\"urlTemplate\":\"https:\\\/\\\/sundbusserne.dk\\\/sv\\\/?s={search_term_string}\"},\"query-input\":{\"@type\":\"PropertyValueSpecification\",\"valueRequired\":true,\"valueName\":\"search_term_string\"}}],\"inLanguage\":\"sv-SE\"},{\"@type\":\"Organization\",\"@id\":\"https:\\\/\\\/sundbusserne.dk\\\/sv\\\/#organization\",\"name\":\"Sundbusserne\",\"url\":\"https:\\\/\\\/sundbusserne.dk\\\/sv\\\/\",\"logo\":{\"@type\":\"ImageObject\",\"inLanguage\":\"sv-SE\",\"@id\":\"https:\\\/\\\/sundbusserne.dk\\\/sv\\\/#\\\/schema\\\/logo\\\/image\\\/\",\"url\":\"https:\\\/\\\/sundbusserne.dk\\\/wp-content\\\/uploads\\\/2018\\\/10\\\/logo_mtxt.png\",\"contentUrl\":\"https:\\\/\\\/sundbusserne.dk\\\/wp-content\\\/uploads\\\/2018\\\/10\\\/logo_mtxt.png\",\"width\":482,\"height\":359,\"caption\":\"Sundbusserne\"},\"image\":{\"@id\":\"https:\\\/\\\/sundbusserne.dk\\\/sv\\\/#\\\/schema\\\/logo\\\/image\\\/\"},\"sameAs\":[\"https:\\\/\\\/www.facebook.com\\\/sundbusserne\\\/\"]}]}<\/script>\n<!-- \/ Yoast SEO plugin. -->","yoast_head_json":{"title":"K\u00f6penhamnsturer","description":"K\u00f6penhamnsturer med \u00d6resundsexpressen l\u00e4ngs den vackra \u00d6resundskusten till K\u00f6penhamns centrum.","robots":{"index":"index","follow":"follow","max-snippet":"max-snippet:-1","max-image-preview":"max-image-preview:large","max-video-preview":"max-video-preview:-1"},"canonical":"https:\/\/sundbusserne.dk\/sv\/handelser\/kopenhamnsturer\/","og_locale":"sv_SE","og_type":"article","og_title":"K\u00f6penhamnsturer","og_description":"K\u00f6penhamnsturer med \u00d6resundsexpressen l\u00e4ngs den vackra \u00d6resundskusten till K\u00f6penhamns centrum.","og_url":"https:\/\/sundbusserne.dk\/sv\/handelser\/kopenhamnsturer\/","og_site_name":"Sundbusserne","article_publisher":"https:\/\/www.facebook.com\/sundbusserne\/","article_modified_time":"2026-03-09T11:56:01+00:00","og_image":[{"width":1438,"height":801,"url":"https:\/\/sundbusserne.dk\/wp-content\/uploads\/2019\/09\/Kom.jpg","type":"image\/jpeg"}],"twitter_card":"summary_large_image","twitter_misc":{"Ber\u00e4knad l\u00e4stid":"4 minuter"},"schema":{"@context":"https:\/\/schema.org","@graph":[{"@type":"WebPage","@id":"https:\/\/sundbusserne.dk\/sv\/handelser\/kopenhamnsturer\/","url":"https:\/\/sundbusserne.dk\/sv\/handelser\/kopenhamnsturer\/","name":"K\u00f6penhamnsturer","isPartOf":{"@id":"https:\/\/sundbusserne.dk\/sv\/#website"},"datePublished":"2024-11-11T14:36:01+00:00","dateModified":"2026-03-09T11:56:01+00:00","description":"K\u00f6penhamnsturer med \u00d6resundsexpressen l\u00e4ngs den vackra \u00d6resundskusten till K\u00f6penhamns centrum.","breadcrumb":{"@id":"https:\/\/sundbusserne.dk\/sv\/handelser\/kopenhamnsturer\/#breadcrumb"},"inLanguage":"sv-SE","potentialAction":[{"@type":"ReadAction","target":["https:\/\/sundbusserne.dk\/sv\/handelser\/kopenhamnsturer\/"]}]},{"@type":"BreadcrumbList","@id":"https:\/\/sundbusserne.dk\/sv\/handelser\/kopenhamnsturer\/#breadcrumb","itemListElement":[{"@type":"ListItem","position":1,"name":"Hjem","item":"https:\/\/sundbusserne.dk\/sv\/"},{"@type":"ListItem","position":2,"name":"H\u00e4ndelser","item":"https:\/\/sundbusserne.dk\/sv\/handelser\/"},{"@type":"ListItem","position":3,"name":"K\u00f6penhamnsturer"}]},{"@type":"WebSite","@id":"https:\/\/sundbusserne.dk\/sv\/#website","url":"https:\/\/sundbusserne.dk\/sv\/","name":"Sundbusserne","description":"Hyggeligste tur over \u00d8resund","publisher":{"@id":"https:\/\/sundbusserne.dk\/sv\/#organization"},"potentialAction":[{"@type":"SearchAction","target":{"@type":"EntryPoint","urlTemplate":"https:\/\/sundbusserne.dk\/sv\/?s={search_term_string}"},"query-input":{"@type":"PropertyValueSpecification","valueRequired":true,"valueName":"search_term_string"}}],"inLanguage":"sv-SE"},{"@type":"Organization","@id":"https:\/\/sundbusserne.dk\/sv\/#organization","name":"Sundbusserne","url":"https:\/\/sundbusserne.dk\/sv\/","logo":{"@type":"ImageObject","inLanguage":"sv-SE","@id":"https:\/\/sundbusserne.dk\/sv\/#\/schema\/logo\/image\/","url":"https:\/\/sundbusserne.dk\/wp-content\/uploads\/2018\/10\/logo_mtxt.png","contentUrl":"https:\/\/sundbusserne.dk\/wp-content\/uploads\/2018\/10\/logo_mtxt.png","width":482,"height":359,"caption":"Sundbusserne"},"image":{"@id":"https:\/\/sundbusserne.dk\/sv\/#\/schema\/logo\/image\/"},"sameAs":["https:\/\/www.facebook.com\/sundbusserne\/"]}]}},"publishpress_future_action":{"enabled":false,"date":"2026-05-18 20:22:38","action":"change-status","newStatus":"draft","terms":[],"taxonomy":"translation_priority","extraData":[]},"publishpress_future_workflow_manual_trigger":{"enabledWorkflows":[]},"_links":{"self":[{"href":"https:\/\/sundbusserne.dk\/sv\/wp-json\/wp\/v2\/pages\/30714","targetHints":{"allow":["GET"]}}],"collection":[{"href":"https:\/\/sundbusserne.dk\/sv\/wp-json\/wp\/v2\/pages"}],"about":[{"href":"https:\/\/sundbusserne.dk\/sv\/wp-json\/wp\/v2\/types\/page"}],"author":[{"embeddable":true,"href":"https:\/\/sundbusserne.dk\/sv\/wp-json\/wp\/v2\/users\/42"}],"replies":[{"embeddable":true,"href":"https:\/\/sundbusserne.dk\/sv\/wp-json\/wp\/v2\/comments?post=30714"}],"version-history":[{"count":48,"href":"https:\/\/sundbusserne.dk\/sv\/wp-json\/wp\/v2\/pages\/30714\/revisions"}],"predecessor-version":[{"id":32840,"href":"https:\/\/sundbusserne.dk\/sv\/wp-json\/wp\/v2\/pages\/30714\/revisions\/32840"}],"up":[{"embeddable":true,"href":"https:\/\/sundbusserne.dk\/sv\/wp-json\/wp\/v2\/pages\/1896"}],"wp:attachment":[{"href":"https:\/\/sundbusserne.dk\/sv\/wp-json\/wp\/v2\/media?parent=30714"}],"curies":[{"name":"wp","href":"https:\/\/api.w.org\/{rel}","templated":true}]}}