{"id":30378,"date":"2024-08-07T12:20:12","date_gmt":"2024-08-07T10:20:12","guid":{"rendered":"https:\/\/sundbusserne.dk\/?page_id=30378"},"modified":"2025-06-30T09:12:01","modified_gmt":"2025-06-30T07:12:01","slug":"minicruise-denmark","status":"publish","type":"page","link":"https:\/\/sundbusserne.dk\/sv\/minicruise-denmark\/","title":{"rendered":"MiniCruise Denmark"},"content":{"rendered":"[vc_row type=&#8221;full_width_background&#8221; full_screen_row_position=&#8221;middle&#8221; column_margin=&#8221;default&#8221; column_direction=&#8221;default&#8221; column_direction_tablet=&#8221;default&#8221; column_direction_phone=&#8221;default&#8221; bg_image=&#8221;30382&#8243; bg_position=&#8221;center center&#8221; background_image_loading=&#8221;default&#8221; bg_repeat=&#8221;no-repeat&#8221; scene_position=&#8221;center&#8221; top_padding=&#8221;10%&#8221; bottom_padding=&#8221;25%&#8221; text_color=&#8221;dark&#8221; text_align=&#8221;left&#8221; row_border_radius=&#8221;none&#8221; row_border_radius_applies=&#8221;bg&#8221; overflow=&#8221;visible&#8221; enable_gradient=&#8221;true&#8221; color_overlay=&#8221;#0055a5&#8243; color_overlay_2=&#8221;#0055a5&#8243; overlay_strength=&#8221;0.8&#8243; gradient_direction=&#8221;left_to_right&#8221; enable_shape_divider=&#8221;true&#8221; shape_divider_position=&#8221;bottom&#8221; bg_image_animation=&#8221;none&#8221; shape_type=&#8221;curve_opacity&#8221; gradient_type=&#8221;default&#8221;][vc_column column_padding=&#8221;no-extra-padding&#8221; column_padding_tablet=&#8221;inherit&#8221; column_padding_phone=&#8221;inherit&#8221; column_padding_position=&#8221;all&#8221; column_element_direction_desktop=&#8221;default&#8221; column_element_spacing=&#8221;default&#8221; desktop_text_alignment=&#8221;default&#8221; tablet_text_alignment=&#8221;default&#8221; phone_text_alignment=&#8221;default&#8221; background_color_opacity=&#8221;1&#8243; background_hover_color_opacity=&#8221;1&#8243; column_backdrop_filter=&#8221;none&#8221; column_shadow=&#8221;none&#8221; column_border_radius=&#8221;none&#8221; column_link_target=&#8221;_self&#8221; column_position=&#8221;default&#8221; gradient_direction=&#8221;left_to_right&#8221; overlay_strength=&#8221;0.3&#8243; width=&#8221;1\/1&#8243; tablet_width_inherit=&#8221;default&#8221; animation_type=&#8221;default&#8221; bg_image_animation=&#8221;none&#8221; border_type=&#8221;simple&#8221; column_border_width=&#8221;none&#8221; column_border_style=&#8221;solid&#8221;][vc_custom_heading text=&#8221;MiniCruise Denmark&#8221; font_container=&#8221;tag:h1|text_align:center|color:%23ffffff&#8221; use_theme_fonts=&#8221;yes&#8221;][\/vc_column][\/vc_row][vc_row type=&#8221;in_container&#8221; full_screen_row_position=&#8221;middle&#8221; column_margin=&#8221;default&#8221; column_direction=&#8221;default&#8221; column_direction_tablet=&#8221;default&#8221; column_direction_phone=&#8221;default&#8221; scene_position=&#8221;center&#8221; top_padding=&#8221;0&#8243; text_color=&#8221;dark&#8221; text_align=&#8221;left&#8221; row_border_radius=&#8221;none&#8221; row_border_radius_applies=&#8221;bg&#8221; overflow=&#8221;visible&#8221; overlay_strength=&#8221;0.3&#8243; gradient_direction=&#8221;left_to_right&#8221; shape_divider_position=&#8221;bottom&#8221; bg_image_animation=&#8221;none&#8221; shape_type=&#8221;&#8221;][vc_column column_padding=&#8221;padding-3-percent&#8221; column_padding_tablet=&#8221;inherit&#8221; column_padding_phone=&#8221;inherit&#8221; column_padding_position=&#8221;all&#8221; column_element_direction_desktop=&#8221;default&#8221; column_element_spacing=&#8221;default&#8221; desktop_text_alignment=&#8221;default&#8221; tablet_text_alignment=&#8221;default&#8221; phone_text_alignment=&#8221;default&#8221; background_color=&#8221;#ffffff&#8221; background_color_opacity=&#8221;1&#8243; background_hover_color_opacity=&#8221;1&#8243; column_backdrop_filter=&#8221;none&#8221; column_shadow=&#8221;none&#8221; column_border_radius=&#8221;none&#8221; column_link_target=&#8221;_self&#8221; column_position=&#8221;default&#8221; gradient_direction=&#8221;left_to_right&#8221; overlay_strength=&#8221;0.3&#8243; width=&#8221;1\/1&#8243; tablet_width_inherit=&#8221;default&#8221; animation_type=&#8221;default&#8221; bg_image_animation=&#8221;none&#8221; border_type=&#8221;simple&#8221; column_border_width=&#8221;none&#8221; column_border_style=&#8221;solid&#8221;][vc_custom_heading text=&#8221;Boka din n\u00e4sta upplevelse till sj\u00f6ss med v\u00e5r samarbetspartner MiniCruise Denmark&#8221; font_container=&#8221;tag:h2|font_size:42|text_align:center|line_height:52px&#8221; use_theme_fonts=&#8221;yes&#8221; css_animation=&#8221;appear&#8221;][vc_column_text css=&#8221;.vc_custom_1751267325206{margin-top: 30px !important;margin-bottom: 30px !important;}&#8221; text_direction=&#8221;default&#8221;]\n<h3>\u00d8resunds Evening Cruise<\/h3>\n<p data-start=\"44\" data-end=\"369\">Upplev den danska rivieran fr\u00e5n sj\u00f6sidan ombord p\u00e5 m\/s Lea Elizabeth.<br data-start=\"143\" data-end=\"146\" \/>Fr\u00e5n sold\u00e4cket kan du njuta av ett glas bubbel medan vi sakta seglar l\u00e4ngs kusten. Se den vackra naturen med skogar, str\u00e4nder och de mysigaste sm\u00e5 hamnarna.<br data-start=\"302\" data-end=\"305\" \/>K\u00e4nn den salta havsluften och h\u00f6r v\u00e5gorna skvalpa mot skrovet.<\/p>\n<p data-start=\"371\" data-end=\"529\">N\u00e4r solen g\u00e5r ner serverar vi v\u00e5ra f\u00e4rska &#8221;Pille-R\u00e4kor&#8221; eller v\u00e5r l\u00e4ckra nordiskt inspirerade tapastallrik, <strong data-start=\"484\" data-end=\"501\">Sommarplattan<\/strong>, i den trevliga salongen.<\/p>\n<p data-start=\"531\" data-end=\"699\"><strong data-start=\"531\" data-end=\"556\">Praktisk information:<\/strong><br data-start=\"556\" data-end=\"559\" \/>M\u00f6tesplats: Sundsbussarnas terminal, F\u00e6rgevej 24 i Helsing\u00f8r.<br data-start=\"620\" data-end=\"623\" \/>Var p\u00e5 plats senast 10 minuter f\u00f6re avg\u00e5ng.<br data-start=\"666\" data-end=\"669\" \/>Varaktighet: Cirka 2 timmar.<\/p>\n<p data-start=\"531\" data-end=\"699\"><em>Notera att resan fr\u00e5n Helsingborg till Helsing\u00f8r inte ing\u00e5r i priset.<\/em><\/p>\n[\/vc_column_text][nectar_btn size=&#8221;small&#8221; button_style=&#8221;regular&#8221; button_color_2=&#8221;Accent-Color&#8221; icon_family=&#8221;none&#8221; text=&#8221;Boka platser h\u00e4r!&#8221; url=&#8221;https:\/\/minicruisedenmark.com\/da\/product\/oresunds-evening-cruise&#8221;][vc_column_text css=&#8221;.vc_custom_1751267353804{margin-top: 30px !important;margin-bottom: 30px !important;}&#8221; text_direction=&#8221;default&#8221;]\n<h3>KRONBORG om styrbord<\/h3>\n<p data-start=\"44\" data-end=\"239\">Vi ger dig nu en unik m\u00f6jlighet att se Kronborg fr\u00e5n sj\u00f6sidan. Till sj\u00f6ss betyder \u201dKronborg om styrbord\u201d att fartyget nu \u00e4r p\u00e5 v\u00e4g s\u00f6derut genom \u00d6resund \u2013 p\u00e5 v\u00e4g hem.<\/p>\n<p data-start=\"241\" data-end=\"361\">Du kan kombinera den vackra utsikten med en god r\u00e4ksm\u00f6rg\u00e5s, ett glas kallt vitt vin eller kanske en kall \u00f6l eller l\u00e4sk.<\/p>\n<p data-start=\"363\" data-end=\"545\"><strong data-start=\"363\" data-end=\"388\">Praktisk information:<\/strong><br data-start=\"388\" data-end=\"391\" \/>M\u00f6tesplats: Sundsbussarnas terminal, F\u00e6rgevej 24 i Helsing\u00f8r.<br data-start=\"452\" data-end=\"455\" \/>Var p\u00e5 plats senast 10 minuter f\u00f6re avg\u00e5ng.<br data-start=\"498\" data-end=\"501\" \/>Varaktighet: Cirka 1 timme och 45 minuter.<\/p>\n<p data-start=\"363\" data-end=\"545\"><em>Notera att resan fr\u00e5n Helsingborg till Helsing\u00f8r inte ing\u00e5r i priset.<\/em><\/p>\n[\/vc_column_text][nectar_btn size=&#8221;small&#8221; button_style=&#8221;regular&#8221; button_color_2=&#8221;Accent-Color&#8221; icon_family=&#8221;none&#8221; text=&#8221;Boka platser h\u00e4r!&#8221; url=&#8221;https:\/\/minicruisedenmark.com\/da\/product\/kronborg-om-styrbord&#8221;][vc_column_text css=&#8221;.vc_custom_1751267382980{margin-top: 30px !important;margin-bottom: 30px !important;}&#8221; text_direction=&#8221;default&#8221;]\n<h3>Tonfisksafari<\/h3>\n<p data-start=\"44\" data-end=\"178\">Tunsafari \u00e4r en naturupplevelse i toppklass. De senaste \u00e5ren har de stora rovfiskarna \u00e5terv\u00e4nt till \u00d8resundsomr\u00e5det.<\/p>\n<p data-start=\"180\" data-end=\"309\">Vi m\u00f6ter dem oftast i farvattnen mellan Helsing\u00f8r och runt Hornb\u00e6k l\u00e4ngs den danska kusten samt vid Viken p\u00e5 den svenska sidan.<\/p>\n<p data-start=\"311\" data-end=\"481\">Vi samarbetar med \u00d8resundsakvariet, som hj\u00e4lper oss med kunskap och guidar under turen, d\u00e4r vi hoppas f\u00e5 se tonfisken jaga sina favoriter \u2013 n\u00e4bbg\u00e4dda, makrill och sill.<\/p>\n<p data-start=\"483\" data-end=\"665\"><strong data-start=\"483\" data-end=\"508\">Praktisk information:<\/strong><br data-start=\"508\" data-end=\"511\" \/>M\u00f6tesplats: Sundsbussarnas terminal, F\u00e6rgevej 24 i Helsing\u00f8r.<br data-start=\"572\" data-end=\"575\" \/>Var p\u00e5 plats senast 10 minuter f\u00f6re avg\u00e5ng.<br data-start=\"618\" data-end=\"621\" \/>Varaktighet: Cirka 1 timme och 45 minuter.<\/p>\n<p data-start=\"483\" data-end=\"665\"><em>Notera att resan fr\u00e5n Helsingborg till Helsing\u00f8r inte ing\u00e5r i priset.<\/em><\/p>\n[\/vc_column_text][nectar_btn size=&#8221;small&#8221; button_style=&#8221;regular&#8221; button_color_2=&#8221;Accent-Color&#8221; icon_family=&#8221;none&#8221; text=&#8221;Boka platser h\u00e4r!&#8221; url=&#8221;https:\/\/minicruisedenmark.com\/da\/product\/tun-safari&#8221;][divider line_type=&#8221;No Line&#8221;][\/vc_column][\/vc_row]\n","protected":false},"excerpt":{"rendered":"<p>[vc_row type=&#8221;full_width_background&#8221; full_screen_row_position=&#8221;middle&#8221; column_margin=&#8221;default&#8221; column_direction=&#8221;default&#8221; column_direction_tablet=&#8221;default&#8221; column_direction_phone=&#8221;default&#8221; bg_image=&#8221;30382&#8243; bg_position=&#8221;center center&#8221; background_image_loading=&#8221;default&#8221; bg_repeat=&#8221;no-repeat&#8221; scene_position=&#8221;center&#8221; top_padding=&#8221;10%&#8221; bottom_padding=&#8221;25%&#8221; text_color=&#8221;dark&#8221; text_align=&#8221;left&#8221; row_border_radius=&#8221;none&#8221; row_border_radius_applies=&#8221;bg&#8221; overflow=&#8221;visible&#8221; enable_gradient=&#8221;true&#8221; color_overlay=&#8221;#0055a5&#8243; color_overlay_2=&#8221;#0055a5&#8243; overlay_strength=&#8221;0.8&#8243; gradient_direction=&#8221;left_to_right&#8221; enable_shape_divider=&#8221;true&#8221; shape_divider_position=&#8221;bottom&#8221; bg_image_animation=&#8221;none&#8221; shape_type=&#8221;curve_opacity&#8221; gradient_type=&#8221;default&#8221;][vc_column&#8230;<\/p>\n","protected":false},"author":42,"featured_media":0,"parent":0,"menu_order":0,"comment_status":"closed","ping_status":"closed","template":"","meta":{"_acf_changed":false,"footnotes":""},"class_list":["post-30378","page","type-page","status-publish"],"acf":[],"yoast_head":"<!-- This site is optimized with the Yoast SEO plugin v23.9 - https:\/\/yoast.com\/wordpress\/plugins\/seo\/ -->\n<title>MiniCruise Denmark - Sundbusserne<\/title>\n<meta name=\"description\" content=\"Boka din n\u00e4sta upplevelse till sj\u00f6ss med v\u00e5r samarbetspartner MiniCruise Denmark\" \/>\n<meta name=\"robots\" content=\"index, follow, max-snippet:-1, max-image-preview:large, max-video-preview:-1\" \/>\n<link rel=\"canonical\" href=\"https:\/\/sundbusserne.dk\/sv\/minicruise-denmark\/\" \/>\n<meta property=\"og:locale\" content=\"sv_SE\" \/>\n<meta property=\"og:type\" content=\"article\" \/>\n<meta property=\"og:title\" content=\"MiniCruise Denmark - Sundbusserne\" \/>\n<meta property=\"og:description\" content=\"Boka din n\u00e4sta upplevelse till sj\u00f6ss med v\u00e5r samarbetspartner MiniCruise Denmark\" \/>\n<meta property=\"og:url\" content=\"https:\/\/sundbusserne.dk\/sv\/minicruise-denmark\/\" \/>\n<meta property=\"og:site_name\" content=\"Sundbusserne\" \/>\n<meta property=\"article:publisher\" content=\"https:\/\/www.facebook.com\/sundbusserne\/\" \/>\n<meta property=\"article:modified_time\" content=\"2025-06-30T07:12:01+00:00\" \/>\n<meta name=\"twitter:card\" content=\"summary_large_image\" \/>\n<meta name=\"twitter:label1\" content=\"Ber\u00e4knad l\u00e4stid\" \/>\n\t<meta name=\"twitter:data1\" content=\"3 minuter\" \/>\n<script type=\"application\/ld+json\" class=\"yoast-schema-graph\">{\"@context\":\"https:\/\/schema.org\",\"@graph\":[{\"@type\":\"WebPage\",\"@id\":\"https:\/\/sundbusserne.dk\/sv\/minicruise-denmark\/\",\"url\":\"https:\/\/sundbusserne.dk\/sv\/minicruise-denmark\/\",\"name\":\"MiniCruise Denmark - Sundbusserne\",\"isPartOf\":{\"@id\":\"https:\/\/sundbusserne.dk\/sv\/#website\"},\"datePublished\":\"2024-08-07T10:20:12+00:00\",\"dateModified\":\"2025-06-30T07:12:01+00:00\",\"description\":\"Boka din n\u00e4sta upplevelse till sj\u00f6ss med v\u00e5r samarbetspartner MiniCruise Denmark\",\"breadcrumb\":{\"@id\":\"https:\/\/sundbusserne.dk\/sv\/minicruise-denmark\/#breadcrumb\"},\"inLanguage\":\"sv-SE\",\"potentialAction\":[{\"@type\":\"ReadAction\",\"target\":[\"https:\/\/sundbusserne.dk\/sv\/minicruise-denmark\/\"]}]},{\"@type\":\"BreadcrumbList\",\"@id\":\"https:\/\/sundbusserne.dk\/sv\/minicruise-denmark\/#breadcrumb\",\"itemListElement\":[{\"@type\":\"ListItem\",\"position\":1,\"name\":\"Hjem\",\"item\":\"https:\/\/sundbusserne.dk\/sv\/\"},{\"@type\":\"ListItem\",\"position\":2,\"name\":\"MiniCruise Denmark\"}]},{\"@type\":\"WebSite\",\"@id\":\"https:\/\/sundbusserne.dk\/sv\/#website\",\"url\":\"https:\/\/sundbusserne.dk\/sv\/\",\"name\":\"Sundbusserne\",\"description\":\"Hyggeligste tur over \u00d8resund\",\"publisher\":{\"@id\":\"https:\/\/sundbusserne.dk\/sv\/#organization\"},\"potentialAction\":[{\"@type\":\"SearchAction\",\"target\":{\"@type\":\"EntryPoint\",\"urlTemplate\":\"https:\/\/sundbusserne.dk\/sv\/?s={search_term_string}\"},\"query-input\":{\"@type\":\"PropertyValueSpecification\",\"valueRequired\":true,\"valueName\":\"search_term_string\"}}],\"inLanguage\":\"sv-SE\"},{\"@type\":\"Organization\",\"@id\":\"https:\/\/sundbusserne.dk\/sv\/#organization\",\"name\":\"Sundbusserne\",\"url\":\"https:\/\/sundbusserne.dk\/sv\/\",\"logo\":{\"@type\":\"ImageObject\",\"inLanguage\":\"sv-SE\",\"@id\":\"https:\/\/sundbusserne.dk\/sv\/#\/schema\/logo\/image\/\",\"url\":\"https:\/\/sundbusserne.dk\/wp-content\/uploads\/2018\/10\/logo_mtxt.png\",\"contentUrl\":\"https:\/\/sundbusserne.dk\/wp-content\/uploads\/2018\/10\/logo_mtxt.png\",\"width\":482,\"height\":359,\"caption\":\"Sundbusserne\"},\"image\":{\"@id\":\"https:\/\/sundbusserne.dk\/sv\/#\/schema\/logo\/image\/\"},\"sameAs\":[\"https:\/\/www.facebook.com\/sundbusserne\/\"]}]}<\/script>\n<!-- \/ Yoast SEO plugin. -->","yoast_head_json":{"title":"MiniCruise Denmark - Sundbusserne","description":"Boka din n\u00e4sta upplevelse till sj\u00f6ss med v\u00e5r samarbetspartner MiniCruise Denmark","robots":{"index":"index","follow":"follow","max-snippet":"max-snippet:-1","max-image-preview":"max-image-preview:large","max-video-preview":"max-video-preview:-1"},"canonical":"https:\/\/sundbusserne.dk\/sv\/minicruise-denmark\/","og_locale":"sv_SE","og_type":"article","og_title":"MiniCruise Denmark - Sundbusserne","og_description":"Boka din n\u00e4sta upplevelse till sj\u00f6ss med v\u00e5r samarbetspartner MiniCruise Denmark","og_url":"https:\/\/sundbusserne.dk\/sv\/minicruise-denmark\/","og_site_name":"Sundbusserne","article_publisher":"https:\/\/www.facebook.com\/sundbusserne\/","article_modified_time":"2025-06-30T07:12:01+00:00","twitter_card":"summary_large_image","twitter_misc":{"Ber\u00e4knad l\u00e4stid":"3 minuter"},"schema":{"@context":"https:\/\/schema.org","@graph":[{"@type":"WebPage","@id":"https:\/\/sundbusserne.dk\/sv\/minicruise-denmark\/","url":"https:\/\/sundbusserne.dk\/sv\/minicruise-denmark\/","name":"MiniCruise Denmark - Sundbusserne","isPartOf":{"@id":"https:\/\/sundbusserne.dk\/sv\/#website"},"datePublished":"2024-08-07T10:20:12+00:00","dateModified":"2025-06-30T07:12:01+00:00","description":"Boka din n\u00e4sta upplevelse till sj\u00f6ss med v\u00e5r samarbetspartner MiniCruise Denmark","breadcrumb":{"@id":"https:\/\/sundbusserne.dk\/sv\/minicruise-denmark\/#breadcrumb"},"inLanguage":"sv-SE","potentialAction":[{"@type":"ReadAction","target":["https:\/\/sundbusserne.dk\/sv\/minicruise-denmark\/"]}]},{"@type":"BreadcrumbList","@id":"https:\/\/sundbusserne.dk\/sv\/minicruise-denmark\/#breadcrumb","itemListElement":[{"@type":"ListItem","position":1,"name":"Hjem","item":"https:\/\/sundbusserne.dk\/sv\/"},{"@type":"ListItem","position":2,"name":"MiniCruise Denmark"}]},{"@type":"WebSite","@id":"https:\/\/sundbusserne.dk\/sv\/#website","url":"https:\/\/sundbusserne.dk\/sv\/","name":"Sundbusserne","description":"Hyggeligste tur over \u00d8resund","publisher":{"@id":"https:\/\/sundbusserne.dk\/sv\/#organization"},"potentialAction":[{"@type":"SearchAction","target":{"@type":"EntryPoint","urlTemplate":"https:\/\/sundbusserne.dk\/sv\/?s={search_term_string}"},"query-input":{"@type":"PropertyValueSpecification","valueRequired":true,"valueName":"search_term_string"}}],"inLanguage":"sv-SE"},{"@type":"Organization","@id":"https:\/\/sundbusserne.dk\/sv\/#organization","name":"Sundbusserne","url":"https:\/\/sundbusserne.dk\/sv\/","logo":{"@type":"ImageObject","inLanguage":"sv-SE","@id":"https:\/\/sundbusserne.dk\/sv\/#\/schema\/logo\/image\/","url":"https:\/\/sundbusserne.dk\/wp-content\/uploads\/2018\/10\/logo_mtxt.png","contentUrl":"https:\/\/sundbusserne.dk\/wp-content\/uploads\/2018\/10\/logo_mtxt.png","width":482,"height":359,"caption":"Sundbusserne"},"image":{"@id":"https:\/\/sundbusserne.dk\/sv\/#\/schema\/logo\/image\/"},"sameAs":["https:\/\/www.facebook.com\/sundbusserne\/"]}]}},"publishpress_future_action":{"enabled":false,"date":"2026-05-07 10:39:08","action":"change-status","newStatus":"draft","terms":[],"taxonomy":"translation_priority"},"_links":{"self":[{"href":"https:\/\/sundbusserne.dk\/sv\/wp-json\/wp\/v2\/pages\/30378","targetHints":{"allow":["GET"]}}],"collection":[{"href":"https:\/\/sundbusserne.dk\/sv\/wp-json\/wp\/v2\/pages"}],"about":[{"href":"https:\/\/sundbusserne.dk\/sv\/wp-json\/wp\/v2\/types\/page"}],"author":[{"embeddable":true,"href":"https:\/\/sundbusserne.dk\/sv\/wp-json\/wp\/v2\/users\/42"}],"replies":[{"embeddable":true,"href":"https:\/\/sundbusserne.dk\/sv\/wp-json\/wp\/v2\/comments?post=30378"}],"version-history":[{"count":16,"href":"https:\/\/sundbusserne.dk\/sv\/wp-json\/wp\/v2\/pages\/30378\/revisions"}],"predecessor-version":[{"id":32132,"href":"https:\/\/sundbusserne.dk\/sv\/wp-json\/wp\/v2\/pages\/30378\/revisions\/32132"}],"wp:attachment":[{"href":"https:\/\/sundbusserne.dk\/sv\/wp-json\/wp\/v2\/media?parent=30378"}],"curies":[{"name":"wp","href":"https:\/\/api.w.org\/{rel}","templated":true}]}}