{"id":28255,"date":"2023-04-28T12:22:26","date_gmt":"2023-04-28T10:22:26","guid":{"rendered":"https:\/\/www.sundbusserne.dk\/?page_id=28255"},"modified":"2024-01-05T14:15:21","modified_gmt":"2024-01-05T13:15:21","slug":"baatluffa-paa-oresund","status":"publish","type":"page","link":"https:\/\/sundbusserne.dk\/sv\/handelser\/baatluffa-paa-oresund\/","title":{"rendered":"B\u00e5tluffa p\u00e5 \u00d6resund"},"content":{"rendered":"[vc_row type=&#8221;in_container&#8221; full_screen_row_position=&#8221;middle&#8221; column_margin=&#8221;default&#8221; column_direction=&#8221;default&#8221; column_direction_tablet=&#8221;default&#8221; column_direction_phone=&#8221;default&#8221; scene_position=&#8221;center&#8221; text_color=&#8221;dark&#8221; text_align=&#8221;left&#8221; row_border_radius=&#8221;none&#8221; row_border_radius_applies=&#8221;bg&#8221; overflow=&#8221;visible&#8221; overlay_strength=&#8221;0.3&#8243; gradient_direction=&#8221;left_to_right&#8221; shape_divider_position=&#8221;bottom&#8221; bg_image_animation=&#8221;none&#8221;][vc_column column_padding=&#8221;no-extra-padding&#8221; column_padding_tablet=&#8221;inherit&#8221; column_padding_phone=&#8221;inherit&#8221; column_padding_position=&#8221;all&#8221; column_element_direction_desktop=&#8221;default&#8221; column_element_spacing=&#8221;default&#8221; desktop_text_alignment=&#8221;default&#8221; tablet_text_alignment=&#8221;default&#8221; phone_text_alignment=&#8221;default&#8221; background_color_opacity=&#8221;1&#8243; background_hover_color_opacity=&#8221;1&#8243; column_backdrop_filter=&#8221;none&#8221; column_shadow=&#8221;none&#8221; column_border_radius=&#8221;none&#8221; column_link_target=&#8221;_self&#8221; column_position=&#8221;default&#8221; gradient_direction=&#8221;left_to_right&#8221; overlay_strength=&#8221;0.3&#8243; width=&#8221;1\/1&#8243; tablet_width_inherit=&#8221;default&#8221; animation_type=&#8221;default&#8221; bg_image_animation=&#8221;none&#8221; border_type=&#8221;simple&#8221; column_border_width=&#8221;none&#8221; column_border_style=&#8221;solid&#8221;][divider line_type=&#8221;No Line&#8221;][vc_column_text]\n<h1><\/h1>\n<h1>B\u00e5tluffa p\u00e5 \u00d6resund<\/h1>\n<p>Ta en eftermiddag p\u00e5 Sundet och b\u00e5tluffa till Ven under maj och juni. Ditt mini-\u00e4ventyr b\u00f6rjar fr\u00e5n Helsingborg n\u00e4r nu har k\u00f6pt din b\u00e5tluffarbiljett\/sviptur\u00a0<strong><a href=\"https:\/\/www.visithven.dk\/billetter\/\">h\u00e4r<\/a><\/strong>.<\/p>\n<p><a href=\"https:\/\/www.visithven.dk\/sv\/priser\/\"><img fetchpriority=\"high\" decoding=\"async\" class=\"alignright wp-image-28260 size-medium\" src=\"https:\/\/sundbusserne.dk\/wp-content\/uploads\/2023\/04\/Hven-agterdaek-225x300.jpg\" alt=\"Ven agter Jeppe B\u00e5tluffa Sundsbussarna\" width=\"225\" height=\"300\" srcset=\"https:\/\/sundbusserne.dk\/wp-content\/uploads\/2023\/04\/Hven-agterdaek-225x300.jpg 225w, https:\/\/sundbusserne.dk\/wp-content\/uploads\/2023\/04\/Hven-agterdaek-768x1024.jpg 768w, https:\/\/sundbusserne.dk\/wp-content\/uploads\/2023\/04\/Hven-agterdaek-1152x1536.jpg 1152w, https:\/\/sundbusserne.dk\/wp-content\/uploads\/2023\/04\/Hven-agterdaek-scaled.jpg 1536w\" sizes=\"(max-width: 225px) 100vw, 225px\" \/><\/a>Ven \u00e4r \u00d6resunds \u00e4ventyr\u00f6. Mitt i sundet mellan Danmark och Sverige h\u00f6jer den upp sig med sina branta kuster. Det \u00e4r l\u00e4tt att f\u00f6r\u00e4lska sig i Ven.<\/p>\n<h2><strong>S\u00e5 b\u00e5tluffar du med Sundsbussarna<\/strong><\/h2>\n<p>Att b\u00e5tluffa p\u00e5 Sundet \u00e4r ett h\u00e4ftigt s\u00e4tt att uppleva Ven och \u00d6resund p\u00e5 en eftermiddag.<\/p>\n<p>S\u00e5 h\u00e4r g\u00f6r du n\u00e4r du ska b\u00e5tluffa med Sundsbussarna:<\/p>\n<p>K\u00f6p en <strong><a href=\"https:\/\/www.visithven.dk\/billetter\/\">B\u00e5tluffarbiljett \/ Sviptur<\/a><\/strong>\u00a0(biljetterna kostar fr\u00e5n 179 DKK), vis upp din biljett i terminalen i Helsingborg, kliv ombord p\u00e5 Sundsbussarnas M\/S Pernille kl. 11.00 och \u00e5k med \u00f6ver till Helsing\u00f8r. Kl. 12.00 avg\u00e5r M\/S Jeppe fr\u00e5n kajen i Helsing\u00f8r, hoppa ombord och njut av den mysiga turen till fina Ven. Best\u00e4ll g\u00e4rna lunch n\u00e4r du bokar din biljett, det finns et utm\u00e4rkt urval av mat under turen, men det m\u00e5ste f\u00f6rbokas.<\/p>\n<p><img decoding=\"async\" class=\"size-medium wp-image-28266 alignleft\" src=\"https:\/\/sundbusserne.dk\/wp-content\/uploads\/2023\/04\/Foraar-Hven-2-300x225.jpg\" alt=\"Fpr\u00e5r p\u00e5 Hven b\u00e5tluffa med Sundsbussarna\" width=\"300\" height=\"225\" srcset=\"https:\/\/sundbusserne.dk\/wp-content\/uploads\/2023\/04\/Foraar-Hven-2-300x225.jpg 300w, https:\/\/sundbusserne.dk\/wp-content\/uploads\/2023\/04\/Foraar-Hven-2-1024x769.jpg 1024w, https:\/\/sundbusserne.dk\/wp-content\/uploads\/2023\/04\/Foraar-Hven-2-768x577.jpg 768w, https:\/\/sundbusserne.dk\/wp-content\/uploads\/2023\/04\/Foraar-Hven-2.jpg 1440w\" sizes=\"(max-width: 300px) 100vw, 300px\" \/><\/p>\n<p>P\u00e5 Ven f\u00e5r du uppleva det enkla, ljuva \u00f8-livet i et par timmar. Tid nog f\u00f6r en promenad, en glass, ett glas eller vad du tycker om. Ven \u00e4r ocks\u00e5 perfekt att utforska p\u00e5 cykel, med vackra v\u00e4ger som str\u00e4cker sig l\u00e4ngs \u00f6ns byar och sev\u00e4rdheter.<\/p>\n<p>Kl. 15.30 \u00e5ker vi retur till Helsing\u00f8r. Sista tur p\u00e5 b\u00e5tluffarbiljetten kan du ta direkt, eller n\u00e4r det passar dig samma dag.<strong><a href=\"https:\/\/sundbusserne.dk\/sv\/tidtabell\/\"> Se senaste avg\u00e5ng Helsing\u00f8r-Helsingborg h\u00e4r<\/a><\/strong><\/p>\n<h2><strong>Boka din b\u00e5tluffarbiljett<\/strong><\/h2>\n<p>Du kan boka din b\u00e5tluffarbiljett p\u00e5 VisitHven.dk. Klicka p\u00e5 avg\u00e5ng kl. 12 och v\u00e4lj d\u00e5 &#8221;sviptur&#8221;. Det finns m\u00f6jlighet att best\u00e4lla mat till resan, n\u00e4r du bokar din b\u00e5tluffarbiljett.\u00a0B\u00f6rja planera f\u00f6r ditt n\u00e4sta \u00e4ventyr.<\/p>\n<h2>Avg\u00e5ngar:<\/h2>\n<p><strong>11:00<\/strong>, avg. Helsingborg<br \/>\n<strong>12:00<\/strong>, avg. Helsing\u00f8r<br \/>\n<strong>13:00<\/strong>, ank. Ven (B\u00e4ckviken)<br \/>\n<strong>15.30<\/strong>, avg. Ven (ank. Helsing\u00f6r 16.35)<br \/>\n<strong>17:30<\/strong>, avg. Helsing\u00f8r <strong>*<\/strong><\/p>\n<p><strong>*<\/strong>Vi kan inte garantera att det finns plats att \u00e5ka denna avg\u00e5ng fredag och l\u00f6rdag<\/p>\n<p>Har du fr\u00e5gor? Kontakta <a href=\"https:\/\/www.visithven.dk\">VisitHven<\/a> p\u00e5 <a href=\"mailto:kundeservice@visithven.dk\">kundeservice@visithven.dk<\/a> eller tel. <a href=\"tel:+4531319103\">+45 3131 9103<\/a>[\/vc_column_text][nectar_btn size=&#8221;jumbo&#8221; button_style=&#8221;regular&#8221; button_color_2=&#8221;Accent-Color&#8221; color_override=&#8221;#30b70b&#8221; icon_family=&#8221;none&#8221; text=&#8221;BOKA H\u00c4R&#8221; url=&#8221;https:\/\/www.visithven.dk\/billetter\/&#8221;][divider line_type=&#8221;No Line&#8221;][image_with_animation image_url=&#8221;28276&#8243; image_size=&#8221;full&#8221; animation_type=&#8221;entrance&#8221; animation=&#8221;None&#8221; animation_movement_type=&#8221;transform_y&#8221; hover_animation=&#8221;none&#8221; alignment=&#8221;&#8221; border_radius=&#8221;none&#8221; box_shadow=&#8221;none&#8221; image_loading=&#8221;default&#8221; max_width=&#8221;100%&#8221; max_width_mobile=&#8221;default&#8221;][\/vc_column][\/vc_row][vc_row type=&#8221;in_container&#8221; full_screen_row_position=&#8221;middle&#8221; column_margin=&#8221;default&#8221; column_direction=&#8221;default&#8221; column_direction_tablet=&#8221;default&#8221; column_direction_phone=&#8221;default&#8221; scene_position=&#8221;center&#8221; text_color=&#8221;dark&#8221; text_align=&#8221;left&#8221; row_border_radius=&#8221;none&#8221; row_border_radius_applies=&#8221;bg&#8221; overflow=&#8221;visible&#8221; overlay_strength=&#8221;0.3&#8243; gradient_direction=&#8221;left_to_right&#8221; shape_divider_position=&#8221;bottom&#8221; bg_image_animation=&#8221;none&#8221;][vc_column column_padding=&#8221;no-extra-padding&#8221; column_padding_tablet=&#8221;inherit&#8221; column_padding_phone=&#8221;inherit&#8221; column_padding_position=&#8221;all&#8221; column_element_direction_desktop=&#8221;default&#8221; column_element_spacing=&#8221;default&#8221; desktop_text_alignment=&#8221;default&#8221; tablet_text_alignment=&#8221;default&#8221; phone_text_alignment=&#8221;default&#8221; background_color_opacity=&#8221;1&#8243; background_hover_color_opacity=&#8221;1&#8243; column_backdrop_filter=&#8221;none&#8221; column_shadow=&#8221;none&#8221; column_border_radius=&#8221;none&#8221; column_link_target=&#8221;_self&#8221; column_position=&#8221;default&#8221; gradient_direction=&#8221;left_to_right&#8221; overlay_strength=&#8221;0.3&#8243; width=&#8221;1\/1&#8243; tablet_width_inherit=&#8221;default&#8221; animation_type=&#8221;default&#8221; bg_image_animation=&#8221;none&#8221; border_type=&#8221;simple&#8221; column_border_width=&#8221;none&#8221; column_border_style=&#8221;solid&#8221;][\/vc_column][\/vc_row]\n","protected":false},"excerpt":{"rendered":"<p>[vc_row type=&#8221;in_container&#8221; full_screen_row_position=&#8221;middle&#8221; column_margin=&#8221;default&#8221; column_direction=&#8221;default&#8221; column_direction_tablet=&#8221;default&#8221; column_direction_phone=&#8221;default&#8221; scene_position=&#8221;center&#8221; text_color=&#8221;dark&#8221; text_align=&#8221;left&#8221; row_border_radius=&#8221;none&#8221; row_border_radius_applies=&#8221;bg&#8221; overflow=&#8221;visible&#8221; overlay_strength=&#8221;0.3&#8243; gradient_direction=&#8221;left_to_right&#8221; shape_divider_position=&#8221;bottom&#8221; bg_image_animation=&#8221;none&#8221;][vc_column column_padding=&#8221;no-extra-padding&#8221; column_padding_tablet=&#8221;inherit&#8221; column_padding_phone=&#8221;inherit&#8221; column_padding_position=&#8221;all&#8221; column_element_direction_desktop=&#8221;default&#8221; column_element_spacing=&#8221;default&#8221; desktop_text_alignment=&#8221;default&#8221; tablet_text_alignment=&#8221;default&#8221; phone_text_alignment=&#8221;default&#8221; background_color_opacity=&#8221;1&#8243; background_hover_color_opacity=&#8221;1&#8243; column_backdrop_filter=&#8221;none&#8221; column_shadow=&#8221;none&#8221;&#8230;<\/p>\n","protected":false},"author":41,"featured_media":0,"parent":1896,"menu_order":0,"comment_status":"closed","ping_status":"closed","template":"","meta":{"_acf_changed":false,"footnotes":""},"class_list":["post-28255","page","type-page","status-publish"],"acf":[],"yoast_head":"<!-- This site is optimized with the Yoast SEO plugin v23.9 - https:\/\/yoast.com\/wordpress\/plugins\/seo\/ -->\n<title>B\u00e5tluffa p\u00e5 \u00d6resund - Sundbusserne<\/title>\n<meta name=\"description\" content=\"B\u00e5tluffa p\u00e5 \u00d6resund fr\u00e5n Helsingborg - Helsing\u00f6r - Ven och retur p\u00e5 en eftermiddag. Cruise k\u00e4nsla och m\u00f6jlighet att luncha under turen.\" \/>\n<meta name=\"robots\" content=\"index, follow, max-snippet:-1, max-image-preview:large, max-video-preview:-1\" \/>\n<link rel=\"canonical\" href=\"https:\/\/sundbusserne.dk\/sv\/handelser\/baatluffa-paa-oresund\/\" \/>\n<meta property=\"og:locale\" content=\"sv_SE\" \/>\n<meta property=\"og:type\" content=\"article\" \/>\n<meta property=\"og:title\" content=\"B\u00e5tluffa p\u00e5 \u00d6resund\" \/>\n<meta property=\"og:description\" content=\"B\u00e5tluffa till finaste Ven\u2764\ufe0f Helsingborg - Helsing\u00f6r - B\u00e4ckviken - Helsing\u00f6r - Helsingborg\" \/>\n<meta property=\"og:url\" content=\"https:\/\/sundbusserne.dk\/sv\/handelser\/baatluffa-paa-oresund\/\" \/>\n<meta property=\"og:site_name\" content=\"Sundbusserne\" \/>\n<meta property=\"article:publisher\" content=\"https:\/\/www.facebook.com\/sundbusserne\/\" \/>\n<meta property=\"article:modified_time\" content=\"2024-01-05T13:15:21+00:00\" \/>\n<meta property=\"og:image\" content=\"https:\/\/sundbusserne.dk\/wp-content\/uploads\/2023\/04\/Hven-backviken-havnebassin-scaled.jpg\" \/>\n\t<meta property=\"og:image:width\" content=\"2048\" \/>\n\t<meta property=\"og:image:height\" content=\"1536\" \/>\n\t<meta property=\"og:image:type\" content=\"image\/jpeg\" \/>\n<meta name=\"twitter:card\" content=\"summary_large_image\" \/>\n<meta name=\"twitter:label1\" content=\"Ber\u00e4knad l\u00e4stid\" \/>\n\t<meta name=\"twitter:data1\" content=\"3 minuter\" \/>\n<script type=\"application\/ld+json\" class=\"yoast-schema-graph\">{\"@context\":\"https:\/\/schema.org\",\"@graph\":[{\"@type\":\"WebPage\",\"@id\":\"https:\/\/sundbusserne.dk\/sv\/handelser\/baatluffa-paa-oresund\/\",\"url\":\"https:\/\/sundbusserne.dk\/sv\/handelser\/baatluffa-paa-oresund\/\",\"name\":\"B\u00e5tluffa p\u00e5 \u00d6resund - Sundbusserne\",\"isPartOf\":{\"@id\":\"https:\/\/sundbusserne.dk\/sv\/#website\"},\"primaryImageOfPage\":{\"@id\":\"https:\/\/sundbusserne.dk\/sv\/handelser\/baatluffa-paa-oresund\/#primaryimage\"},\"image\":{\"@id\":\"https:\/\/sundbusserne.dk\/sv\/handelser\/baatluffa-paa-oresund\/#primaryimage\"},\"thumbnailUrl\":\"https:\/\/sundbusserne.dk\/wp-content\/uploads\/2023\/04\/Hven-agterdaek-225x300.jpg\",\"datePublished\":\"2023-04-28T10:22:26+00:00\",\"dateModified\":\"2024-01-05T13:15:21+00:00\",\"description\":\"B\u00e5tluffa p\u00e5 \u00d6resund fr\u00e5n Helsingborg - Helsing\u00f6r - Ven och retur p\u00e5 en eftermiddag. Cruise k\u00e4nsla och m\u00f6jlighet att luncha under turen.\",\"breadcrumb\":{\"@id\":\"https:\/\/sundbusserne.dk\/sv\/handelser\/baatluffa-paa-oresund\/#breadcrumb\"},\"inLanguage\":\"sv-SE\",\"potentialAction\":[{\"@type\":\"ReadAction\",\"target\":[\"https:\/\/sundbusserne.dk\/sv\/handelser\/baatluffa-paa-oresund\/\"]}]},{\"@type\":\"ImageObject\",\"inLanguage\":\"sv-SE\",\"@id\":\"https:\/\/sundbusserne.dk\/sv\/handelser\/baatluffa-paa-oresund\/#primaryimage\",\"url\":\"https:\/\/sundbusserne.dk\/wp-content\/uploads\/2023\/04\/Hven-agterdaek-225x300.jpg\",\"contentUrl\":\"https:\/\/sundbusserne.dk\/wp-content\/uploads\/2023\/04\/Hven-agterdaek-225x300.jpg\"},{\"@type\":\"BreadcrumbList\",\"@id\":\"https:\/\/sundbusserne.dk\/sv\/handelser\/baatluffa-paa-oresund\/#breadcrumb\",\"itemListElement\":[{\"@type\":\"ListItem\",\"position\":1,\"name\":\"Hjem\",\"item\":\"https:\/\/sundbusserne.dk\/sv\/\"},{\"@type\":\"ListItem\",\"position\":2,\"name\":\"H\u00e4ndelser\",\"item\":\"https:\/\/sundbusserne.dk\/sv\/handelser\/\"},{\"@type\":\"ListItem\",\"position\":3,\"name\":\"B\u00e5tluffa p\u00e5 \u00d6resund\"}]},{\"@type\":\"WebSite\",\"@id\":\"https:\/\/sundbusserne.dk\/sv\/#website\",\"url\":\"https:\/\/sundbusserne.dk\/sv\/\",\"name\":\"Sundbusserne\",\"description\":\"Hyggeligste tur over \u00d8resund\",\"publisher\":{\"@id\":\"https:\/\/sundbusserne.dk\/sv\/#organization\"},\"potentialAction\":[{\"@type\":\"SearchAction\",\"target\":{\"@type\":\"EntryPoint\",\"urlTemplate\":\"https:\/\/sundbusserne.dk\/sv\/?s={search_term_string}\"},\"query-input\":{\"@type\":\"PropertyValueSpecification\",\"valueRequired\":true,\"valueName\":\"search_term_string\"}}],\"inLanguage\":\"sv-SE\"},{\"@type\":\"Organization\",\"@id\":\"https:\/\/sundbusserne.dk\/sv\/#organization\",\"name\":\"Sundbusserne\",\"url\":\"https:\/\/sundbusserne.dk\/sv\/\",\"logo\":{\"@type\":\"ImageObject\",\"inLanguage\":\"sv-SE\",\"@id\":\"https:\/\/sundbusserne.dk\/sv\/#\/schema\/logo\/image\/\",\"url\":\"https:\/\/sundbusserne.dk\/wp-content\/uploads\/2018\/10\/logo_mtxt.png\",\"contentUrl\":\"https:\/\/sundbusserne.dk\/wp-content\/uploads\/2018\/10\/logo_mtxt.png\",\"width\":482,\"height\":359,\"caption\":\"Sundbusserne\"},\"image\":{\"@id\":\"https:\/\/sundbusserne.dk\/sv\/#\/schema\/logo\/image\/\"},\"sameAs\":[\"https:\/\/www.facebook.com\/sundbusserne\/\"]}]}<\/script>\n<!-- \/ Yoast SEO plugin. -->","yoast_head_json":{"title":"B\u00e5tluffa p\u00e5 \u00d6resund - Sundbusserne","description":"B\u00e5tluffa p\u00e5 \u00d6resund fr\u00e5n Helsingborg - Helsing\u00f6r - Ven och retur p\u00e5 en eftermiddag. Cruise k\u00e4nsla och m\u00f6jlighet att luncha under turen.","robots":{"index":"index","follow":"follow","max-snippet":"max-snippet:-1","max-image-preview":"max-image-preview:large","max-video-preview":"max-video-preview:-1"},"canonical":"https:\/\/sundbusserne.dk\/sv\/handelser\/baatluffa-paa-oresund\/","og_locale":"sv_SE","og_type":"article","og_title":"B\u00e5tluffa p\u00e5 \u00d6resund","og_description":"B\u00e5tluffa till finaste Ven\u2764\ufe0f Helsingborg - Helsing\u00f6r - B\u00e4ckviken - Helsing\u00f6r - Helsingborg","og_url":"https:\/\/sundbusserne.dk\/sv\/handelser\/baatluffa-paa-oresund\/","og_site_name":"Sundbusserne","article_publisher":"https:\/\/www.facebook.com\/sundbusserne\/","article_modified_time":"2024-01-05T13:15:21+00:00","og_image":[{"width":2048,"height":1536,"url":"https:\/\/sundbusserne.dk\/wp-content\/uploads\/2023\/04\/Hven-backviken-havnebassin-scaled.jpg","type":"image\/jpeg"}],"twitter_card":"summary_large_image","twitter_misc":{"Ber\u00e4knad l\u00e4stid":"3 minuter"},"schema":{"@context":"https:\/\/schema.org","@graph":[{"@type":"WebPage","@id":"https:\/\/sundbusserne.dk\/sv\/handelser\/baatluffa-paa-oresund\/","url":"https:\/\/sundbusserne.dk\/sv\/handelser\/baatluffa-paa-oresund\/","name":"B\u00e5tluffa p\u00e5 \u00d6resund - Sundbusserne","isPartOf":{"@id":"https:\/\/sundbusserne.dk\/sv\/#website"},"primaryImageOfPage":{"@id":"https:\/\/sundbusserne.dk\/sv\/handelser\/baatluffa-paa-oresund\/#primaryimage"},"image":{"@id":"https:\/\/sundbusserne.dk\/sv\/handelser\/baatluffa-paa-oresund\/#primaryimage"},"thumbnailUrl":"https:\/\/sundbusserne.dk\/wp-content\/uploads\/2023\/04\/Hven-agterdaek-225x300.jpg","datePublished":"2023-04-28T10:22:26+00:00","dateModified":"2024-01-05T13:15:21+00:00","description":"B\u00e5tluffa p\u00e5 \u00d6resund fr\u00e5n Helsingborg - Helsing\u00f6r - Ven och retur p\u00e5 en eftermiddag. Cruise k\u00e4nsla och m\u00f6jlighet att luncha under turen.","breadcrumb":{"@id":"https:\/\/sundbusserne.dk\/sv\/handelser\/baatluffa-paa-oresund\/#breadcrumb"},"inLanguage":"sv-SE","potentialAction":[{"@type":"ReadAction","target":["https:\/\/sundbusserne.dk\/sv\/handelser\/baatluffa-paa-oresund\/"]}]},{"@type":"ImageObject","inLanguage":"sv-SE","@id":"https:\/\/sundbusserne.dk\/sv\/handelser\/baatluffa-paa-oresund\/#primaryimage","url":"https:\/\/sundbusserne.dk\/wp-content\/uploads\/2023\/04\/Hven-agterdaek-225x300.jpg","contentUrl":"https:\/\/sundbusserne.dk\/wp-content\/uploads\/2023\/04\/Hven-agterdaek-225x300.jpg"},{"@type":"BreadcrumbList","@id":"https:\/\/sundbusserne.dk\/sv\/handelser\/baatluffa-paa-oresund\/#breadcrumb","itemListElement":[{"@type":"ListItem","position":1,"name":"Hjem","item":"https:\/\/sundbusserne.dk\/sv\/"},{"@type":"ListItem","position":2,"name":"H\u00e4ndelser","item":"https:\/\/sundbusserne.dk\/sv\/handelser\/"},{"@type":"ListItem","position":3,"name":"B\u00e5tluffa p\u00e5 \u00d6resund"}]},{"@type":"WebSite","@id":"https:\/\/sundbusserne.dk\/sv\/#website","url":"https:\/\/sundbusserne.dk\/sv\/","name":"Sundbusserne","description":"Hyggeligste tur over \u00d8resund","publisher":{"@id":"https:\/\/sundbusserne.dk\/sv\/#organization"},"potentialAction":[{"@type":"SearchAction","target":{"@type":"EntryPoint","urlTemplate":"https:\/\/sundbusserne.dk\/sv\/?s={search_term_string}"},"query-input":{"@type":"PropertyValueSpecification","valueRequired":true,"valueName":"search_term_string"}}],"inLanguage":"sv-SE"},{"@type":"Organization","@id":"https:\/\/sundbusserne.dk\/sv\/#organization","name":"Sundbusserne","url":"https:\/\/sundbusserne.dk\/sv\/","logo":{"@type":"ImageObject","inLanguage":"sv-SE","@id":"https:\/\/sundbusserne.dk\/sv\/#\/schema\/logo\/image\/","url":"https:\/\/sundbusserne.dk\/wp-content\/uploads\/2018\/10\/logo_mtxt.png","contentUrl":"https:\/\/sundbusserne.dk\/wp-content\/uploads\/2018\/10\/logo_mtxt.png","width":482,"height":359,"caption":"Sundbusserne"},"image":{"@id":"https:\/\/sundbusserne.dk\/sv\/#\/schema\/logo\/image\/"},"sameAs":["https:\/\/www.facebook.com\/sundbusserne\/"]}]}},"publishpress_future_action":{"enabled":false,"date":"2026-05-10 17:21:58","action":"change-status","newStatus":"draft","terms":[],"taxonomy":"translation_priority"},"_links":{"self":[{"href":"https:\/\/sundbusserne.dk\/sv\/wp-json\/wp\/v2\/pages\/28255","targetHints":{"allow":["GET"]}}],"collection":[{"href":"https:\/\/sundbusserne.dk\/sv\/wp-json\/wp\/v2\/pages"}],"about":[{"href":"https:\/\/sundbusserne.dk\/sv\/wp-json\/wp\/v2\/types\/page"}],"author":[{"embeddable":true,"href":"https:\/\/sundbusserne.dk\/sv\/wp-json\/wp\/v2\/users\/41"}],"replies":[{"embeddable":true,"href":"https:\/\/sundbusserne.dk\/sv\/wp-json\/wp\/v2\/comments?post=28255"}],"version-history":[{"count":6,"href":"https:\/\/sundbusserne.dk\/sv\/wp-json\/wp\/v2\/pages\/28255\/revisions"}],"predecessor-version":[{"id":29608,"href":"https:\/\/sundbusserne.dk\/sv\/wp-json\/wp\/v2\/pages\/28255\/revisions\/29608"}],"up":[{"embeddable":true,"href":"https:\/\/sundbusserne.dk\/sv\/wp-json\/wp\/v2\/pages\/1896"}],"wp:attachment":[{"href":"https:\/\/sundbusserne.dk\/sv\/wp-json\/wp\/v2\/media?parent=28255"}],"curies":[{"name":"wp","href":"https:\/\/api.w.org\/{rel}","templated":true}]}}