{"id":25291,"date":"2019-05-13T10:23:36","date_gmt":"2019-05-13T08:23:36","guid":{"rendered":"https:\/\/www.sundbusserne.dk\/sankt-hans-2019-2\/"},"modified":"2022-09-21T12:01:20","modified_gmt":"2022-09-21T10:01:20","slug":"barn-aaker-gratis","status":"publish","type":"page","link":"https:\/\/sundbusserne.dk\/sv\/barn-aaker-gratis\/","title":{"rendered":"Barn \u00e5ker gratis med Sundsbussarna"},"content":{"rendered":"[vc_row type=&#8221;full_width_background&#8221; full_screen_row_position=&#8221;middle&#8221; bg_image=&#8221;6542&#8243; bg_position=&#8221;center center&#8221; bg_repeat=&#8221;no-repeat&#8221; scene_position=&#8221;center&#8221; text_color=&#8221;dark&#8221; text_align=&#8221;left&#8221; top_padding=&#8221;12%&#8221; bottom_padding=&#8221;8%&#8221; enable_gradient=&#8221;true&#8221; color_overlay=&#8221;#0055a5&#8243; color_overlay_2=&#8221;#0055a5&#8243; gradient_direction=&#8221;left_to_right&#8221; overlay_strength=&#8221;0.8&#8243; enable_shape_divider=&#8221;true&#8221; shape_divider_position=&#8221;bottom&#8221; shape_type=&#8221;straight_section&#8221;][vc_column centered_text=&#8221;true&#8221; column_padding=&#8221;no-extra-padding&#8221; column_padding_position=&#8221;all&#8221; background_color_opacity=&#8221;1&#8243; background_hover_color_opacity=&#8221;1&#8243; font_color=&#8221;#ffffff&#8221; column_link_target=&#8221;_self&#8221; column_shadow=&#8221;none&#8221; column_border_radius=&#8221;none&#8221; width=&#8221;1\/1&#8243; tablet_width_inherit=&#8221;default&#8221; tablet_text_alignment=&#8221;default&#8221; phone_text_alignment=&#8221;default&#8221; column_border_width=&#8221;none&#8221; column_border_style=&#8221;solid&#8221;][split_line_heading]\n<h1 style=\"color: #ffffff; text-align: center;\">Barn \u00e5ker gratis med Sundsbussarna<\/h1>\n[\/split_line_heading][vc_column_text]\n<div class=\"wpb_text_column wpb_content_element vc_custom_1546520823775\">\n<div class=\"wpb_wrapper\">\n<h2 style=\"text-align: center;\"><span style=\"color: #ffffff;\">1 betalande vuxen kan ta med sig 2 barn (tom. 15 \u00e5r) gratis<\/span><\/h2>\n<\/div>\n<\/div>\n[\/vc_column_text][\/vc_column][\/vc_row][vc_row type=&#8221;in_container&#8221; full_screen_row_position=&#8221;middle&#8221; scene_position=&#8221;center&#8221; text_color=&#8221;dark&#8221; text_align=&#8221;left&#8221; overlay_strength=&#8221;0.3&#8243; shape_divider_position=&#8221;bottom&#8221; shape_type=&#8221;&#8221;][vc_column column_padding=&#8221;no-extra-padding&#8221; column_padding_position=&#8221;all&#8221; background_color=&#8221;#ffffff&#8221; background_color_opacity=&#8221;1&#8243; background_hover_color_opacity=&#8221;1&#8243; column_link_target=&#8221;_self&#8221; column_shadow=&#8221;none&#8221; column_border_radius=&#8221;none&#8221; width=&#8221;1\/1&#8243; tablet_width_inherit=&#8221;default&#8221; tablet_text_alignment=&#8221;default&#8221; phone_text_alignment=&#8221;default&#8221; column_border_width=&#8221;none&#8221; column_border_style=&#8221;solid&#8221;][vc_row_inner column_margin=&#8221;default&#8221; text_align=&#8221;left&#8221;][vc_column_inner column_padding=&#8221;no-extra-padding&#8221; column_padding_position=&#8221;all&#8221; background_color_opacity=&#8221;1&#8243; background_hover_color_opacity=&#8221;1&#8243; column_shadow=&#8221;none&#8221; column_border_radius=&#8221;none&#8221; column_link_target=&#8221;_self&#8221; width=&#8221;1\/2&#8243; tablet_width_inherit=&#8221;default&#8221; column_border_width=&#8221;none&#8221; column_border_style=&#8221;solid&#8221;][vc_column_text]\n<h1><strong>Ta med dig barnen gratis<\/strong><\/h1>\n<h4><strong style=\"font-size: 16px;\">Ta med dig barnen p\u00e5 utflykt till Danmark &#8211; 1 betalande vuxen kan ta 2 barn (0-15 \u00e5r) med \u00f6ver sundet. Helt gratis. \u00a0<\/strong><\/h4>\n[\/vc_column_text][\/vc_column_inner][vc_column_inner column_padding=&#8221;padding-3-percent&#8221; column_padding_position=&#8221;left-right&#8221; background_color=&#8221;#ffffff&#8221; background_color_opacity=&#8221;1&#8243; background_hover_color_opacity=&#8221;1&#8243; column_shadow=&#8221;small_depth&#8221; column_border_radius=&#8221;10px&#8221; top_margin=&#8221;-100&#8243; column_link_target=&#8221;_self&#8221; width=&#8221;1\/2&#8243; tablet_width_inherit=&#8221;default&#8221; column_border_width=&#8221;none&#8221; column_border_style=&#8221;solid&#8221; offset=&#8221;vc_hidden-sm vc_hidden-xs&#8221;][vc_column_text css=&#8221;.vc_custom_1637594741244{margin-top: 30px !important;margin-bottom: 30px !important;}&#8221;]\n<h3>H\u00e4rliga upplevelser bara 20 minuter bort &#8211; och ombord.<\/h3>\n<p>Det \u00e4r trevligt och l\u00e4tt &#8211; och s\u00e5 g\u00e5r det fort &#8211; att segla \u00f6ver sundet med Sundsbussarna.<\/p>\n<p>Sj\u00e4lva resan \u00e4r en upplevelse i sig. Utsikten, den friska havsluften, god mat och dryck. H\u00e4r finns b\u00e5de &#8217;r\u00f8de p\u00f8lser&#8217;, &#8217;sm\u00f8rrebr\u00f8d&#8217; fr\u00e5n v\u00e5rt eget k\u00f6k, snacks och godis.<\/p>\n<p>OBS. Vi \u00e5ker fr\u00e5n city till city, s\u00e5 du ankommer direkt i centrum b\u00e5de i Helsing\u00f6r och Helsingborg.[\/vc_column_text][\/vc_column_inner][\/vc_row_inner][divider line_type=&#8221;Small Line&#8221; line_alignment=&#8221;default&#8221; line_thickness=&#8221;1&#8243; divider_color=&#8221;default&#8221;][vc_column_text css=&#8221;.vc_custom_1663754478963{margin-bottom: 30px !important;}&#8221;]Ses vi i Helsing\u00f6r? L\u00e4s mera om <a href=\"https:\/\/bornibyen.dk\/koebenhavn\/articles\/boernevenlige-oplevelser-i-helsingoer\" target=\"_blank\" rel=\"noopener noreferrer\">upplevelser i Helsing\u00f6r h\u00e4r.<\/a>[\/vc_column_text][divider line_type=&#8221;Small Line&#8221; line_alignment=&#8221;default&#8221; line_thickness=&#8221;1&#8243; divider_color=&#8221;default&#8221;][vc_column_text css=&#8221;.vc_custom_1652870455739{margin-bottom: 30px !important;}&#8221;]\n<h2>En T\/R biljett f\u00f6r 1 vuxen kostar DKK 90. K\u00f6p biljetten i terminalen<\/h2>\n<h4><a href=\"https:\/\/sundbusserne.dk\/sv\/tidtabell\/\">Se turlistan h\u00e4r<\/a>.<\/h4>\n[\/vc_column_text][divider line_type=&#8221;Small Line&#8221; line_alignment=&#8221;default&#8221; line_thickness=&#8221;1&#8243; divider_color=&#8221;default&#8221;][\/vc_column][\/vc_row]\n","protected":false},"excerpt":{"rendered":"<p>[vc_row type=&#8221;full_width_background&#8221; full_screen_row_position=&#8221;middle&#8221; bg_image=&#8221;6542&#8243; bg_position=&#8221;center center&#8221; bg_repeat=&#8221;no-repeat&#8221; scene_position=&#8221;center&#8221; text_color=&#8221;dark&#8221; text_align=&#8221;left&#8221; top_padding=&#8221;12%&#8221; bottom_padding=&#8221;8%&#8221; enable_gradient=&#8221;true&#8221; color_overlay=&#8221;#0055a5&#8243; color_overlay_2=&#8221;#0055a5&#8243; gradient_direction=&#8221;left_to_right&#8221; overlay_strength=&#8221;0.8&#8243; enable_shape_divider=&#8221;true&#8221; shape_divider_position=&#8221;bottom&#8221; shape_type=&#8221;straight_section&#8221;][vc_column centered_text=&#8221;true&#8221; column_padding=&#8221;no-extra-padding&#8221; column_padding_position=&#8221;all&#8221; background_color_opacity=&#8221;1&#8243; background_hover_color_opacity=&#8221;1&#8243; font_color=&#8221;#ffffff&#8221; column_link_target=&#8221;_self&#8221; column_shadow=&#8221;none&#8221; column_border_radius=&#8221;none&#8221; width=&#8221;1\/1&#8243;&#8230;<\/p>\n","protected":false},"author":28,"featured_media":0,"parent":0,"menu_order":0,"comment_status":"closed","ping_status":"closed","template":"","meta":{"_acf_changed":false,"footnotes":""},"class_list":["post-25291","page","type-page","status-publish"],"acf":[],"yoast_head":"<!-- This site is optimized with the Yoast SEO plugin v23.9 - https:\/\/yoast.com\/wordpress\/plugins\/seo\/ -->\n<title>Barn \u00e5ker gratis med Sundsbussarna - Sundbusserne<\/title>\n<meta name=\"description\" content=\"Hos Sundsbussarna \u00e4r barn inte bara v\u00e4lkomna. De \u00e5ker gratis! G\u00e4ller 2 barn tom. 15 \u00e5r som \u00e5ker med 1 betalanda vuxen. V\u00e4lkommen ombord p\u00e5 Sundsbusarna.\" \/>\n<meta name=\"robots\" content=\"index, follow, max-snippet:-1, max-image-preview:large, max-video-preview:-1\" \/>\n<link rel=\"canonical\" href=\"https:\/\/sundbusserne.dk\/sv\/barn-aaker-gratis\/\" \/>\n<meta property=\"og:locale\" content=\"sv_SE\" \/>\n<meta property=\"og:type\" content=\"article\" \/>\n<meta property=\"og:title\" content=\"Vinsmagning p\u00e5 Sundbusserne\" \/>\n<meta property=\"og:description\" content=\"Vinsmagningerne 2019 er nu fastlagt. Vores vinspecialist Egon og hans vin-team har sammen en perler\u00e6kke af vinoplevelser til jer. Vi skal i l\u00f8bet af \u00e5ret smage p\u00e5 en masse forskellige vine fra forskellige lande.\" \/>\n<meta property=\"og:url\" content=\"https:\/\/sundbusserne.dk\/sv\/barn-aaker-gratis\/\" \/>\n<meta property=\"og:site_name\" content=\"Sundbusserne\" \/>\n<meta property=\"article:publisher\" content=\"https:\/\/www.facebook.com\/sundbusserne\/\" \/>\n<meta property=\"article:modified_time\" content=\"2022-09-21T10:01:20+00:00\" \/>\n<meta name=\"twitter:card\" content=\"summary_large_image\" \/>\n<meta name=\"twitter:label1\" content=\"Ber\u00e4knad l\u00e4stid\" \/>\n\t<meta name=\"twitter:data1\" content=\"3 minuter\" \/>\n<script type=\"application\/ld+json\" class=\"yoast-schema-graph\">{\"@context\":\"https:\/\/schema.org\",\"@graph\":[{\"@type\":\"WebPage\",\"@id\":\"https:\/\/sundbusserne.dk\/sv\/barn-aaker-gratis\/\",\"url\":\"https:\/\/sundbusserne.dk\/sv\/barn-aaker-gratis\/\",\"name\":\"Barn \u00e5ker gratis med Sundsbussarna - Sundbusserne\",\"isPartOf\":{\"@id\":\"https:\/\/sundbusserne.dk\/sv\/#website\"},\"datePublished\":\"2019-05-13T08:23:36+00:00\",\"dateModified\":\"2022-09-21T10:01:20+00:00\",\"description\":\"Hos Sundsbussarna \u00e4r barn inte bara v\u00e4lkomna. De \u00e5ker gratis! G\u00e4ller 2 barn tom. 15 \u00e5r som \u00e5ker med 1 betalanda vuxen. V\u00e4lkommen ombord p\u00e5 Sundsbusarna.\",\"breadcrumb\":{\"@id\":\"https:\/\/sundbusserne.dk\/sv\/barn-aaker-gratis\/#breadcrumb\"},\"inLanguage\":\"sv-SE\",\"potentialAction\":[{\"@type\":\"ReadAction\",\"target\":[\"https:\/\/sundbusserne.dk\/sv\/barn-aaker-gratis\/\"]}]},{\"@type\":\"BreadcrumbList\",\"@id\":\"https:\/\/sundbusserne.dk\/sv\/barn-aaker-gratis\/#breadcrumb\",\"itemListElement\":[{\"@type\":\"ListItem\",\"position\":1,\"name\":\"Hjem\",\"item\":\"https:\/\/sundbusserne.dk\/sv\/\"},{\"@type\":\"ListItem\",\"position\":2,\"name\":\"Barn \u00e5ker gratis med Sundsbussarna\"}]},{\"@type\":\"WebSite\",\"@id\":\"https:\/\/sundbusserne.dk\/sv\/#website\",\"url\":\"https:\/\/sundbusserne.dk\/sv\/\",\"name\":\"Sundbusserne\",\"description\":\"Hyggeligste tur over \u00d8resund\",\"publisher\":{\"@id\":\"https:\/\/sundbusserne.dk\/sv\/#organization\"},\"potentialAction\":[{\"@type\":\"SearchAction\",\"target\":{\"@type\":\"EntryPoint\",\"urlTemplate\":\"https:\/\/sundbusserne.dk\/sv\/?s={search_term_string}\"},\"query-input\":{\"@type\":\"PropertyValueSpecification\",\"valueRequired\":true,\"valueName\":\"search_term_string\"}}],\"inLanguage\":\"sv-SE\"},{\"@type\":\"Organization\",\"@id\":\"https:\/\/sundbusserne.dk\/sv\/#organization\",\"name\":\"Sundbusserne\",\"url\":\"https:\/\/sundbusserne.dk\/sv\/\",\"logo\":{\"@type\":\"ImageObject\",\"inLanguage\":\"sv-SE\",\"@id\":\"https:\/\/sundbusserne.dk\/sv\/#\/schema\/logo\/image\/\",\"url\":\"https:\/\/sundbusserne.dk\/wp-content\/uploads\/2018\/10\/logo_mtxt.png\",\"contentUrl\":\"https:\/\/sundbusserne.dk\/wp-content\/uploads\/2018\/10\/logo_mtxt.png\",\"width\":482,\"height\":359,\"caption\":\"Sundbusserne\"},\"image\":{\"@id\":\"https:\/\/sundbusserne.dk\/sv\/#\/schema\/logo\/image\/\"},\"sameAs\":[\"https:\/\/www.facebook.com\/sundbusserne\/\"]}]}<\/script>\n<!-- \/ Yoast SEO plugin. -->","yoast_head_json":{"title":"Barn \u00e5ker gratis med Sundsbussarna - Sundbusserne","description":"Hos Sundsbussarna \u00e4r barn inte bara v\u00e4lkomna. De \u00e5ker gratis! G\u00e4ller 2 barn tom. 15 \u00e5r som \u00e5ker med 1 betalanda vuxen. V\u00e4lkommen ombord p\u00e5 Sundsbusarna.","robots":{"index":"index","follow":"follow","max-snippet":"max-snippet:-1","max-image-preview":"max-image-preview:large","max-video-preview":"max-video-preview:-1"},"canonical":"https:\/\/sundbusserne.dk\/sv\/barn-aaker-gratis\/","og_locale":"sv_SE","og_type":"article","og_title":"Vinsmagning p\u00e5 Sundbusserne","og_description":"Vinsmagningerne 2019 er nu fastlagt. Vores vinspecialist Egon og hans vin-team har sammen en perler\u00e6kke af vinoplevelser til jer. Vi skal i l\u00f8bet af \u00e5ret smage p\u00e5 en masse forskellige vine fra forskellige lande.","og_url":"https:\/\/sundbusserne.dk\/sv\/barn-aaker-gratis\/","og_site_name":"Sundbusserne","article_publisher":"https:\/\/www.facebook.com\/sundbusserne\/","article_modified_time":"2022-09-21T10:01:20+00:00","twitter_card":"summary_large_image","twitter_misc":{"Ber\u00e4knad l\u00e4stid":"3 minuter"},"schema":{"@context":"https:\/\/schema.org","@graph":[{"@type":"WebPage","@id":"https:\/\/sundbusserne.dk\/sv\/barn-aaker-gratis\/","url":"https:\/\/sundbusserne.dk\/sv\/barn-aaker-gratis\/","name":"Barn \u00e5ker gratis med Sundsbussarna - Sundbusserne","isPartOf":{"@id":"https:\/\/sundbusserne.dk\/sv\/#website"},"datePublished":"2019-05-13T08:23:36+00:00","dateModified":"2022-09-21T10:01:20+00:00","description":"Hos Sundsbussarna \u00e4r barn inte bara v\u00e4lkomna. De \u00e5ker gratis! G\u00e4ller 2 barn tom. 15 \u00e5r som \u00e5ker med 1 betalanda vuxen. V\u00e4lkommen ombord p\u00e5 Sundsbusarna.","breadcrumb":{"@id":"https:\/\/sundbusserne.dk\/sv\/barn-aaker-gratis\/#breadcrumb"},"inLanguage":"sv-SE","potentialAction":[{"@type":"ReadAction","target":["https:\/\/sundbusserne.dk\/sv\/barn-aaker-gratis\/"]}]},{"@type":"BreadcrumbList","@id":"https:\/\/sundbusserne.dk\/sv\/barn-aaker-gratis\/#breadcrumb","itemListElement":[{"@type":"ListItem","position":1,"name":"Hjem","item":"https:\/\/sundbusserne.dk\/sv\/"},{"@type":"ListItem","position":2,"name":"Barn \u00e5ker gratis med Sundsbussarna"}]},{"@type":"WebSite","@id":"https:\/\/sundbusserne.dk\/sv\/#website","url":"https:\/\/sundbusserne.dk\/sv\/","name":"Sundbusserne","description":"Hyggeligste tur over \u00d8resund","publisher":{"@id":"https:\/\/sundbusserne.dk\/sv\/#organization"},"potentialAction":[{"@type":"SearchAction","target":{"@type":"EntryPoint","urlTemplate":"https:\/\/sundbusserne.dk\/sv\/?s={search_term_string}"},"query-input":{"@type":"PropertyValueSpecification","valueRequired":true,"valueName":"search_term_string"}}],"inLanguage":"sv-SE"},{"@type":"Organization","@id":"https:\/\/sundbusserne.dk\/sv\/#organization","name":"Sundbusserne","url":"https:\/\/sundbusserne.dk\/sv\/","logo":{"@type":"ImageObject","inLanguage":"sv-SE","@id":"https:\/\/sundbusserne.dk\/sv\/#\/schema\/logo\/image\/","url":"https:\/\/sundbusserne.dk\/wp-content\/uploads\/2018\/10\/logo_mtxt.png","contentUrl":"https:\/\/sundbusserne.dk\/wp-content\/uploads\/2018\/10\/logo_mtxt.png","width":482,"height":359,"caption":"Sundbusserne"},"image":{"@id":"https:\/\/sundbusserne.dk\/sv\/#\/schema\/logo\/image\/"},"sameAs":["https:\/\/www.facebook.com\/sundbusserne\/"]}]}},"publishpress_future_action":{"enabled":false,"date":"2026-04-30 10:36:03","action":"change-status","newStatus":"draft","terms":[],"taxonomy":"translation_priority"},"_links":{"self":[{"href":"https:\/\/sundbusserne.dk\/sv\/wp-json\/wp\/v2\/pages\/25291","targetHints":{"allow":["GET"]}}],"collection":[{"href":"https:\/\/sundbusserne.dk\/sv\/wp-json\/wp\/v2\/pages"}],"about":[{"href":"https:\/\/sundbusserne.dk\/sv\/wp-json\/wp\/v2\/types\/page"}],"author":[{"embeddable":true,"href":"https:\/\/sundbusserne.dk\/sv\/wp-json\/wp\/v2\/users\/28"}],"replies":[{"embeddable":true,"href":"https:\/\/sundbusserne.dk\/sv\/wp-json\/wp\/v2\/comments?post=25291"}],"version-history":[{"count":4,"href":"https:\/\/sundbusserne.dk\/sv\/wp-json\/wp\/v2\/pages\/25291\/revisions"}],"predecessor-version":[{"id":27171,"href":"https:\/\/sundbusserne.dk\/sv\/wp-json\/wp\/v2\/pages\/25291\/revisions\/27171"}],"wp:attachment":[{"href":"https:\/\/sundbusserne.dk\/sv\/wp-json\/wp\/v2\/media?parent=25291"}],"curies":[{"name":"wp","href":"https:\/\/api.w.org\/{rel}","templated":true}]}}