{"id":25144,"date":"2021-08-04T12:39:16","date_gmt":"2021-08-04T10:39:16","guid":{"rendered":"https:\/\/www.sundbusserne.dk\/ruter\/"},"modified":"2024-10-31T14:26:53","modified_gmt":"2024-10-31T13:26:53","slug":"ruter","status":"publish","type":"page","link":"https:\/\/sundbusserne.dk\/sv\/ruter\/","title":{"rendered":"Ruter"},"content":{"rendered":"[vc_row type=&#8221;full_width_background&#8221; full_screen_row_position=&#8221;middle&#8221; column_margin=&#8221;default&#8221; column_direction=&#8221;default&#8221; column_direction_tablet=&#8221;default&#8221; column_direction_phone=&#8221;default&#8221; bg_color=&#8221;#383838&#8243; bg_image=&#8221;25125&#8243; bg_position=&#8221;left top&#8221; background_image_loading=&#8221;default&#8221; bg_repeat=&#8221;no-repeat&#8221; scene_position=&#8221;center&#8221; top_padding=&#8221;10%&#8221; bottom_padding=&#8221;10%&#8221; text_color=&#8221;light&#8221; text_align=&#8221;left&#8221; row_border_radius=&#8221;none&#8221; row_border_radius_applies=&#8221;bg&#8221; overflow=&#8221;visible&#8221; color_overlay=&#8221;#0a0a0a&#8221; overlay_strength=&#8221;0.5&#8243; gradient_direction=&#8221;left_to_right&#8221; shape_divider_position=&#8221;bottom&#8221; bg_image_animation=&#8221;none&#8221; shape_type=&#8221;&#8221;][vc_column column_padding=&#8221;no-extra-padding&#8221; column_padding_tablet=&#8221;inherit&#8221; column_padding_phone=&#8221;inherit&#8221; column_padding_position=&#8221;all&#8221; column_element_direction_desktop=&#8221;default&#8221; column_element_spacing=&#8221;default&#8221; desktop_text_alignment=&#8221;default&#8221; tablet_text_alignment=&#8221;default&#8221; phone_text_alignment=&#8221;default&#8221; background_color_opacity=&#8221;1&#8243; background_hover_color_opacity=&#8221;1&#8243; column_backdrop_filter=&#8221;none&#8221; column_shadow=&#8221;none&#8221; column_border_radius=&#8221;none&#8221; column_link_target=&#8221;_self&#8221; column_position=&#8221;default&#8221; gradient_direction=&#8221;left_to_right&#8221; overlay_strength=&#8221;0.3&#8243; width=&#8221;1\/1&#8243; tablet_width_inherit=&#8221;default&#8221; animation_type=&#8221;default&#8221; bg_image_animation=&#8221;none&#8221; border_type=&#8221;simple&#8221; column_border_width=&#8221;none&#8221; column_border_style=&#8221;solid&#8221;][vc_row_inner column_margin=&#8221;default&#8221; column_direction=&#8221;default&#8221; column_direction_tablet=&#8221;default&#8221; column_direction_phone=&#8221;default&#8221; top_padding=&#8221;40&#8243; text_align=&#8221;left&#8221; row_position=&#8221;default&#8221; row_position_tablet=&#8221;inherit&#8221; row_position_phone=&#8221;inherit&#8221; overflow=&#8221;visible&#8221; pointer_events=&#8221;all&#8221;][vc_column_inner column_padding=&#8221;no-extra-padding&#8221; column_padding_tablet=&#8221;inherit&#8221; column_padding_phone=&#8221;inherit&#8221; column_padding_position=&#8221;all&#8221; column_element_direction_desktop=&#8221;default&#8221; column_element_spacing=&#8221;default&#8221; desktop_text_alignment=&#8221;default&#8221; tablet_text_alignment=&#8221;default&#8221; phone_text_alignment=&#8221;default&#8221; background_color_opacity=&#8221;1&#8243; background_hover_color_opacity=&#8221;1&#8243; column_backdrop_filter=&#8221;none&#8221; column_shadow=&#8221;none&#8221; column_border_radius=&#8221;none&#8221; column_link_target=&#8221;_self&#8221; overflow=&#8221;visible&#8221; gradient_direction=&#8221;left_to_right&#8221; overlay_strength=&#8221;0.3&#8243; width=&#8221;1\/6&#8243; tablet_width_inherit=&#8221;default&#8221; animation_type=&#8221;default&#8221; bg_image_animation=&#8221;none&#8221; border_type=&#8221;simple&#8221; column_border_width=&#8221;none&#8221; column_border_style=&#8221;solid&#8221;][\/vc_column_inner][vc_column_inner column_padding=&#8221;no-extra-padding&#8221; column_padding_tablet=&#8221;inherit&#8221; column_padding_phone=&#8221;inherit&#8221; column_padding_position=&#8221;all&#8221; column_element_direction_desktop=&#8221;default&#8221; column_element_spacing=&#8221;default&#8221; centered_text=&#8221;true&#8221; desktop_text_alignment=&#8221;default&#8221; tablet_text_alignment=&#8221;default&#8221; phone_text_alignment=&#8221;default&#8221; background_color_opacity=&#8221;1&#8243; background_hover_color_opacity=&#8221;1&#8243; column_backdrop_filter=&#8221;none&#8221; column_shadow=&#8221;none&#8221; column_border_radius=&#8221;none&#8221; column_link_target=&#8221;_self&#8221; overflow=&#8221;visible&#8221; gradient_direction=&#8221;left_to_right&#8221; overlay_strength=&#8221;0.3&#8243; width=&#8221;2\/3&#8243; tablet_width_inherit=&#8221;default&#8221; animation_type=&#8221;default&#8221; enable_animation=&#8221;true&#8221; animation=&#8221;fade-in-from-bottom&#8221; animation_easing=&#8221;default&#8221; bg_image_animation=&#8221;none&#8221; border_type=&#8221;simple&#8221; column_border_width=&#8221;none&#8221; column_border_style=&#8221;solid&#8221;][vc_custom_heading text=&#8221;Sundbussarna \u00e4r en institution f\u00f6r Helsing\u00f6r och Helsingborg, som har en l\u00e5ng och sp\u00e4nnande historia.&#8221; font_container=&#8221;tag:h4|font_size:18px|text_align:center|line_height:37px&#8221; google_fonts=&#8221;font_family:Roboto%3A100%2C100italic%2C300%2C300italic%2Cregular%2Citalic%2C500%2C500italic%2C700%2C700italic%2C900%2C900italic|font_style:500%20bold%20regular%3A500%3Anormal&#8221; css_animation=&#8221;none&#8221;][divider line_type=&#8221;No Line&#8221; custom_height=&#8221;15&#8243;][vc_custom_heading text=&#8221;En traditionsrik p\u00e4rla p\u00e5 \u00d6resund&#8221; font_container=&#8221;tag:h5|font_size:16px|text_align:center|line_height:22px&#8221; google_fonts=&#8221;font_family:Roboto%3A100%2C100italic%2C300%2C300italic%2Cregular%2Citalic%2C500%2C500italic%2C700%2C700italic%2C900%2C900italic|font_style:500%20bold%20regular%3A500%3Anormal&#8221; css_animation=&#8221;none&#8221;][vc_custom_heading text=&#8221;Sedan 1958&#8243; font_container=&#8221;tag:h5|font_size:13px|text_align:center|color:rgba(255%2C255%2C255%2C0.45)|line_height:13px&#8221; google_fonts=&#8221;font_family:Roboto%3A100%2C100italic%2C300%2C300italic%2Cregular%2Citalic%2C500%2C500italic%2C700%2C700italic%2C900%2C900italic|font_style:500%20bold%20regular%3A500%3Anormal&#8221; css_animation=&#8221;none&#8221;][\/vc_column_inner][vc_column_inner column_padding=&#8221;no-extra-padding&#8221; column_padding_tablet=&#8221;inherit&#8221; column_padding_phone=&#8221;inherit&#8221; column_padding_position=&#8221;all&#8221; column_element_direction_desktop=&#8221;default&#8221; column_element_spacing=&#8221;default&#8221; desktop_text_alignment=&#8221;default&#8221; tablet_text_alignment=&#8221;default&#8221; phone_text_alignment=&#8221;default&#8221; background_color_opacity=&#8221;1&#8243; background_hover_color_opacity=&#8221;1&#8243; column_backdrop_filter=&#8221;none&#8221; column_shadow=&#8221;none&#8221; column_border_radius=&#8221;none&#8221; column_link_target=&#8221;_self&#8221; overflow=&#8221;visible&#8221; gradient_direction=&#8221;left_to_right&#8221; overlay_strength=&#8221;0.3&#8243; width=&#8221;1\/6&#8243; tablet_width_inherit=&#8221;default&#8221; animation_type=&#8221;default&#8221; bg_image_animation=&#8221;none&#8221; border_type=&#8221;simple&#8221; column_border_width=&#8221;none&#8221; column_border_style=&#8221;solid&#8221;][\/vc_column_inner][\/vc_row_inner][vc_row_inner column_margin=&#8221;default&#8221; column_direction=&#8221;default&#8221; column_direction_tablet=&#8221;default&#8221; column_direction_phone=&#8221;default&#8221; top_padding=&#8221;20&#8243; text_align=&#8221;left&#8221; row_position=&#8221;default&#8221; row_position_tablet=&#8221;inherit&#8221; row_position_phone=&#8221;inherit&#8221; overflow=&#8221;visible&#8221; pointer_events=&#8221;all&#8221;][vc_column_inner column_padding=&#8221;padding-2-percent&#8221; column_padding_tablet=&#8221;inherit&#8221; column_padding_phone=&#8221;inherit&#8221; column_padding_position=&#8221;all&#8221; column_element_direction_desktop=&#8221;default&#8221; column_element_spacing=&#8221;default&#8221; centered_text=&#8221;true&#8221; desktop_text_alignment=&#8221;default&#8221; tablet_text_alignment=&#8221;default&#8221; phone_text_alignment=&#8221;default&#8221; background_color_opacity=&#8221;1&#8243; background_hover_color_opacity=&#8221;1&#8243; column_backdrop_filter=&#8221;none&#8221; column_shadow=&#8221;none&#8221; column_border_radius=&#8221;none&#8221; column_link_target=&#8221;_self&#8221; overflow=&#8221;visible&#8221; gradient_direction=&#8221;left_to_right&#8221; overlay_strength=&#8221;0.3&#8243; width=&#8221;1\/1&#8243; tablet_width_inherit=&#8221;default&#8221; animation_type=&#8221;default&#8221; enable_animation=&#8221;true&#8221; animation=&#8221;fade-in-from-bottom&#8221; animation_easing=&#8221;default&#8221; bg_image_animation=&#8221;none&#8221; border_type=&#8221;simple&#8221; column_border_width=&#8221;none&#8221; column_border_style=&#8221;solid&#8221;][nectar_icon icon_family=&#8221;fontawesome&#8221; icon_style=&#8221;default&#8221; icon_color_type=&#8221;color_scheme&#8221; icon_color=&#8221;white&#8221; icon_padding=&#8221;20px&#8221; pointer_events=&#8221;all&#8221; icon_fontawesome=&#8221;fa fa-ship&#8221;][vc_column_text css_animation=&#8221;fadeInUp&#8221; css=&#8221;.vc_custom_1628069649078{margin-bottom: 15px !important;}&#8221;]\n<h4>Helsing\u00f6r &#8211; Helsingborg<\/h4>\n[\/vc_column_text][vc_custom_heading text=&#8221;Fr\u00e5n city till city p\u00e5 18 minuter. Servering och shop ombord.&#8221; font_container=&#8221;tag:p|text_align:center|color:rgba(255%2C255%2C255%2C0.65)&#8221; use_theme_fonts=&#8221;yes&#8221; css_animation=&#8221;fadeInUp&#8221;][nectar_btn size=&#8221;small&#8221; button_style=&#8221;regular&#8221; button_color_2=&#8221;Accent-Color&#8221; icon_family=&#8221;none&#8221; url=&#8221;https:\/\/sundbusserne.dk\/sv\/tidtabell\/&#8221; text=&#8221;Se turlista&#8221;][vc_column_text text_direction=&#8221;default&#8221;]*Biljett s\u00e4ljs endast i terminalen[\/vc_column_text]<div class=\"nectar-fancy-ul\" data-list-icon=\"fa fa-check\" data-animation=\"false\" data-animation-delay=\"0\" data-color=\"extra-color-1\" data-spacing=\"default\" data-alignment=\"left\"> \n<ul>\n<li>City till City<\/li>\n<li>\u00d6verfart p\u00e5 18 minuter<\/li>\n<li>Servering ombord<\/li>\n<li>TURA s\u00e5 l\u00e4nge du vill<\/li>\n<li>Shop ombord<\/li>\n<\/ul>\n <\/div>[\/vc_column_inner][\/vc_row_inner][\/vc_column][\/vc_row]\n","protected":false},"excerpt":{"rendered":"<p>[vc_row type=&#8221;full_width_background&#8221; full_screen_row_position=&#8221;middle&#8221; column_margin=&#8221;default&#8221; column_direction=&#8221;default&#8221; column_direction_tablet=&#8221;default&#8221; column_direction_phone=&#8221;default&#8221; bg_color=&#8221;#383838&#8243; bg_image=&#8221;25125&#8243; bg_position=&#8221;left top&#8221; background_image_loading=&#8221;default&#8221; bg_repeat=&#8221;no-repeat&#8221; scene_position=&#8221;center&#8221; top_padding=&#8221;10%&#8221; bottom_padding=&#8221;10%&#8221; text_color=&#8221;light&#8221; text_align=&#8221;left&#8221; row_border_radius=&#8221;none&#8221; row_border_radius_applies=&#8221;bg&#8221; overflow=&#8221;visible&#8221; color_overlay=&#8221;#0a0a0a&#8221; overlay_strength=&#8221;0.5&#8243; gradient_direction=&#8221;left_to_right&#8221; shape_divider_position=&#8221;bottom&#8221; bg_image_animation=&#8221;none&#8221; shape_type=&#8221;&#8221;][vc_column column_padding=&#8221;no-extra-padding&#8221; column_padding_tablet=&#8221;inherit&#8221; column_padding_phone=&#8221;inherit&#8221;&#8230;<\/p>\n","protected":false},"author":6,"featured_media":0,"parent":0,"menu_order":0,"comment_status":"closed","ping_status":"closed","template":"","meta":{"_acf_changed":false,"footnotes":""},"acf":[],"yoast_head":"<!-- This site is optimized with the Yoast SEO plugin v23.9 - https:\/\/yoast.com\/wordpress\/plugins\/seo\/ -->\n<title>Ruter - Sundbusserne<\/title>\n<meta name=\"description\" content=\"Sundsbussarna \u00e4r rederiet som binder ihop \u00d6resund. Fr\u00e5n Helsingborg och Helsing\u00f6r i norr till K\u00f6penhamn i s\u00f6der - och Ven mittemellan.\" \/>\n<meta name=\"robots\" content=\"index, follow, max-snippet:-1, max-image-preview:large, max-video-preview:-1\" \/>\n<link rel=\"canonical\" href=\"https:\/\/sundbusserne.dk\/sv\/ruter\/\" \/>\n<meta property=\"og:locale\" content=\"sv_SE\" \/>\n<meta property=\"og:type\" content=\"article\" \/>\n<meta property=\"og:title\" content=\"Ruter - Sundbusserne\" \/>\n<meta property=\"og:description\" content=\"Sundsbussarna \u00e4r rederiet som binder ihop \u00d6resund. Fr\u00e5n Helsingborg och Helsing\u00f6r i norr till K\u00f6penhamn i s\u00f6der - och Ven mittemellan.\" \/>\n<meta property=\"og:url\" content=\"https:\/\/sundbusserne.dk\/sv\/ruter\/\" \/>\n<meta property=\"og:site_name\" content=\"Sundbusserne\" \/>\n<meta property=\"article:publisher\" content=\"https:\/\/www.facebook.com\/sundbusserne\/\" \/>\n<meta property=\"article:modified_time\" content=\"2024-10-31T13:26:53+00:00\" \/>\n<meta name=\"twitter:card\" content=\"summary_large_image\" \/>\n<meta name=\"twitter:label1\" content=\"Ber\u00e4knad l\u00e4stid\" \/>\n\t<meta name=\"twitter:data1\" content=\"5 minuter\" \/>\n<script type=\"application\/ld+json\" class=\"yoast-schema-graph\">{\"@context\":\"https:\/\/schema.org\",\"@graph\":[{\"@type\":\"WebPage\",\"@id\":\"https:\/\/sundbusserne.dk\/sv\/ruter\/\",\"url\":\"https:\/\/sundbusserne.dk\/sv\/ruter\/\",\"name\":\"Ruter - Sundbusserne\",\"isPartOf\":{\"@id\":\"https:\/\/sundbusserne.dk\/sv\/#website\"},\"datePublished\":\"2021-08-04T10:39:16+00:00\",\"dateModified\":\"2024-10-31T13:26:53+00:00\",\"description\":\"Sundsbussarna \u00e4r rederiet som binder ihop \u00d6resund. Fr\u00e5n Helsingborg och Helsing\u00f6r i norr till K\u00f6penhamn i s\u00f6der - och Ven mittemellan.\",\"breadcrumb\":{\"@id\":\"https:\/\/sundbusserne.dk\/sv\/ruter\/#breadcrumb\"},\"inLanguage\":\"sv-SE\",\"potentialAction\":[{\"@type\":\"ReadAction\",\"target\":[\"https:\/\/sundbusserne.dk\/sv\/ruter\/\"]}]},{\"@type\":\"BreadcrumbList\",\"@id\":\"https:\/\/sundbusserne.dk\/sv\/ruter\/#breadcrumb\",\"itemListElement\":[{\"@type\":\"ListItem\",\"position\":1,\"name\":\"Hjem\",\"item\":\"https:\/\/sundbusserne.dk\/sv\/forside\/\"},{\"@type\":\"ListItem\",\"position\":2,\"name\":\"Ruter\"}]},{\"@type\":\"WebSite\",\"@id\":\"https:\/\/sundbusserne.dk\/sv\/#website\",\"url\":\"https:\/\/sundbusserne.dk\/sv\/\",\"name\":\"Sundbusserne\",\"description\":\"Hyggeligste tur over \u00d8resund\",\"publisher\":{\"@id\":\"https:\/\/sundbusserne.dk\/sv\/#organization\"},\"potentialAction\":[{\"@type\":\"SearchAction\",\"target\":{\"@type\":\"EntryPoint\",\"urlTemplate\":\"https:\/\/sundbusserne.dk\/sv\/?s={search_term_string}\"},\"query-input\":{\"@type\":\"PropertyValueSpecification\",\"valueRequired\":true,\"valueName\":\"search_term_string\"}}],\"inLanguage\":\"sv-SE\"},{\"@type\":\"Organization\",\"@id\":\"https:\/\/sundbusserne.dk\/sv\/#organization\",\"name\":\"Sundbusserne\",\"url\":\"https:\/\/sundbusserne.dk\/sv\/\",\"logo\":{\"@type\":\"ImageObject\",\"inLanguage\":\"sv-SE\",\"@id\":\"https:\/\/sundbusserne.dk\/sv\/#\/schema\/logo\/image\/\",\"url\":\"https:\/\/sundbusserne.dk\/wp-content\/uploads\/2018\/10\/logo_mtxt.png\",\"contentUrl\":\"https:\/\/sundbusserne.dk\/wp-content\/uploads\/2018\/10\/logo_mtxt.png\",\"width\":482,\"height\":359,\"caption\":\"Sundbusserne\"},\"image\":{\"@id\":\"https:\/\/sundbusserne.dk\/sv\/#\/schema\/logo\/image\/\"},\"sameAs\":[\"https:\/\/www.facebook.com\/sundbusserne\/\"]}]}<\/script>\n<!-- \/ Yoast SEO plugin. -->","yoast_head_json":{"title":"Ruter - Sundbusserne","description":"Sundsbussarna \u00e4r rederiet som binder ihop \u00d6resund. Fr\u00e5n Helsingborg och Helsing\u00f6r i norr till K\u00f6penhamn i s\u00f6der - och Ven mittemellan.","robots":{"index":"index","follow":"follow","max-snippet":"max-snippet:-1","max-image-preview":"max-image-preview:large","max-video-preview":"max-video-preview:-1"},"canonical":"https:\/\/sundbusserne.dk\/sv\/ruter\/","og_locale":"sv_SE","og_type":"article","og_title":"Ruter - Sundbusserne","og_description":"Sundsbussarna \u00e4r rederiet som binder ihop \u00d6resund. Fr\u00e5n Helsingborg och Helsing\u00f6r i norr till K\u00f6penhamn i s\u00f6der - och Ven mittemellan.","og_url":"https:\/\/sundbusserne.dk\/sv\/ruter\/","og_site_name":"Sundbusserne","article_publisher":"https:\/\/www.facebook.com\/sundbusserne\/","article_modified_time":"2024-10-31T13:26:53+00:00","twitter_card":"summary_large_image","twitter_misc":{"Ber\u00e4knad l\u00e4stid":"5 minuter"},"schema":{"@context":"https:\/\/schema.org","@graph":[{"@type":"WebPage","@id":"https:\/\/sundbusserne.dk\/sv\/ruter\/","url":"https:\/\/sundbusserne.dk\/sv\/ruter\/","name":"Ruter - Sundbusserne","isPartOf":{"@id":"https:\/\/sundbusserne.dk\/sv\/#website"},"datePublished":"2021-08-04T10:39:16+00:00","dateModified":"2024-10-31T13:26:53+00:00","description":"Sundsbussarna \u00e4r rederiet som binder ihop \u00d6resund. Fr\u00e5n Helsingborg och Helsing\u00f6r i norr till K\u00f6penhamn i s\u00f6der - och Ven mittemellan.","breadcrumb":{"@id":"https:\/\/sundbusserne.dk\/sv\/ruter\/#breadcrumb"},"inLanguage":"sv-SE","potentialAction":[{"@type":"ReadAction","target":["https:\/\/sundbusserne.dk\/sv\/ruter\/"]}]},{"@type":"BreadcrumbList","@id":"https:\/\/sundbusserne.dk\/sv\/ruter\/#breadcrumb","itemListElement":[{"@type":"ListItem","position":1,"name":"Hjem","item":"https:\/\/sundbusserne.dk\/sv\/forside\/"},{"@type":"ListItem","position":2,"name":"Ruter"}]},{"@type":"WebSite","@id":"https:\/\/sundbusserne.dk\/sv\/#website","url":"https:\/\/sundbusserne.dk\/sv\/","name":"Sundbusserne","description":"Hyggeligste tur over \u00d8resund","publisher":{"@id":"https:\/\/sundbusserne.dk\/sv\/#organization"},"potentialAction":[{"@type":"SearchAction","target":{"@type":"EntryPoint","urlTemplate":"https:\/\/sundbusserne.dk\/sv\/?s={search_term_string}"},"query-input":{"@type":"PropertyValueSpecification","valueRequired":true,"valueName":"search_term_string"}}],"inLanguage":"sv-SE"},{"@type":"Organization","@id":"https:\/\/sundbusserne.dk\/sv\/#organization","name":"Sundbusserne","url":"https:\/\/sundbusserne.dk\/sv\/","logo":{"@type":"ImageObject","inLanguage":"sv-SE","@id":"https:\/\/sundbusserne.dk\/sv\/#\/schema\/logo\/image\/","url":"https:\/\/sundbusserne.dk\/wp-content\/uploads\/2018\/10\/logo_mtxt.png","contentUrl":"https:\/\/sundbusserne.dk\/wp-content\/uploads\/2018\/10\/logo_mtxt.png","width":482,"height":359,"caption":"Sundbusserne"},"image":{"@id":"https:\/\/sundbusserne.dk\/sv\/#\/schema\/logo\/image\/"},"sameAs":["https:\/\/www.facebook.com\/sundbusserne\/"]}]}},"publishpress_future_action":{"enabled":false,"date":"2026-04-11 03:26:02","action":"change-status","newStatus":"draft","terms":[],"taxonomy":"translation_priority"},"_links":{"self":[{"href":"https:\/\/sundbusserne.dk\/sv\/wp-json\/wp\/v2\/pages\/25144"}],"collection":[{"href":"https:\/\/sundbusserne.dk\/sv\/wp-json\/wp\/v2\/pages"}],"about":[{"href":"https:\/\/sundbusserne.dk\/sv\/wp-json\/wp\/v2\/types\/page"}],"author":[{"embeddable":true,"href":"https:\/\/sundbusserne.dk\/sv\/wp-json\/wp\/v2\/users\/6"}],"replies":[{"embeddable":true,"href":"https:\/\/sundbusserne.dk\/sv\/wp-json\/wp\/v2\/comments?post=25144"}],"version-history":[{"count":7,"href":"https:\/\/sundbusserne.dk\/sv\/wp-json\/wp\/v2\/pages\/25144\/revisions"}],"predecessor-version":[{"id":30688,"href":"https:\/\/sundbusserne.dk\/sv\/wp-json\/wp\/v2\/pages\/25144\/revisions\/30688"}],"wp:attachment":[{"href":"https:\/\/sundbusserne.dk\/sv\/wp-json\/wp\/v2\/media?parent=25144"}],"curies":[{"name":"wp","href":"https:\/\/api.w.org\/{rel}","templated":true}]}}