{"id":24007,"date":"2020-08-19T08:14:28","date_gmt":"2020-08-19T06:14:28","guid":{"rendered":"https:\/\/www.sundbusserne.dk\/nyhetsbrev\/"},"modified":"2022-01-10T13:55:25","modified_gmt":"2022-01-10T12:55:25","slug":"nyhetsbrev","status":"publish","type":"page","link":"https:\/\/sundbusserne.dk\/sv\/nyhetsbrev\/","title":{"rendered":"Nyhetsbrev"},"content":{"rendered":"<p><!-- Begin Mailchimp Signup Form --><\/p>\n<style type=\"text\/css\">\n\t#mc_embed_signup{background:#fff; clear:left; font:14px Helvetica,Arial,sans-serif; }<br \/>\t\/* Add your own Mailchimp form style overrides in your site stylesheet or in this style block.<br \/>\t   We recommend moving this block and the preceding CSS link to the HEAD of your HTML file. *\/<br \/><\/style>\n<div id=\"mc_embed_signup\">\n<form id=\"mc-embedded-subscribe-form\" class=\"validate\" action=\"https:\/\/sundbusserne.us13.list-manage.com\/subscribe\/post?u=b8683ebac41dd07c8c2684b0b&amp;id=092fe51509\" method=\"post\" name=\"mc-embedded-subscribe-form\" novalidate=\"\" target=\"_blank\">\n<div id=\"mc_embed_signup_scroll\">\n<h2>Prenumerera p\u00e5 v\u00e5rt nyhetsbrev!<\/h2>\n<div class=\"indicates-required\"><span class=\"asterisk\">*<\/span> skall fyllas i<\/div>\n<div class=\"mc-field-group\"><label for=\"mce-EMAIL\">Email <span class=\"asterisk\">*<\/span><br \/>\n<\/label><br \/>\n<input id=\"mce-EMAIL\" class=\"required email\" name=\"EMAIL\" type=\"email\" value=\"\" \/><\/div>\n<div class=\"mc-field-group input-group\">\n<p><strong>V\u00e4lj spr\u00e5k<\/strong><\/p>\n<ul>\n<li><input id=\"mce-group[3449]-3449-0\" name=\"group[3449][1]\" type=\"checkbox\" value=\"1\" \/><label for=\"mce-group[3449]-3449-0\">Svensk<\/label><\/li>\n<li><input id=\"mce-group[3449]-3449-1\" name=\"group[3449][2]\" type=\"checkbox\" value=\"2\" \/><label for=\"mce-group[3449]-3449-1\">Dansk<\/label><\/li>\n<\/ul>\n<\/div>\n<div id=\"mce-responses\" class=\"clear\">\n<div id=\"mce-error-response\" class=\"response\" style=\"display: none;\"><\/div>\n<div id=\"mce-success-response\" class=\"response\" style=\"display: none;\"><\/div>\n<\/div>\n<p><!-- real people should not fill this in and expect good things - do not remove this or risk form bot signups--><\/p>\n<div style=\"position: absolute; left: -5000px;\" aria-hidden=\"true\"><input tabindex=\"-1\" name=\"b_b8683ebac41dd07c8c2684b0b_092fe51509\" type=\"text\" value=\"\" \/><\/div>\n<div class=\"clear\"><input id=\"mc-embedded-subscribe\" class=\"button\" name=\"subscribe\" type=\"submit\" value=\"Nyhetsbrev, ja tack\" \/><\/div>\n<\/div>\n<\/form>\n<\/div>\n<p><script type='text\/javascript' src='\/\/s3.amazonaws.com\/downloads.mailchimp.com\/js\/mc-validate.js'><\/script><script type='text\/javascript'>(function($) {window.fnames = new Array(); window.ftypes = new Array();fnames[0]='EMAIL';ftypes[0]='email';fnames[1]='FNAME';ftypes[1]='text';fnames[2]='LNAME';ftypes[2]='text';fnames[3]='MMERGE3';ftypes[3]='birthday';fnames[4]='MMERGE4';ftypes[4]='number'; \/*\n * Translated default messages for the $ validation plugin.\n * Locale: DA\n *\/\n$.extend($.validator.messages, {\n\trequired: \"Dette felt er p\u00e5kr\u00e6vet.\",\n\tmaxlength: $.validator.format(\"Indtast h\u00f8jst {0} tegn.\"),\n\tminlength: $.validator.format(\"Indtast mindst {0} tegn.\"),\n\trangelength: $.validator.format(\"Indtast mindst {0} og h\u00f8jst {1} tegn.\"),\n\temail: \"Indtast en gyldig email-adresse.\",\n\turl: \"Indtast en gyldig URL.\",\n\tdate: \"Indtast en gyldig dato.\",\n\tnumber: \"Indtast et tal.\",\n\tdigits: \"Indtast kun cifre.\",\n\tequalTo: \"Indtast den samme v\u00e6rdi igen.\",\n\trange: $.validator.format(\"Angiv en v\u00e6rdi mellem {0} og {1}.\"),\n\tmax: $.validator.format(\"Angiv en v\u00e6rdi der h\u00f8jst er {0}.\"),\n\tmin: $.validator.format(\"Angiv en v\u00e6rdi der mindst er {0}.\"),\n\tcreditcard: \"Indtast et gyldigt kreditkortnummer.\"\n});}(jQuery));var $mcj = jQuery.noConflict(true);<\/script><br \/>\n<!--End mc_embed_signup--><\/p>\n","protected":false},"excerpt":{"rendered":"<p>Prenumerera p\u00e5 v\u00e5rt nyhetsbrev! * skall fyllas i Email * V\u00e4lj spr\u00e5k Svensk Dansk<\/p>\n","protected":false},"author":1,"featured_media":0,"parent":0,"menu_order":0,"comment_status":"closed","ping_status":"closed","template":"","meta":{"_acf_changed":false,"footnotes":""},"class_list":["post-24007","page","type-page","status-publish"],"acf":[],"yoast_head":"<!-- This site is optimized with the Yoast SEO plugin v27.5 - https:\/\/yoast.com\/product\/yoast-seo-wordpress\/ -->\n<title>Nyhetsbrev - Sundbusserne<\/title>\n<meta name=\"robots\" content=\"index, follow, max-snippet:-1, max-image-preview:large, max-video-preview:-1\" \/>\n<link rel=\"canonical\" href=\"https:\/\/sundbusserne.dk\/sv\/nyhetsbrev\/\" \/>\n<meta property=\"og:locale\" content=\"sv_SE\" \/>\n<meta property=\"og:type\" content=\"article\" \/>\n<meta property=\"og:title\" content=\"Nyhetsbrev - Sundbusserne\" \/>\n<meta property=\"og:description\" content=\"Prenumerera p\u00e5 v\u00e5rt nyhetsbrev! * skall fyllas i Email * V\u00e4lj spr\u00e5k Svensk Dansk\" \/>\n<meta property=\"og:url\" content=\"https:\/\/sundbusserne.dk\/sv\/nyhetsbrev\/\" \/>\n<meta property=\"og:site_name\" content=\"Sundbusserne\" \/>\n<meta property=\"article:publisher\" content=\"https:\/\/www.facebook.com\/sundbusserne\/\" \/>\n<meta property=\"article:modified_time\" content=\"2022-01-10T12:55:25+00:00\" \/>\n<meta name=\"twitter:card\" content=\"summary_large_image\" \/>\n<script type=\"application\/ld+json\" class=\"yoast-schema-graph\">{\"@context\":\"https:\\\/\\\/schema.org\",\"@graph\":[{\"@type\":\"WebPage\",\"@id\":\"https:\\\/\\\/sundbusserne.dk\\\/sv\\\/nyhetsbrev\\\/\",\"url\":\"https:\\\/\\\/sundbusserne.dk\\\/sv\\\/nyhetsbrev\\\/\",\"name\":\"Nyhetsbrev - Sundbusserne\",\"isPartOf\":{\"@id\":\"https:\\\/\\\/sundbusserne.dk\\\/sv\\\/#website\"},\"datePublished\":\"2020-08-19T06:14:28+00:00\",\"dateModified\":\"2022-01-10T12:55:25+00:00\",\"breadcrumb\":{\"@id\":\"https:\\\/\\\/sundbusserne.dk\\\/sv\\\/nyhetsbrev\\\/#breadcrumb\"},\"inLanguage\":\"sv-SE\",\"potentialAction\":[{\"@type\":\"ReadAction\",\"target\":[\"https:\\\/\\\/sundbusserne.dk\\\/sv\\\/nyhetsbrev\\\/\"]}]},{\"@type\":\"BreadcrumbList\",\"@id\":\"https:\\\/\\\/sundbusserne.dk\\\/sv\\\/nyhetsbrev\\\/#breadcrumb\",\"itemListElement\":[{\"@type\":\"ListItem\",\"position\":1,\"name\":\"Hjem\",\"item\":\"https:\\\/\\\/sundbusserne.dk\\\/sv\\\/\"},{\"@type\":\"ListItem\",\"position\":2,\"name\":\"Nyhetsbrev\"}]},{\"@type\":\"WebSite\",\"@id\":\"https:\\\/\\\/sundbusserne.dk\\\/sv\\\/#website\",\"url\":\"https:\\\/\\\/sundbusserne.dk\\\/sv\\\/\",\"name\":\"Sundbusserne\",\"description\":\"Hyggeligste tur over \u00d8resund\",\"publisher\":{\"@id\":\"https:\\\/\\\/sundbusserne.dk\\\/sv\\\/#organization\"},\"potentialAction\":[{\"@type\":\"SearchAction\",\"target\":{\"@type\":\"EntryPoint\",\"urlTemplate\":\"https:\\\/\\\/sundbusserne.dk\\\/sv\\\/?s={search_term_string}\"},\"query-input\":{\"@type\":\"PropertyValueSpecification\",\"valueRequired\":true,\"valueName\":\"search_term_string\"}}],\"inLanguage\":\"sv-SE\"},{\"@type\":\"Organization\",\"@id\":\"https:\\\/\\\/sundbusserne.dk\\\/sv\\\/#organization\",\"name\":\"Sundbusserne\",\"url\":\"https:\\\/\\\/sundbusserne.dk\\\/sv\\\/\",\"logo\":{\"@type\":\"ImageObject\",\"inLanguage\":\"sv-SE\",\"@id\":\"https:\\\/\\\/sundbusserne.dk\\\/sv\\\/#\\\/schema\\\/logo\\\/image\\\/\",\"url\":\"https:\\\/\\\/sundbusserne.dk\\\/wp-content\\\/uploads\\\/2018\\\/10\\\/logo_mtxt.png\",\"contentUrl\":\"https:\\\/\\\/sundbusserne.dk\\\/wp-content\\\/uploads\\\/2018\\\/10\\\/logo_mtxt.png\",\"width\":482,\"height\":359,\"caption\":\"Sundbusserne\"},\"image\":{\"@id\":\"https:\\\/\\\/sundbusserne.dk\\\/sv\\\/#\\\/schema\\\/logo\\\/image\\\/\"},\"sameAs\":[\"https:\\\/\\\/www.facebook.com\\\/sundbusserne\\\/\"]}]}<\/script>\n<!-- \/ Yoast SEO plugin. -->","yoast_head_json":{"title":"Nyhetsbrev - Sundbusserne","robots":{"index":"index","follow":"follow","max-snippet":"max-snippet:-1","max-image-preview":"max-image-preview:large","max-video-preview":"max-video-preview:-1"},"canonical":"https:\/\/sundbusserne.dk\/sv\/nyhetsbrev\/","og_locale":"sv_SE","og_type":"article","og_title":"Nyhetsbrev - Sundbusserne","og_description":"Prenumerera p\u00e5 v\u00e5rt nyhetsbrev! * skall fyllas i Email * V\u00e4lj spr\u00e5k Svensk Dansk","og_url":"https:\/\/sundbusserne.dk\/sv\/nyhetsbrev\/","og_site_name":"Sundbusserne","article_publisher":"https:\/\/www.facebook.com\/sundbusserne\/","article_modified_time":"2022-01-10T12:55:25+00:00","twitter_card":"summary_large_image","schema":{"@context":"https:\/\/schema.org","@graph":[{"@type":"WebPage","@id":"https:\/\/sundbusserne.dk\/sv\/nyhetsbrev\/","url":"https:\/\/sundbusserne.dk\/sv\/nyhetsbrev\/","name":"Nyhetsbrev - Sundbusserne","isPartOf":{"@id":"https:\/\/sundbusserne.dk\/sv\/#website"},"datePublished":"2020-08-19T06:14:28+00:00","dateModified":"2022-01-10T12:55:25+00:00","breadcrumb":{"@id":"https:\/\/sundbusserne.dk\/sv\/nyhetsbrev\/#breadcrumb"},"inLanguage":"sv-SE","potentialAction":[{"@type":"ReadAction","target":["https:\/\/sundbusserne.dk\/sv\/nyhetsbrev\/"]}]},{"@type":"BreadcrumbList","@id":"https:\/\/sundbusserne.dk\/sv\/nyhetsbrev\/#breadcrumb","itemListElement":[{"@type":"ListItem","position":1,"name":"Hjem","item":"https:\/\/sundbusserne.dk\/sv\/"},{"@type":"ListItem","position":2,"name":"Nyhetsbrev"}]},{"@type":"WebSite","@id":"https:\/\/sundbusserne.dk\/sv\/#website","url":"https:\/\/sundbusserne.dk\/sv\/","name":"Sundbusserne","description":"Hyggeligste tur over \u00d8resund","publisher":{"@id":"https:\/\/sundbusserne.dk\/sv\/#organization"},"potentialAction":[{"@type":"SearchAction","target":{"@type":"EntryPoint","urlTemplate":"https:\/\/sundbusserne.dk\/sv\/?s={search_term_string}"},"query-input":{"@type":"PropertyValueSpecification","valueRequired":true,"valueName":"search_term_string"}}],"inLanguage":"sv-SE"},{"@type":"Organization","@id":"https:\/\/sundbusserne.dk\/sv\/#organization","name":"Sundbusserne","url":"https:\/\/sundbusserne.dk\/sv\/","logo":{"@type":"ImageObject","inLanguage":"sv-SE","@id":"https:\/\/sundbusserne.dk\/sv\/#\/schema\/logo\/image\/","url":"https:\/\/sundbusserne.dk\/wp-content\/uploads\/2018\/10\/logo_mtxt.png","contentUrl":"https:\/\/sundbusserne.dk\/wp-content\/uploads\/2018\/10\/logo_mtxt.png","width":482,"height":359,"caption":"Sundbusserne"},"image":{"@id":"https:\/\/sundbusserne.dk\/sv\/#\/schema\/logo\/image\/"},"sameAs":["https:\/\/www.facebook.com\/sundbusserne\/"]}]}},"publishpress_future_action":{"enabled":false,"date":"2026-05-16 15:16:04","action":"change-status","newStatus":"draft","terms":[],"taxonomy":"translation_priority","extraData":[]},"publishpress_future_workflow_manual_trigger":{"enabledWorkflows":[]},"_links":{"self":[{"href":"https:\/\/sundbusserne.dk\/sv\/wp-json\/wp\/v2\/pages\/24007","targetHints":{"allow":["GET"]}}],"collection":[{"href":"https:\/\/sundbusserne.dk\/sv\/wp-json\/wp\/v2\/pages"}],"about":[{"href":"https:\/\/sundbusserne.dk\/sv\/wp-json\/wp\/v2\/types\/page"}],"author":[{"embeddable":true,"href":"https:\/\/sundbusserne.dk\/sv\/wp-json\/wp\/v2\/users\/1"}],"replies":[{"embeddable":true,"href":"https:\/\/sundbusserne.dk\/sv\/wp-json\/wp\/v2\/comments?post=24007"}],"version-history":[{"count":0,"href":"https:\/\/sundbusserne.dk\/sv\/wp-json\/wp\/v2\/pages\/24007\/revisions"}],"wp:attachment":[{"href":"https:\/\/sundbusserne.dk\/sv\/wp-json\/wp\/v2\/media?parent=24007"}],"curies":[{"name":"wp","href":"https:\/\/api.w.org\/{rel}","templated":true}]}}