{"id":22891,"date":"2020-07-02T12:36:16","date_gmt":"2020-07-02T10:36:16","guid":{"rendered":"https:\/\/www.sundbusserne.dk\/?page_id=22891"},"modified":"2022-01-07T16:51:24","modified_gmt":"2022-01-07T15:51:24","slug":"tura-saa-gaar-det-till","status":"publish","type":"page","link":"https:\/\/sundbusserne.dk\/sv\/tura-saa-gaar-det-till\/","title":{"rendered":"Tura &#8211; s\u00e5 g\u00e5r det till"},"content":{"rendered":"[vc_row type=&#8221;full_width_background&#8221; full_screen_row_position=&#8221;middle&#8221; bg_image=&#8221;1430&#8243; bg_position=&#8221;left top&#8221; bg_repeat=&#8221;no-repeat&#8221; scene_position=&#8221;center&#8221; text_color=&#8221;dark&#8221; text_align=&#8221;center&#8221; top_padding=&#8221;10%&#8221; bottom_padding=&#8221;8%&#8221; enable_gradient=&#8221;true&#8221; color_overlay=&#8221;#0055a5&#8243; color_overlay_2=&#8221;#0055a5&#8243; gradient_direction=&#8221;left_to_right&#8221; overlay_strength=&#8221;0.8&#8243; enable_shape_divider=&#8221;true&#8221; shape_divider_position=&#8221;bottom&#8221; shape_type=&#8221;curve_opacity&#8221;][vc_column column_padding=&#8221;no-extra-padding&#8221; column_padding_position=&#8221;all&#8221; background_color_opacity=&#8221;1&#8243; background_hover_color_opacity=&#8221;1&#8243; column_link_target=&#8221;_self&#8221; column_shadow=&#8221;none&#8221; column_border_radius=&#8221;none&#8221; width=&#8221;1\/1&#8243; tablet_width_inherit=&#8221;default&#8221; tablet_text_alignment=&#8221;default&#8221; phone_text_alignment=&#8221;default&#8221; column_border_width=&#8221;none&#8221; column_border_style=&#8221;solid&#8221;][vc_custom_heading text=&#8221;Tura &#8211; s\u00e5 g\u00e5r det till&#8221; font_container=&#8221;tag:h1|text_align:center|color:%23ffffff&#8221; use_theme_fonts=&#8221;yes&#8221;][\/vc_column][\/vc_row][vc_row type=&#8221;in_container&#8221; full_screen_row_position=&#8221;middle&#8221; scene_position=&#8221;center&#8221; text_color=&#8221;dark&#8221; text_align=&#8221;left&#8221; overlay_strength=&#8221;0.3&#8243; shape_divider_position=&#8221;bottom&#8221;][vc_column column_padding=&#8221;no-extra-padding&#8221; column_padding_position=&#8221;all&#8221; background_color_opacity=&#8221;1&#8243; background_hover_color_opacity=&#8221;1&#8243; column_link_target=&#8221;_self&#8221; column_shadow=&#8221;none&#8221; column_border_radius=&#8221;none&#8221; width=&#8221;1\/1&#8243; tablet_width_inherit=&#8221;default&#8221; tablet_text_alignment=&#8221;default&#8221; phone_text_alignment=&#8221;default&#8221; column_border_width=&#8221;none&#8221; column_border_style=&#8221;solid&#8221;][divider line_type=&#8221;No Line&#8221;][\/vc_column][\/vc_row][vc_row type=&#8221;in_container&#8221; full_screen_row_position=&#8221;middle&#8221; scene_position=&#8221;center&#8221; text_color=&#8221;dark&#8221; text_align=&#8221;left&#8221; overlay_strength=&#8221;0.3&#8243; shape_divider_position=&#8221;bottom&#8221;][vc_column column_padding=&#8221;no-extra-padding&#8221; column_padding_position=&#8221;all&#8221; background_color_opacity=&#8221;1&#8243; background_hover_color_opacity=&#8221;1&#8243; column_link_target=&#8221;_self&#8221; column_shadow=&#8221;none&#8221; column_border_radius=&#8221;none&#8221; width=&#8221;1\/1&#8243; tablet_width_inherit=&#8221;default&#8221; tablet_text_alignment=&#8221;default&#8221; phone_text_alignment=&#8221;default&#8221; column_border_width=&#8221;none&#8221; column_border_style=&#8221;solid&#8221;][vc_column_text]\n<h3><span style=\"color: #333300;\"><strong>Tura p\u00e5 riktigt<\/strong><\/span><\/h3>\n<p>Att tura med Sundsbussarna \u00e4r att tura p\u00e5 riktigt. Du k\u00e4nner Sundets r\u00f6relser och doft, l\u00e5ter dig f\u00f6rtjusas av den vackra utsikten ackompanjerad av salta st\u00e4nk. En smakupplevelse v\u00e4ntar i baren, omgiven av v\u00e4nner. Att tura \u00e4r en upplevelse f\u00f6r alla sinnen, att tura \u00e4r att leva.[\/vc_column_text][vc_column_text]\n<h3><span style=\"color: #333300;\"><strong>Tura &#8211; s\u00e5 g\u00e5r det till<\/strong><\/span><\/h3>\n<h4>Ingredienser<\/h4>\n<ul>\n<li>Ett Helsingborg<\/li>\n<li>Ett Helsing\u00f6r<\/li>\n<li>Ett \u00d6resund<\/li>\n<li>En Sundsbuss (M\/S Pernille eller M\/S Jeppe)<\/li>\n<li>Valfri m\u00e4ngd mat och dryck (sm\u00f8rrebr\u00f8d, p\u00f8lser och drycker finns i v\u00e5r bar)<\/li>\n<li>En nypa glatt hum\u00f6r (var inte r\u00e4dd f\u00f6r att \u00f6verdosera)<\/li>\n<\/ul>\n[\/vc_column_text][vc_column_text]\n<h4>G\u00f6r s\u00e5 h\u00e4r:<\/h4>\n<p>K\u00f6p en biljett i Helsingborgsterminalen och kliv ombord p\u00e5 Sundbussen. G\u00e5 till baren och k\u00f6p proviant efter hunger och smak, b\u00e4nka dig sedan i n\u00e5gon av salongerna eller p\u00e5 sold\u00e4ck. Sitt d\u00e4r och njut av resan medan du mumsar. N\u00e4r Helsing\u00f6r n\u00e4rmar sig \u2013 sitt lugnt i b\u00e5ten.<\/p>\n<p>Det \u00e4r n\u00e4mligen h\u00e4r turan skiljer sig fr\u00e5n en vanlig b\u00e5tresa: du stannar kvar ombord! Och \u00e5ker tillbaka igen! Skulle du inte vara m\u00e4tt och n\u00f6jd n\u00e4r du \u00e4r tillbaka i Helsingborg \u2013 ta en v\u00e4nda till.[\/vc_column_text][\/vc_column][\/vc_row][vc_row type=&#8221;in_container&#8221; full_screen_row_position=&#8221;middle&#8221; scene_position=&#8221;center&#8221; text_color=&#8221;dark&#8221; text_align=&#8221;left&#8221; overlay_strength=&#8221;0.3&#8243; shape_divider_position=&#8221;bottom&#8221;][vc_column column_padding=&#8221;no-extra-padding&#8221; column_padding_position=&#8221;all&#8221; background_color_opacity=&#8221;1&#8243; background_hover_color_opacity=&#8221;1&#8243; column_link_target=&#8221;_self&#8221; column_shadow=&#8221;none&#8221; column_border_radius=&#8221;none&#8221; width=&#8221;1\/1&#8243; tablet_width_inherit=&#8221;default&#8221; tablet_text_alignment=&#8221;default&#8221; phone_text_alignment=&#8221;default&#8221; column_border_width=&#8221;none&#8221; column_border_style=&#8221;solid&#8221;][vc_column_text]\n<h3><span style=\"color: #333300;\">Turandets historia<\/span><\/h3>\n<p>Uttrycket tura har sitt ursprung i Helsingborg och \u00e4r ett v\u00e4ldigt lokalt fenomen. Vem som myntade det \u00e4r oklart men det b\u00f6rjade anv\u00e4ndas i b\u00f6rjan av 1950-talet. Efter andra v\u00e4rldskriget \u00f6kade passagerartrafiken mellan Helsingborg och Helsing\u00f6r stadigt och 1958 s\u00e5g rederiet Sundbusserne dagens ljus, l\u00e4s g\u00e4rna mer om <a href=\"https:\/\/sundbusserne.dk\/sv\/sundsbussarna\/historie\/\" target=\"_blank\" rel=\"noopener noreferrer\">v\u00e5r historia h\u00e4r.<\/a><\/p>\n<p>Att ta b\u00e5ten mellan Helsingborg och Helsing\u00f6r d\u00e4r sundet \u00e4r som smalast, den s\u00e5 kallade HH-leden, har man dock gjort i sekler. Enligt Helsingborgs Stads privilegiebrev anno 1414 skulle stadens borgerskap tillhandah\u00e5lla f\u00e4rjor mellan staden och Sj\u00e4lland, vilket fortsatte under l\u00e5ng tid. B\u00e5ttrafiken sk\u00f6ttes d\u00e5 av en grupp f\u00e4rjem\u00e4n och deras F\u00e4rjemanslag, men p\u00e5 1500-talet r\u00e4ckte inte l\u00e4ngre deras tv\u00e5 f\u00e4rjor \u2013 det var s\u00e5 mycket boskap som tog upp platsen \u2013 s\u00e5 b\u00e5de f\u00e4rjem\u00e4n i Helsing\u00f6r och &#8217;frilansare&#8217; fick d\u00e5 tillhandah\u00e5lla b\u00e5tar. S\u00e4rskilt mycket b\u00e5ttrafik var det under tiden Sk\u00e5ne var danskt, allts\u00e5 fram till 1658, sedan blev handelsrelationerna n\u00e5got frostiga, kan man ana.<\/p>\n<p>Omkring 1800 b\u00f6rjade man k\u00f6ra lite st\u00f6rre b\u00e5tar p\u00e5 HH-leden och s\u00e5 sm\u00e5ningom b\u00f6rjade man ta med privata passagerare. 1832 byggdes en ny hamn i Helsingborg och \u00e5ngfartygen gjorde entr\u00e9, som hjul\u00e5ngaren Maria 1836 \u2013 vilket ocks\u00e5 blev b\u00f6rjan till slutet f\u00f6r F\u00e4rjemanslaget.<\/p>\n<p>Sedan f\u00f6ljde hjul\u00e5ngarna Hamlet, Ofelia och Horatio samt \u00e5ngfartyget S\/S Helsingborg. 1892 invigdes den f\u00f6rsta t\u00e5gf\u00e4rjeleden med f\u00e4rjan Kronprinsesse Louise och med henne b\u00f6rjade sundet trafikeras i allt h\u00f6gre grad.[\/vc_column_text][image_with_animation image_url=&#8221;22894&#8243; alignment=&#8221;&#8221; animation=&#8221;Fade In&#8221; border_radius=&#8221;none&#8221; box_shadow=&#8221;none&#8221; max_width=&#8221;100%&#8221;][vc_column_text]<em>Bild av: Kulturdatabasen Carlotta<\/em>[\/vc_column_text][\/vc_column][\/vc_row]\n","protected":false},"excerpt":{"rendered":"<p>[vc_row type=&#8221;full_width_background&#8221; full_screen_row_position=&#8221;middle&#8221; bg_image=&#8221;1430&#8243; bg_position=&#8221;left top&#8221; bg_repeat=&#8221;no-repeat&#8221; scene_position=&#8221;center&#8221; text_color=&#8221;dark&#8221; text_align=&#8221;center&#8221; top_padding=&#8221;10%&#8221; bottom_padding=&#8221;8%&#8221; enable_gradient=&#8221;true&#8221; color_overlay=&#8221;#0055a5&#8243; color_overlay_2=&#8221;#0055a5&#8243; gradient_direction=&#8221;left_to_right&#8221; overlay_strength=&#8221;0.8&#8243; enable_shape_divider=&#8221;true&#8221; shape_divider_position=&#8221;bottom&#8221; shape_type=&#8221;curve_opacity&#8221;][vc_column column_padding=&#8221;no-extra-padding&#8221; column_padding_position=&#8221;all&#8221; background_color_opacity=&#8221;1&#8243; background_hover_color_opacity=&#8221;1&#8243; column_link_target=&#8221;_self&#8221; column_shadow=&#8221;none&#8221; column_border_radius=&#8221;none&#8221; width=&#8221;1\/1&#8243; tablet_width_inherit=&#8221;default&#8221; tablet_text_alignment=&#8221;default&#8221;&#8230;<\/p>\n","protected":false},"author":36,"featured_media":0,"parent":0,"menu_order":0,"comment_status":"closed","ping_status":"closed","template":"","meta":{"_acf_changed":false,"footnotes":""},"class_list":["post-22891","page","type-page","status-publish"],"acf":[],"yoast_head":"<!-- This site is optimized with the Yoast SEO plugin v23.9 - https:\/\/yoast.com\/wordpress\/plugins\/seo\/ -->\n<title>Tura - s\u00e5 g\u00e5r det till - Sundbusserne<\/title>\n<meta name=\"description\" content=\"Har du pr\u00f6vat en &#039;tura&#039;? Tura \u00e4r att stannar kvar ombord, ist\u00e4llet f\u00f6r att g\u00e5 av i hamn. Varf\u00f6r? F\u00f6r att njuta av resan, maten, s\u00e4llskapet - l\u00e4ngre.\" \/>\n<meta name=\"robots\" content=\"index, follow, max-snippet:-1, max-image-preview:large, max-video-preview:-1\" \/>\n<link rel=\"canonical\" href=\"https:\/\/sundbusserne.dk\/sv\/tura-saa-gaar-det-till\/\" \/>\n<meta property=\"og:locale\" content=\"sv_SE\" \/>\n<meta property=\"og:type\" content=\"article\" \/>\n<meta property=\"og:title\" content=\"Tura - s\u00e5 g\u00e5r det till - Sundbusserne\" \/>\n<meta property=\"og:description\" content=\"Har du pr\u00f6vat en &#039;tura&#039;? Tura \u00e4r att stannar kvar ombord, ist\u00e4llet f\u00f6r att g\u00e5 av i hamn. Varf\u00f6r? F\u00f6r att njuta av resan, maten, s\u00e4llskapet - l\u00e4ngre.\" \/>\n<meta property=\"og:url\" content=\"https:\/\/sundbusserne.dk\/sv\/tura-saa-gaar-det-till\/\" \/>\n<meta property=\"og:site_name\" content=\"Sundbusserne\" \/>\n<meta property=\"article:publisher\" content=\"https:\/\/www.facebook.com\/sundbusserne\/\" \/>\n<meta property=\"article:modified_time\" content=\"2022-01-07T15:51:24+00:00\" \/>\n<meta name=\"twitter:card\" content=\"summary_large_image\" \/>\n<meta name=\"twitter:label1\" content=\"Ber\u00e4knad l\u00e4stid\" \/>\n\t<meta name=\"twitter:data1\" content=\"5 minuter\" \/>\n<script type=\"application\/ld+json\" class=\"yoast-schema-graph\">{\"@context\":\"https:\/\/schema.org\",\"@graph\":[{\"@type\":\"WebPage\",\"@id\":\"https:\/\/sundbusserne.dk\/sv\/tura-saa-gaar-det-till\/\",\"url\":\"https:\/\/sundbusserne.dk\/sv\/tura-saa-gaar-det-till\/\",\"name\":\"Tura - s\u00e5 g\u00e5r det till - Sundbusserne\",\"isPartOf\":{\"@id\":\"https:\/\/sundbusserne.dk\/sv\/#website\"},\"datePublished\":\"2020-07-02T10:36:16+00:00\",\"dateModified\":\"2022-01-07T15:51:24+00:00\",\"description\":\"Har du pr\u00f6vat en 'tura'? Tura \u00e4r att stannar kvar ombord, ist\u00e4llet f\u00f6r att g\u00e5 av i hamn. Varf\u00f6r? F\u00f6r att njuta av resan, maten, s\u00e4llskapet - l\u00e4ngre.\",\"breadcrumb\":{\"@id\":\"https:\/\/sundbusserne.dk\/sv\/tura-saa-gaar-det-till\/#breadcrumb\"},\"inLanguage\":\"sv-SE\",\"potentialAction\":[{\"@type\":\"ReadAction\",\"target\":[\"https:\/\/sundbusserne.dk\/sv\/tura-saa-gaar-det-till\/\"]}]},{\"@type\":\"BreadcrumbList\",\"@id\":\"https:\/\/sundbusserne.dk\/sv\/tura-saa-gaar-det-till\/#breadcrumb\",\"itemListElement\":[{\"@type\":\"ListItem\",\"position\":1,\"name\":\"Hjem\",\"item\":\"https:\/\/sundbusserne.dk\/sv\/\"},{\"@type\":\"ListItem\",\"position\":2,\"name\":\"Tura &#8211; s\u00e5 g\u00e5r det till\"}]},{\"@type\":\"WebSite\",\"@id\":\"https:\/\/sundbusserne.dk\/sv\/#website\",\"url\":\"https:\/\/sundbusserne.dk\/sv\/\",\"name\":\"Sundbusserne\",\"description\":\"Hyggeligste tur over \u00d8resund\",\"publisher\":{\"@id\":\"https:\/\/sundbusserne.dk\/sv\/#organization\"},\"potentialAction\":[{\"@type\":\"SearchAction\",\"target\":{\"@type\":\"EntryPoint\",\"urlTemplate\":\"https:\/\/sundbusserne.dk\/sv\/?s={search_term_string}\"},\"query-input\":{\"@type\":\"PropertyValueSpecification\",\"valueRequired\":true,\"valueName\":\"search_term_string\"}}],\"inLanguage\":\"sv-SE\"},{\"@type\":\"Organization\",\"@id\":\"https:\/\/sundbusserne.dk\/sv\/#organization\",\"name\":\"Sundbusserne\",\"url\":\"https:\/\/sundbusserne.dk\/sv\/\",\"logo\":{\"@type\":\"ImageObject\",\"inLanguage\":\"sv-SE\",\"@id\":\"https:\/\/sundbusserne.dk\/sv\/#\/schema\/logo\/image\/\",\"url\":\"https:\/\/sundbusserne.dk\/wp-content\/uploads\/2018\/10\/logo_mtxt.png\",\"contentUrl\":\"https:\/\/sundbusserne.dk\/wp-content\/uploads\/2018\/10\/logo_mtxt.png\",\"width\":482,\"height\":359,\"caption\":\"Sundbusserne\"},\"image\":{\"@id\":\"https:\/\/sundbusserne.dk\/sv\/#\/schema\/logo\/image\/\"},\"sameAs\":[\"https:\/\/www.facebook.com\/sundbusserne\/\"]}]}<\/script>\n<!-- \/ Yoast SEO plugin. -->","yoast_head_json":{"title":"Tura - s\u00e5 g\u00e5r det till - Sundbusserne","description":"Har du pr\u00f6vat en 'tura'? Tura \u00e4r att stannar kvar ombord, ist\u00e4llet f\u00f6r att g\u00e5 av i hamn. Varf\u00f6r? F\u00f6r att njuta av resan, maten, s\u00e4llskapet - l\u00e4ngre.","robots":{"index":"index","follow":"follow","max-snippet":"max-snippet:-1","max-image-preview":"max-image-preview:large","max-video-preview":"max-video-preview:-1"},"canonical":"https:\/\/sundbusserne.dk\/sv\/tura-saa-gaar-det-till\/","og_locale":"sv_SE","og_type":"article","og_title":"Tura - s\u00e5 g\u00e5r det till - Sundbusserne","og_description":"Har du pr\u00f6vat en 'tura'? Tura \u00e4r att stannar kvar ombord, ist\u00e4llet f\u00f6r att g\u00e5 av i hamn. Varf\u00f6r? F\u00f6r att njuta av resan, maten, s\u00e4llskapet - l\u00e4ngre.","og_url":"https:\/\/sundbusserne.dk\/sv\/tura-saa-gaar-det-till\/","og_site_name":"Sundbusserne","article_publisher":"https:\/\/www.facebook.com\/sundbusserne\/","article_modified_time":"2022-01-07T15:51:24+00:00","twitter_card":"summary_large_image","twitter_misc":{"Ber\u00e4knad l\u00e4stid":"5 minuter"},"schema":{"@context":"https:\/\/schema.org","@graph":[{"@type":"WebPage","@id":"https:\/\/sundbusserne.dk\/sv\/tura-saa-gaar-det-till\/","url":"https:\/\/sundbusserne.dk\/sv\/tura-saa-gaar-det-till\/","name":"Tura - s\u00e5 g\u00e5r det till - Sundbusserne","isPartOf":{"@id":"https:\/\/sundbusserne.dk\/sv\/#website"},"datePublished":"2020-07-02T10:36:16+00:00","dateModified":"2022-01-07T15:51:24+00:00","description":"Har du pr\u00f6vat en 'tura'? Tura \u00e4r att stannar kvar ombord, ist\u00e4llet f\u00f6r att g\u00e5 av i hamn. Varf\u00f6r? F\u00f6r att njuta av resan, maten, s\u00e4llskapet - l\u00e4ngre.","breadcrumb":{"@id":"https:\/\/sundbusserne.dk\/sv\/tura-saa-gaar-det-till\/#breadcrumb"},"inLanguage":"sv-SE","potentialAction":[{"@type":"ReadAction","target":["https:\/\/sundbusserne.dk\/sv\/tura-saa-gaar-det-till\/"]}]},{"@type":"BreadcrumbList","@id":"https:\/\/sundbusserne.dk\/sv\/tura-saa-gaar-det-till\/#breadcrumb","itemListElement":[{"@type":"ListItem","position":1,"name":"Hjem","item":"https:\/\/sundbusserne.dk\/sv\/"},{"@type":"ListItem","position":2,"name":"Tura &#8211; s\u00e5 g\u00e5r det till"}]},{"@type":"WebSite","@id":"https:\/\/sundbusserne.dk\/sv\/#website","url":"https:\/\/sundbusserne.dk\/sv\/","name":"Sundbusserne","description":"Hyggeligste tur over \u00d8resund","publisher":{"@id":"https:\/\/sundbusserne.dk\/sv\/#organization"},"potentialAction":[{"@type":"SearchAction","target":{"@type":"EntryPoint","urlTemplate":"https:\/\/sundbusserne.dk\/sv\/?s={search_term_string}"},"query-input":{"@type":"PropertyValueSpecification","valueRequired":true,"valueName":"search_term_string"}}],"inLanguage":"sv-SE"},{"@type":"Organization","@id":"https:\/\/sundbusserne.dk\/sv\/#organization","name":"Sundbusserne","url":"https:\/\/sundbusserne.dk\/sv\/","logo":{"@type":"ImageObject","inLanguage":"sv-SE","@id":"https:\/\/sundbusserne.dk\/sv\/#\/schema\/logo\/image\/","url":"https:\/\/sundbusserne.dk\/wp-content\/uploads\/2018\/10\/logo_mtxt.png","contentUrl":"https:\/\/sundbusserne.dk\/wp-content\/uploads\/2018\/10\/logo_mtxt.png","width":482,"height":359,"caption":"Sundbusserne"},"image":{"@id":"https:\/\/sundbusserne.dk\/sv\/#\/schema\/logo\/image\/"},"sameAs":["https:\/\/www.facebook.com\/sundbusserne\/"]}]}},"publishpress_future_action":{"enabled":false,"date":"2026-04-29 10:47:14","action":"change-status","newStatus":"draft","terms":[],"taxonomy":"translation_priority"},"_links":{"self":[{"href":"https:\/\/sundbusserne.dk\/sv\/wp-json\/wp\/v2\/pages\/22891","targetHints":{"allow":["GET"]}}],"collection":[{"href":"https:\/\/sundbusserne.dk\/sv\/wp-json\/wp\/v2\/pages"}],"about":[{"href":"https:\/\/sundbusserne.dk\/sv\/wp-json\/wp\/v2\/types\/page"}],"author":[{"embeddable":true,"href":"https:\/\/sundbusserne.dk\/sv\/wp-json\/wp\/v2\/users\/36"}],"replies":[{"embeddable":true,"href":"https:\/\/sundbusserne.dk\/sv\/wp-json\/wp\/v2\/comments?post=22891"}],"version-history":[{"count":0,"href":"https:\/\/sundbusserne.dk\/sv\/wp-json\/wp\/v2\/pages\/22891\/revisions"}],"wp:attachment":[{"href":"https:\/\/sundbusserne.dk\/sv\/wp-json\/wp\/v2\/media?parent=22891"}],"curies":[{"name":"wp","href":"https:\/\/api.w.org\/{rel}","templated":true}]}}